{"id":1710,"date":"2018-10-02T16:05:09","date_gmt":"2018-10-02T13:05:09","guid":{"rendered":"http:\/\/jaaaeg.ee\/?page_id=1710"},"modified":"2024-09-04T12:58:23","modified_gmt":"2024-09-04T09:58:23","slug":"educational-institution","status":"publish","type":"page","link":"https:\/\/jaaaeg.ee\/en\/educational-institution\/","title":{"rendered":"Educational institution"},"content":{"rendered":"<div class=\"vce-row-container\" data-vce-boxed-width=\"true\"><div class=\"vce-row vce-row--col-gap-30 vce-row-equal-height vce-row-content--top\" id=\"el-f1c15e8c\" data-vce-do-apply=\"all el-f1c15e8c\"><div class=\"vce-row-content\" data-vce-element-content=\"true\"><div class=\"vce-col vce-col--md-auto vce-col--xs-1 vce-col--xs-last vce-col--xs-first vce-col--sm-last vce-col--sm-first vce-col--md-last vce-col--lg-last vce-col--xl-last vce-col--md-first vce-col--lg-first vce-col--xl-first\" id=\"el-d6691a7c\"><div class=\"vce-col-inner\" data-vce-do-apply=\"border margin background  el-d6691a7c\"><div class=\"vce-col-content\" data-vce-element-content=\"true\" data-vce-do-apply=\"padding el-d6691a7c\"><div class=\"vce-text-block\"><div class=\"vce-text-block-wrapper vce\" id=\"el-bf93cf0d\" data-vce-do-apply=\"all el-bf93cf0d\"><p><!--vcv no format--><\/p>\n<div class=\"vce-row-container\">\n<div id=\"el-cacb18dc\" class=\"vce-row vce-row--col-gap-30 vce-row-columns--top vce-row-content--top\" data-vce-do-apply=\"all el-cacb18dc\">\n<div class=\"vce-row-content\" data-vce-element-content=\"true\">\n<div id=\"el-a93cf29d\" class=\"vce-col vce-col--md-25p vce-col--xs-1 vce-col--xs-last vce-col--xs-first vce-col--sm-last vce-col--sm-first vce-col--md-first vce-col--lg-first vce-col--xl-first\" data-vce-do-apply=\"background border el-a93cf29d\">\n<div class=\"vce-col-inner\" data-vce-element-content=\"true\" data-vce-do-apply=\"padding margin el-a93cf29d\">\n<div class=\"vce-text-block\">\n<div id=\"el-634c7cd9\" class=\"vce-text-block-wrapper vce\" data-vce-do-apply=\"all el-634c7cd9\">\n<ul>\n<li class=\"fusion-li-item-content\">Nature education programs for students<\/li>\n<li class=\"fusion-li-item-content\">Environmental trainings for adults<\/li>\n<li class=\"fusion-li-item-content\">Recreational programs for everybody<\/li>\n<li class=\"fusion-li-item-content\">Raft trips on the Lake Saadj\u00e4rv<\/li>\n<\/ul>\n<p><strong>Information on programs and trainings info@jaaaeg.ee<\/strong><\/p>\n<\/div>\n<p>Ice Age Centre offers<strong> environmental active learning programs<\/strong> for interested people of all ages - from kindergarten groups to high school seniors.<\/p>\n<p>All study programs are designed with the aim of offering, in addition to book knowledge, the opportunity to see and touch what you have learned with your own eyes!<\/p>\n<p><strong>2,200 square meters of exhibition space is an ideal place for conducting active learning programs.<\/strong> The learning programs of the Ice Age Center are designed to help the teacher in dealing with school topics, using learning tools that cannot be used in school on a daily basis.<\/p>\n<\/div>\n<p>&nbsp;<\/p>\n<div class=\"vce-text-block\">\n<p><strong>The topics covered in the learning programs of the Ice Age Center are:<\/strong><\/p>\n<p><strong>geography<\/strong> <strong>geology<\/strong> <strong>climatology<\/strong> <strong>environmental protection<\/strong><\/p>\n<p>All our environmental education activities and study programs are closely related to the school curriculum.<\/p>\n<p>The prices of study programs apply to the group. The maximum group size is 25 students.<strong> On request, we also offer group catering.<\/strong><\/p>\n<p>NB! Ask for an offer corresponding to the number of participants at info@jaaaeg.ee or phone 5911 3318.<\/p>\n<\/div>\n<\/div>\n<\/div>\n<\/div>\n<\/div>\n<\/div>\n<p><!--vcv no format--><\/p><\/div><\/div><\/div><\/div><\/div><\/div><\/div><\/div><div class=\"vce-row-container\" data-vce-boxed-width=\"true\"><div class=\"vce-row vce-row--col-gap-30 vce-row-equal-height vce-row-content--top\" id=\"el-4a404736\" data-vce-do-apply=\"all el-4a404736\"><div class=\"vce-row-content\" data-vce-element-content=\"true\"><div class=\"vce-col vce-col--md-auto vce-col--xs-1 vce-col--xs-last vce-col--xs-first vce-col--sm-last vce-col--sm-first vce-col--md-last vce-col--lg-last vce-col--xl-last vce-col--md-first vce-col--lg-first vce-col--xl-first\" id=\"el-ccb12885\"><div class=\"vce-col-inner\" data-vce-do-apply=\"border margin background  el-ccb12885\"><div class=\"vce-col-content\" data-vce-element-content=\"true\" data-vce-do-apply=\"padding el-ccb12885\"><div class=\"vcv-row-control-wrapper\"><\/div><\/div><\/div><\/div><\/div><\/div><\/div><div class=\"vce-row-container\" data-vce-boxed-width=\"true\"><div class=\"vce-row vce-row--col-gap-30 vce-row-equal-height vce-row-content--top\" id=\"el-b3f717a9\" data-vce-do-apply=\"all el-b3f717a9\"><div class=\"vce-row-content\" data-vce-element-content=\"true\"><div class=\"vce-col vce-col--md-auto vce-col--xs-1 vce-col--xs-last vce-col--xs-first vce-col--sm-last vce-col--sm-first vce-col--md-last vce-col--lg-last vce-col--xl-last vce-col--md-first vce-col--lg-first vce-col--xl-first\" id=\"el-e689f62e\"><div class=\"vce-col-inner\" data-vce-do-apply=\"border margin background  el-e689f62e\"><div class=\"vce-col-content\" data-vce-element-content=\"true\" data-vce-do-apply=\"padding el-e689f62e\"><div class=\"vce-image-gallery vce-image-gallery--gap-10 vce-image-gallery--columns-3\"><div class=\"vce-image-gallery-wrapper vce\" id=\"el-453c73e6\" data-vce-do-apply=\"all el-453c73e6\"><div class=\"vce-image-gallery-list\"><div class=\"vce-image-gallery-item\"><figure class=\"vce-image-gallery-item-inner-wrapper\"><a href=\"https:\/\/jaaaeg.ee\/wp-content\/uploads\/2018\/09\/jarveprogramm_KBeljaev-44-scaled.jpg\" data-lightbox=\"lightbox-453c73e6\" class=\"vce-image-gallery-item-inner\"><img decoding=\"async\" class=\"vce-image-gallery-img\" src=\"https:\/\/jaaaeg.ee\/wp-content\/uploads\/2018\/09\/jarveprogramm_KBeljaev-44-700x394.jpg\" alt=\"\" title=\"jarveprogramm_KBeljaev (44)\"><\/a><\/figure><\/div><div class=\"vce-image-gallery-item\"><figure class=\"vce-image-gallery-item-inner-wrapper\"><a href=\"https:\/\/jaaaeg.ee\/wp-content\/uploads\/2018\/09\/jarveprogramm_KBeljaev-32-scaled.jpg\" data-lightbox=\"lightbox-453c73e6\" class=\"vce-image-gallery-item-inner\"><img decoding=\"async\" class=\"vce-image-gallery-img\" src=\"https:\/\/jaaaeg.ee\/wp-content\/uploads\/2018\/09\/jarveprogramm_KBeljaev-32-700x394.jpg\" alt=\"\" title=\"jarveprogramm_KBeljaev (32)\"><\/a><\/figure><\/div><div class=\"vce-image-gallery-item\"><figure class=\"vce-image-gallery-item-inner-wrapper\"><a href=\"https:\/\/jaaaeg.ee\/wp-content\/uploads\/2024\/05\/20240522_153752-scaled.jpg\" data-lightbox=\"lightbox-453c73e6\" class=\"vce-image-gallery-item-inner\"><img decoding=\"async\" class=\"vce-image-gallery-img\" src=\"https:\/\/jaaaeg.ee\/wp-content\/uploads\/2024\/05\/20240522_153752-700x394.jpg\" alt=\"\" title=\"20240522_153752\"><\/a><\/figure><\/div><div class=\"vce-image-gallery-item\"><figure class=\"vce-image-gallery-item-inner-wrapper\"><a href=\"https:\/\/jaaaeg.ee\/wp-content\/uploads\/2018\/09\/jarveprogramm_KBeljaev-71-scaled.jpg\" data-lightbox=\"lightbox-453c73e6\" class=\"vce-image-gallery-item-inner\"><img decoding=\"async\" class=\"vce-image-gallery-img\" src=\"https:\/\/jaaaeg.ee\/wp-content\/uploads\/2018\/09\/jarveprogramm_KBeljaev-71-700x394.jpg\" alt=\"\" title=\"jarveprogramm_KBeljaev (71)\"><\/a><\/figure><\/div><div class=\"vce-image-gallery-item\"><figure class=\"vce-image-gallery-item-inner-wrapper\"><a href=\"https:\/\/jaaaeg.ee\/wp-content\/uploads\/2022\/08\/JK_porandamang_Beljaev-1.jpg\" data-lightbox=\"lightbox-453c73e6\" class=\"vce-image-gallery-item-inner\"><img decoding=\"async\" class=\"vce-image-gallery-img\" src=\"https:\/\/jaaaeg.ee\/wp-content\/uploads\/2022\/08\/JK_porandamang_Beljaev-1-700x525.jpg\" alt=\"\" title=\"JK_p\u00f5randam\u00e4ng_Beljaev\"><\/a><\/figure><\/div><div class=\"vce-image-gallery-item\"><figure class=\"vce-image-gallery-item-inner-wrapper\"><a href=\"https:\/\/jaaaeg.ee\/wp-content\/uploads\/2022\/08\/SSepp_varvimissein-scaled.jpg\" data-lightbox=\"lightbox-453c73e6\" class=\"vce-image-gallery-item-inner\"><img decoding=\"async\" class=\"vce-image-gallery-img\" src=\"https:\/\/jaaaeg.ee\/wp-content\/uploads\/2022\/08\/SSepp_varvimissein-700x471.jpg\" alt=\"\" title=\"SSepp_v\u00e4rvimissein\"><\/a><\/figure><\/div><\/div><\/div><\/div><\/div><\/div><\/div><\/div><\/div><\/div>","protected":false},"excerpt":{"rendered":"Nature education programs for students Environmental trainings for adults Recreational programs for everybody Raft trips on the Lake Saadj\u00e4rv Information on programs and trainings info@jaaaeg.ee Ice Age Centre offers environmental active learning programs for interested people of all ages &#8211; from kindergarten groups to high school seniors. All study programs are designed with the aim&#8230; <a class=\"view-article\" href=\"https:\/\/jaaaeg.ee\/en\/educational-institution\/\">Read more<\/a>","protected":false},"author":1,"featured_media":473,"parent":0,"menu_order":274,"comment_status":"closed","ping_status":"closed","template":"template-sidebar.php","meta":{"_acf_changed":false,"ngg_post_thumbnail":0,"footnotes":""},"class_list":["post-1710","page","type-page","status-publish","has-post-thumbnail","hentry"],"acf":[],"yoast_head":"<!-- This site is optimized with the Yoast SEO plugin v27.4 - https:\/\/yoast.com\/product\/yoast-seo-wordpress\/ -->\n<title>Educational institution - J\u00e4\u00e4aja Keskus<\/title>\n<meta name=\"robots\" content=\"index, follow, max-snippet:-1, max-image-preview:large, max-video-preview:-1\" \/>\n<link rel=\"canonical\" href=\"https:\/\/jaaaeg.ee\/en\/educational-institution\/\" \/>\n<meta property=\"og:locale\" content=\"en_US\" \/>\n<meta property=\"og:type\" content=\"article\" \/>\n<meta property=\"og:title\" content=\"Educational institution - J\u00e4\u00e4aja Keskus\" \/>\n<meta property=\"og:description\" content=\"Nature education programs for students Environmental trainings for adults Recreational programs for everybody Raft trips on the Lake Saadj\u00e4rv Information on programs and trainings info@jaaaeg.ee Ice Age Centre offers environmental active learning programs for interested people of all ages - from kindergarten groups to high school seniors. All study programs are designed with the aim... Read more\" \/>\n<meta property=\"og:url\" content=\"https:\/\/jaaaeg.ee\/en\/educational-institution\/\" \/>\n<meta property=\"og:site_name\" content=\"J\u00e4\u00e4aja Keskus\" \/>\n<meta property=\"article:publisher\" content=\"https:\/\/www.facebook.com\/JaaajaKeskus\/\" \/>\n<meta property=\"article:modified_time\" content=\"2024-09-04T09:58:23+00:00\" \/>\n<meta property=\"og:image\" content=\"https:\/\/jaaaeg.ee\/wp-content\/uploads\/2018\/09\/lapsed_r\u00e4ndkivid.jpg\" \/>\n\t<meta property=\"og:image:width\" content=\"2048\" \/>\n\t<meta property=\"og:image:height\" content=\"1365\" \/>\n\t<meta property=\"og:image:type\" content=\"image\/jpeg\" \/>\n<meta name=\"twitter:card\" content=\"summary_large_image\" \/>\n<meta name=\"twitter:label1\" content=\"Est. reading time\" \/>\n\t<meta name=\"twitter:data1\" content=\"2 minutes\" \/>\n<script type=\"application\/ld+json\" class=\"yoast-schema-graph\">{\"@context\":\"https:\\\/\\\/schema.org\",\"@graph\":[{\"@type\":\"WebPage\",\"@id\":\"https:\\\/\\\/jaaaeg.ee\\\/en\\\/educational-institution\\\/\",\"url\":\"https:\\\/\\\/jaaaeg.ee\\\/en\\\/educational-institution\\\/\",\"name\":\"Educational institution - J\u00e4\u00e4aja Keskus\",\"isPartOf\":{\"@id\":\"https:\\\/\\\/jaaaeg.ee\\\/ru\\\/#website\"},\"primaryImageOfPage\":{\"@id\":\"https:\\\/\\\/jaaaeg.ee\\\/en\\\/educational-institution\\\/#primaryimage\"},\"image\":{\"@id\":\"https:\\\/\\\/jaaaeg.ee\\\/en\\\/educational-institution\\\/#primaryimage\"},\"thumbnailUrl\":\"https:\\\/\\\/jaaaeg.ee\\\/wp-content\\\/uploads\\\/2018\\\/09\\\/lapsed_r\u00e4ndkivid.jpg\",\"datePublished\":\"2018-10-02T13:05:09+00:00\",\"dateModified\":\"2024-09-04T09:58:23+00:00\",\"breadcrumb\":{\"@id\":\"https:\\\/\\\/jaaaeg.ee\\\/en\\\/educational-institution\\\/#breadcrumb\"},\"inLanguage\":\"en-US\",\"potentialAction\":[{\"@type\":\"ReadAction\",\"target\":[\"https:\\\/\\\/jaaaeg.ee\\\/en\\\/educational-institution\\\/\"]}]},{\"@type\":\"ImageObject\",\"inLanguage\":\"en-US\",\"@id\":\"https:\\\/\\\/jaaaeg.ee\\\/en\\\/educational-institution\\\/#primaryimage\",\"url\":\"https:\\\/\\\/jaaaeg.ee\\\/wp-content\\\/uploads\\\/2018\\\/09\\\/lapsed_r\u00e4ndkivid.jpg\",\"contentUrl\":\"https:\\\/\\\/jaaaeg.ee\\\/wp-content\\\/uploads\\\/2018\\\/09\\\/lapsed_r\u00e4ndkivid.jpg\",\"width\":2048,\"height\":1365,\"caption\":\"lapsed r\u00e4ndkivid\"},{\"@type\":\"BreadcrumbList\",\"@id\":\"https:\\\/\\\/jaaaeg.ee\\\/en\\\/educational-institution\\\/#breadcrumb\",\"itemListElement\":[{\"@type\":\"ListItem\",\"position\":1,\"name\":\"Home\",\"item\":\"https:\\\/\\\/jaaaeg.ee\\\/en\\\/\"},{\"@type\":\"ListItem\",\"position\":2,\"name\":\"Educational institution\"}]},{\"@type\":\"WebSite\",\"@id\":\"https:\\\/\\\/jaaaeg.ee\\\/ru\\\/#website\",\"url\":\"https:\\\/\\\/jaaaeg.ee\\\/ru\\\/\",\"name\":\"J\u00e4\u00e4aja Keskus\",\"description\":\"avastamisr\u00f5\u00f5m igas vanuses k\u00fclastajatele\",\"potentialAction\":[{\"@type\":\"SearchAction\",\"target\":{\"@type\":\"EntryPoint\",\"urlTemplate\":\"https:\\\/\\\/jaaaeg.ee\\\/ru\\\/?s={search_term_string}\"},\"query-input\":{\"@type\":\"PropertyValueSpecification\",\"valueRequired\":true,\"valueName\":\"search_term_string\"}}],\"inLanguage\":\"en-US\"}]}<\/script>\n<!-- \/ Yoast SEO plugin. -->","yoast_head_json":{"title":"Educational institution - J\u00e4\u00e4aja Keskus","robots":{"index":"index","follow":"follow","max-snippet":"max-snippet:-1","max-image-preview":"max-image-preview:large","max-video-preview":"max-video-preview:-1"},"canonical":"https:\/\/jaaaeg.ee\/en\/educational-institution\/","og_locale":"en_US","og_type":"article","og_title":"Educational institution - J\u00e4\u00e4aja Keskus","og_description":"Nature education programs for students Environmental trainings for adults Recreational programs for everybody Raft trips on the Lake Saadj\u00e4rv Information on programs and trainings info@jaaaeg.ee Ice Age Centre offers environmental active learning programs for interested people of all ages - from kindergarten groups to high school seniors. All study programs are designed with the aim... Read more","og_url":"https:\/\/jaaaeg.ee\/en\/educational-institution\/","og_site_name":"J\u00e4\u00e4aja Keskus","article_publisher":"https:\/\/www.facebook.com\/JaaajaKeskus\/","article_modified_time":"2024-09-04T09:58:23+00:00","og_image":[{"width":2048,"height":1365,"url":"https:\/\/jaaaeg.ee\/wp-content\/uploads\/2018\/09\/lapsed_r\u00e4ndkivid.jpg","type":"image\/jpeg"}],"twitter_card":"summary_large_image","twitter_misc":{"Est. reading time":"2 minutes"},"schema":{"@context":"https:\/\/schema.org","@graph":[{"@type":"WebPage","@id":"https:\/\/jaaaeg.ee\/en\/educational-institution\/","url":"https:\/\/jaaaeg.ee\/en\/educational-institution\/","name":"Educational institution - J\u00e4\u00e4aja Keskus","isPartOf":{"@id":"https:\/\/jaaaeg.ee\/ru\/#website"},"primaryImageOfPage":{"@id":"https:\/\/jaaaeg.ee\/en\/educational-institution\/#primaryimage"},"image":{"@id":"https:\/\/jaaaeg.ee\/en\/educational-institution\/#primaryimage"},"thumbnailUrl":"https:\/\/jaaaeg.ee\/wp-content\/uploads\/2018\/09\/lapsed_r\u00e4ndkivid.jpg","datePublished":"2018-10-02T13:05:09+00:00","dateModified":"2024-09-04T09:58:23+00:00","breadcrumb":{"@id":"https:\/\/jaaaeg.ee\/en\/educational-institution\/#breadcrumb"},"inLanguage":"en-US","potentialAction":[{"@type":"ReadAction","target":["https:\/\/jaaaeg.ee\/en\/educational-institution\/"]}]},{"@type":"ImageObject","inLanguage":"en-US","@id":"https:\/\/jaaaeg.ee\/en\/educational-institution\/#primaryimage","url":"https:\/\/jaaaeg.ee\/wp-content\/uploads\/2018\/09\/lapsed_r\u00e4ndkivid.jpg","contentUrl":"https:\/\/jaaaeg.ee\/wp-content\/uploads\/2018\/09\/lapsed_r\u00e4ndkivid.jpg","width":2048,"height":1365,"caption":"lapsed r\u00e4ndkivid"},{"@type":"BreadcrumbList","@id":"https:\/\/jaaaeg.ee\/en\/educational-institution\/#breadcrumb","itemListElement":[{"@type":"ListItem","position":1,"name":"Home","item":"https:\/\/jaaaeg.ee\/en\/"},{"@type":"ListItem","position":2,"name":"Educational institution"}]},{"@type":"WebSite","@id":"https:\/\/jaaaeg.ee\/ru\/#website","url":"https:\/\/jaaaeg.ee\/ru\/","name":"J\u00e4\u00e4aja Keskus","description":"avastamisr\u00f5\u00f5m igas vanuses k\u00fclastajatele","potentialAction":[{"@type":"SearchAction","target":{"@type":"EntryPoint","urlTemplate":"https:\/\/jaaaeg.ee\/ru\/?s={search_term_string}"},"query-input":{"@type":"PropertyValueSpecification","valueRequired":true,"valueName":"search_term_string"}}],"inLanguage":"en-US"}]}},"_links":{"self":[{"href":"https:\/\/jaaaeg.ee\/en\/wp-json\/wp\/v2\/pages\/1710","targetHints":{"allow":["GET"]}}],"collection":[{"href":"https:\/\/jaaaeg.ee\/en\/wp-json\/wp\/v2\/pages"}],"about":[{"href":"https:\/\/jaaaeg.ee\/en\/wp-json\/wp\/v2\/types\/page"}],"author":[{"embeddable":true,"href":"https:\/\/jaaaeg.ee\/en\/wp-json\/wp\/v2\/users\/1"}],"replies":[{"embeddable":true,"href":"https:\/\/jaaaeg.ee\/en\/wp-json\/wp\/v2\/comments?post=1710"}],"version-history":[{"count":10,"href":"https:\/\/jaaaeg.ee\/en\/wp-json\/wp\/v2\/pages\/1710\/revisions"}],"predecessor-version":[{"id":28483,"href":"https:\/\/jaaaeg.ee\/en\/wp-json\/wp\/v2\/pages\/1710\/revisions\/28483"}],"wp:featuredmedia":[{"embeddable":true,"href":"https:\/\/jaaaeg.ee\/en\/wp-json\/wp\/v2\/media\/473"}],"wp:attachment":[{"href":"https:\/\/jaaaeg.ee\/en\/wp-json\/wp\/v2\/media?parent=1710"}],"curies":[{"name":"wp","href":"https:\/\/api.w.org\/{rel}","templated":true}]}}