{"id":1576,"date":"2018-10-02T14:24:57","date_gmt":"2018-10-02T11:24:57","guid":{"rendered":"http:\/\/jaaaeg.ee\/?page_id=1576"},"modified":"2025-05-02T14:06:41","modified_gmt":"2025-05-02T11:06:41","slug":"raft-trips","status":"publish","type":"page","link":"https:\/\/jaaaeg.ee\/en\/raft-trips\/","title":{"rendered":"Raft trips"},"content":{"rendered":"<div class=\"vce-row-container\" data-vce-boxed-width=\"true\"><div class=\"vce-row vce-row--col-gap-30 vce-row-content--top\" id=\"el-4dfadd65\" data-vce-do-apply=\"all el-4dfadd65\"><div class=\"vce-row-content\" data-vce-element-content=\"true\"><div class=\"vce-col vce-col--md-100p vce-col--xs-1 vce-col--xs-last vce-col--xs-first vce-col--sm-last vce-col--sm-first vce-col--md-last vce-col--lg-last vce-col--xl-last vce-col--md-first vce-col--lg-first vce-col--xl-first\" id=\"el-c725aa21\"><div class=\"vce-col-inner\" data-vce-do-apply=\"border margin background  el-c725aa21\"><div class=\"vce-col-content\" data-vce-element-content=\"true\" data-vce-do-apply=\"padding el-c725aa21\"><div class=\"vce-text-block\"><div class=\"vce-text-block-wrapper vce\" id=\"el-316b2bd1\" data-vce-do-apply=\"all el-316b2bd1\"><div><p><!-- This site is optimized with the Yoast SEO plugin v19.4 - https:\/\/yoast.com\/wordpress\/plugins\/seo\/ --> <!-- Admin only notice: this page does not show a meta description because it does not have one, either write it for this page specifically or go into the [SEO - Search Appearance] menu and set up a template. --> <!-- \/ Yoast SEO plugin. --><noscript><\/p>\n<style>.vce-row-container .vcv-lozad {display: none}<\/style>\n<p><\/noscript><!-- This website uses the WP Call Button plugin to generate more leads. --><noscript><\/p>\n<style>.woocommerce-product-gallery{ opacity: 1 !important; }<\/style>\n<p><\/noscript><\/p><\/div><div><h3>The raft trip on Lake Saadj\u00e4rve offers magical nature scenery and exciting experiences. During summer (May until October) you can take <strong>shorter and longer trips on the beautiful Lake Saadj\u00e4rve from the Ice Age Centre<\/strong>. The raft is operated by our guides who tell exciting and fun stories about the nature of Lake Saadj\u00e4rve, the formation of Vooremaa and about the great deeds of our national hero Kalevipoeg.<\/h3><p>The raft is 13.5 meters long and 6 meters wide and fits up to 20 people. Raft is partially covered with a ceiling that protect from light rain and wind. It has tables and chairs.<\/p><p><strong>Additional information about raft trips:<\/strong><\/p><h2>You can book the raft in advance at info@jaaaeg.ee \/&nbsp; <a href=\"tel:+37259113318\"><b>5911 3318<\/b><\/a><\/h2><p><span style=\"color: #3366ff;\"><strong>NB!<\/strong><\/span> Please check the trip times from our administrator: <a href=\"mailto:info@jaaaeg.ee\">info@jaaaeg.ee<\/a> or <strong>+372 5911 3318<\/strong>. Raft trips take place <strong>when there are at least five passengers!&nbsp;<\/strong><\/p><p>If there are less passangers the price will be<\/p><p>25 \u20ac per trip.<\/p><h2><strong>Ticket:<\/strong> 5 \u20ac \/ person (free for children up to the age of 5)<\/h2><p><strong>Raft trip duration:<\/strong> 30 minutes<\/p><p>&nbsp;<\/p><p><strong>Raft can be booked in advance!<\/strong><\/p><p>It is also possible to celebrate events on the raft with catering and guided tour! Upon order the raft trip price is 65 \u20ac \/hour (up to 20 persons) or with guided tour 110\u20ac \/ h<span class=\"Y2IQFc\" lang=\"en\" style=\"font-family: inherit; font-weight: inherit; font-style: inherit;\"> .<\/span><\/p><h2><a href=\"http:\/\/jaaaeg.ee\/contact\/?lang=en\">Ask for an offer!<\/a><span id=\"cn-notice-buttons\" class=\"cn-buttons-container\"><a id=\"cn-accept-cookie\" class=\"cn-set-cookie cn-button\" style=\"background-color: #00a99d;\" href=\"#\" data-cookie-set=\"accept\" aria-label=\"N\u00f5ustun\"><\/a><\/span><span id=\"cn-close-notice\" class=\"cn-close-icon\" title=\"Ei n\u00f5ustu\" data-cookie-set=\"accept\"><\/span><\/h2><\/div><\/div><\/div><div class=\"vce-image-gallery vce-image-gallery--gap-10 vce-image-gallery--columns-3\"><div class=\"vce-image-gallery-wrapper vce\" id=\"el-b8d26057\" data-vce-do-apply=\"all el-b8d26057\"><div class=\"vce-image-gallery-list\"><div class=\"vce-image-gallery-item\"><figure class=\"vce-image-gallery-item-inner-wrapper\"><a href=\"https:\/\/jaaaeg.ee\/wp-content\/uploads\/2018\/10\/20220710_165921-scaled.jpg\" data-lightbox=\"lightbox-b8d26057\" class=\"vce-image-gallery-item-inner thickbox\"><img decoding=\"async\" class=\"vce-image-gallery-img\" src=\"https:\/\/jaaaeg.ee\/wp-content\/uploads\/2018\/10\/20220710_165921-700x525.jpg\" alt=\"20220710 165921 scaled\" title=\"20220710 165921 scaled\"><\/a><\/figure><\/div><div class=\"vce-image-gallery-item\"><figure class=\"vce-image-gallery-item-inner-wrapper\"><a href=\"https:\/\/jaaaeg.ee\/wp-content\/uploads\/2018\/10\/parv_2019-scaled.jpg\" data-lightbox=\"lightbox-b8d26057\" class=\"vce-image-gallery-item-inner thickbox\"><img decoding=\"async\" class=\"vce-image-gallery-img\" src=\"https:\/\/jaaaeg.ee\/wp-content\/uploads\/2018\/10\/parv_2019-700x525.jpg\" alt=\"parv 2019 scaled\" title=\"parv 2019 scaled\"><\/a><\/figure><\/div><div class=\"vce-image-gallery-item\"><figure class=\"vce-image-gallery-item-inner-wrapper\"><a href=\"https:\/\/jaaaeg.ee\/wp-content\/uploads\/2018\/10\/JK-Parv_Kadri-Valner_2023.jpg\" data-lightbox=\"lightbox-b8d26057\" class=\"vce-image-gallery-item-inner thickbox\"><img decoding=\"async\" class=\"vce-image-gallery-img\" src=\"https:\/\/jaaaeg.ee\/wp-content\/uploads\/2018\/10\/JK-Parv_Kadri-Valner_2023-700x525.jpg\" alt=\"JK Parv Kadri Valner 2023\" title=\"JK Parv Kadri Valner 2023\"><\/a><\/figure><\/div><div class=\"vce-image-gallery-item\"><figure class=\"vce-image-gallery-item-inner-wrapper\"><a href=\"https:\/\/jaaaeg.ee\/wp-content\/uploads\/2024\/06\/JK-Parv_Kadri-Valner_2023.jpg\" data-lightbox=\"lightbox-b8d26057\" class=\"vce-image-gallery-item-inner thickbox\"><img decoding=\"async\" class=\"vce-image-gallery-img\" src=\"https:\/\/jaaaeg.ee\/wp-content\/uploads\/2024\/06\/JK-Parv_Kadri-Valner_2023-700x525.jpg\" alt=\"JK Parv Kadri Valner 2023\" title=\"JK Parv Kadri Valner 2023\"><\/a><\/figure><\/div><div class=\"vce-image-gallery-item\"><figure class=\"vce-image-gallery-item-inner-wrapper\"><a href=\"https:\/\/jaaaeg.ee\/wp-content\/uploads\/2018\/10\/IMG_4594-scaled.jpg\" data-lightbox=\"lightbox-b8d26057\" class=\"vce-image-gallery-item-inner thickbox\"><img decoding=\"async\" class=\"vce-image-gallery-img\" src=\"https:\/\/jaaaeg.ee\/wp-content\/uploads\/2018\/10\/IMG_4594-700x440.jpg\" alt=\"IMG 4594 scaled\" title=\"IMG 4594 scaled\"><\/a><\/figure><\/div><div class=\"vce-image-gallery-item\"><figure class=\"vce-image-gallery-item-inner-wrapper\"><a href=\"https:\/\/jaaaeg.ee\/wp-content\/uploads\/2018\/10\/IMG_4606-scaled.jpg\" data-lightbox=\"lightbox-b8d26057\" class=\"vce-image-gallery-item-inner thickbox\"><img decoding=\"async\" class=\"vce-image-gallery-img\" src=\"https:\/\/jaaaeg.ee\/wp-content\/uploads\/2018\/10\/IMG_4606-700x467.jpg\" alt=\"IMG 4606 scaled\" title=\"IMG 4606 scaled\"><\/a><\/figure><\/div><\/div><\/div><\/div><\/div><\/div><\/div><\/div><\/div><\/div>\n","protected":false},"excerpt":{"rendered":"The raft trip on Lake Saadj\u00e4rve offers magical nature scenery and exciting experiences. During summer (May until October) you can take shorter and longer trips on the beautiful Lake Saadj\u00e4rve from the Ice Age Centre. The raft is operated by our guides who tell exciting and fun stories about the nature of Lake Saadj\u00e4rve, the&#8230; <a class=\"view-article\" href=\"https:\/\/jaaaeg.ee\/en\/raft-trips\/\">Read more<\/a>","protected":false},"author":1,"featured_media":16630,"parent":0,"menu_order":383,"comment_status":"closed","ping_status":"closed","template":"","meta":{"_acf_changed":false,"ngg_post_thumbnail":0,"footnotes":""},"class_list":["post-1576","page","type-page","status-publish","has-post-thumbnail","hentry"],"acf":[],"yoast_head":"<!-- This site is optimized with the Yoast SEO plugin v27.3 - https:\/\/yoast.com\/product\/yoast-seo-wordpress\/ -->\n<title>Raft trips - J\u00e4\u00e4aja Keskus<\/title>\n<meta name=\"robots\" content=\"index, follow, max-snippet:-1, max-image-preview:large, max-video-preview:-1\" \/>\n<link rel=\"canonical\" href=\"https:\/\/jaaaeg.ee\/en\/raft-trips\/\" \/>\n<meta property=\"og:locale\" content=\"en_US\" \/>\n<meta property=\"og:type\" content=\"article\" \/>\n<meta property=\"og:title\" content=\"Raft trips - J\u00e4\u00e4aja Keskus\" \/>\n<meta property=\"og:description\" content=\"The raft trip on Lake Saadj\u00e4rve offers magical nature scenery and exciting experiences. During summer (May until October) you can take shorter and longer trips on the beautiful Lake Saadj\u00e4rve from the Ice Age Centre. The raft is operated by our guides who tell exciting and fun stories about the nature of Lake Saadj\u00e4rve, the... Read more\" \/>\n<meta property=\"og:url\" content=\"https:\/\/jaaaeg.ee\/en\/raft-trips\/\" \/>\n<meta property=\"og:site_name\" content=\"J\u00e4\u00e4aja Keskus\" \/>\n<meta property=\"article:publisher\" content=\"https:\/\/www.facebook.com\/JaaajaKeskus\/\" \/>\n<meta property=\"article:modified_time\" content=\"2025-05-02T11:06:41+00:00\" \/>\n<meta property=\"og:image\" content=\"https:\/\/jaaaeg.ee\/wp-content\/uploads\/2018\/10\/DSC_1108-scaled.jpg\" \/>\n\t<meta property=\"og:image:width\" content=\"2560\" \/>\n\t<meta property=\"og:image:height\" content=\"1707\" \/>\n\t<meta property=\"og:image:type\" content=\"image\/jpeg\" \/>\n<meta name=\"twitter:card\" content=\"summary_large_image\" \/>\n<meta name=\"twitter:label1\" content=\"Est. reading time\" \/>\n\t<meta name=\"twitter:data1\" content=\"1 minute\" \/>\n<script type=\"application\/ld+json\" class=\"yoast-schema-graph\">{\"@context\":\"https:\\\/\\\/schema.org\",\"@graph\":[{\"@type\":\"WebPage\",\"@id\":\"https:\\\/\\\/jaaaeg.ee\\\/en\\\/raft-trips\\\/\",\"url\":\"https:\\\/\\\/jaaaeg.ee\\\/en\\\/raft-trips\\\/\",\"name\":\"Raft trips - J\u00e4\u00e4aja Keskus\",\"isPartOf\":{\"@id\":\"https:\\\/\\\/jaaaeg.ee\\\/ru\\\/#website\"},\"primaryImageOfPage\":{\"@id\":\"https:\\\/\\\/jaaaeg.ee\\\/en\\\/raft-trips\\\/#primaryimage\"},\"image\":{\"@id\":\"https:\\\/\\\/jaaaeg.ee\\\/en\\\/raft-trips\\\/#primaryimage\"},\"thumbnailUrl\":\"https:\\\/\\\/jaaaeg.ee\\\/wp-content\\\/uploads\\\/2018\\\/10\\\/DSC_1108-scaled.jpg\",\"datePublished\":\"2018-10-02T11:24:57+00:00\",\"dateModified\":\"2025-05-02T11:06:41+00:00\",\"breadcrumb\":{\"@id\":\"https:\\\/\\\/jaaaeg.ee\\\/en\\\/raft-trips\\\/#breadcrumb\"},\"inLanguage\":\"en-US\",\"potentialAction\":[{\"@type\":\"ReadAction\",\"target\":[\"https:\\\/\\\/jaaaeg.ee\\\/en\\\/raft-trips\\\/\"]}]},{\"@type\":\"ImageObject\",\"inLanguage\":\"en-US\",\"@id\":\"https:\\\/\\\/jaaaeg.ee\\\/en\\\/raft-trips\\\/#primaryimage\",\"url\":\"https:\\\/\\\/jaaaeg.ee\\\/wp-content\\\/uploads\\\/2018\\\/10\\\/DSC_1108-scaled.jpg\",\"contentUrl\":\"https:\\\/\\\/jaaaeg.ee\\\/wp-content\\\/uploads\\\/2018\\\/10\\\/DSC_1108-scaled.jpg\",\"width\":2560,\"height\":1707,\"caption\":\"DSC 1108 scaled\"},{\"@type\":\"BreadcrumbList\",\"@id\":\"https:\\\/\\\/jaaaeg.ee\\\/en\\\/raft-trips\\\/#breadcrumb\",\"itemListElement\":[{\"@type\":\"ListItem\",\"position\":1,\"name\":\"Home\",\"item\":\"https:\\\/\\\/jaaaeg.ee\\\/en\\\/\"},{\"@type\":\"ListItem\",\"position\":2,\"name\":\"Raft trips\"}]},{\"@type\":\"WebSite\",\"@id\":\"https:\\\/\\\/jaaaeg.ee\\\/ru\\\/#website\",\"url\":\"https:\\\/\\\/jaaaeg.ee\\\/ru\\\/\",\"name\":\"J\u00e4\u00e4aja Keskus\",\"description\":\"avastamisr\u00f5\u00f5m igas vanuses k\u00fclastajatele\",\"potentialAction\":[{\"@type\":\"SearchAction\",\"target\":{\"@type\":\"EntryPoint\",\"urlTemplate\":\"https:\\\/\\\/jaaaeg.ee\\\/ru\\\/?s={search_term_string}\"},\"query-input\":{\"@type\":\"PropertyValueSpecification\",\"valueRequired\":true,\"valueName\":\"search_term_string\"}}],\"inLanguage\":\"en-US\"}]}<\/script>\n<!-- \/ Yoast SEO plugin. -->","yoast_head_json":{"title":"Raft trips - J\u00e4\u00e4aja Keskus","robots":{"index":"index","follow":"follow","max-snippet":"max-snippet:-1","max-image-preview":"max-image-preview:large","max-video-preview":"max-video-preview:-1"},"canonical":"https:\/\/jaaaeg.ee\/en\/raft-trips\/","og_locale":"en_US","og_type":"article","og_title":"Raft trips - J\u00e4\u00e4aja Keskus","og_description":"The raft trip on Lake Saadj\u00e4rve offers magical nature scenery and exciting experiences. During summer (May until October) you can take shorter and longer trips on the beautiful Lake Saadj\u00e4rve from the Ice Age Centre. The raft is operated by our guides who tell exciting and fun stories about the nature of Lake Saadj\u00e4rve, the... Read more","og_url":"https:\/\/jaaaeg.ee\/en\/raft-trips\/","og_site_name":"J\u00e4\u00e4aja Keskus","article_publisher":"https:\/\/www.facebook.com\/JaaajaKeskus\/","article_modified_time":"2025-05-02T11:06:41+00:00","og_image":[{"width":2560,"height":1707,"url":"https:\/\/jaaaeg.ee\/wp-content\/uploads\/2018\/10\/DSC_1108-scaled.jpg","type":"image\/jpeg"}],"twitter_card":"summary_large_image","twitter_misc":{"Est. reading time":"1 minute"},"schema":{"@context":"https:\/\/schema.org","@graph":[{"@type":"WebPage","@id":"https:\/\/jaaaeg.ee\/en\/raft-trips\/","url":"https:\/\/jaaaeg.ee\/en\/raft-trips\/","name":"Raft trips - J\u00e4\u00e4aja Keskus","isPartOf":{"@id":"https:\/\/jaaaeg.ee\/ru\/#website"},"primaryImageOfPage":{"@id":"https:\/\/jaaaeg.ee\/en\/raft-trips\/#primaryimage"},"image":{"@id":"https:\/\/jaaaeg.ee\/en\/raft-trips\/#primaryimage"},"thumbnailUrl":"https:\/\/jaaaeg.ee\/wp-content\/uploads\/2018\/10\/DSC_1108-scaled.jpg","datePublished":"2018-10-02T11:24:57+00:00","dateModified":"2025-05-02T11:06:41+00:00","breadcrumb":{"@id":"https:\/\/jaaaeg.ee\/en\/raft-trips\/#breadcrumb"},"inLanguage":"en-US","potentialAction":[{"@type":"ReadAction","target":["https:\/\/jaaaeg.ee\/en\/raft-trips\/"]}]},{"@type":"ImageObject","inLanguage":"en-US","@id":"https:\/\/jaaaeg.ee\/en\/raft-trips\/#primaryimage","url":"https:\/\/jaaaeg.ee\/wp-content\/uploads\/2018\/10\/DSC_1108-scaled.jpg","contentUrl":"https:\/\/jaaaeg.ee\/wp-content\/uploads\/2018\/10\/DSC_1108-scaled.jpg","width":2560,"height":1707,"caption":"DSC 1108 scaled"},{"@type":"BreadcrumbList","@id":"https:\/\/jaaaeg.ee\/en\/raft-trips\/#breadcrumb","itemListElement":[{"@type":"ListItem","position":1,"name":"Home","item":"https:\/\/jaaaeg.ee\/en\/"},{"@type":"ListItem","position":2,"name":"Raft trips"}]},{"@type":"WebSite","@id":"https:\/\/jaaaeg.ee\/ru\/#website","url":"https:\/\/jaaaeg.ee\/ru\/","name":"J\u00e4\u00e4aja Keskus","description":"avastamisr\u00f5\u00f5m igas vanuses k\u00fclastajatele","potentialAction":[{"@type":"SearchAction","target":{"@type":"EntryPoint","urlTemplate":"https:\/\/jaaaeg.ee\/ru\/?s={search_term_string}"},"query-input":{"@type":"PropertyValueSpecification","valueRequired":true,"valueName":"search_term_string"}}],"inLanguage":"en-US"}]}},"_links":{"self":[{"href":"https:\/\/jaaaeg.ee\/en\/wp-json\/wp\/v2\/pages\/1576","targetHints":{"allow":["GET"]}}],"collection":[{"href":"https:\/\/jaaaeg.ee\/en\/wp-json\/wp\/v2\/pages"}],"about":[{"href":"https:\/\/jaaaeg.ee\/en\/wp-json\/wp\/v2\/types\/page"}],"author":[{"embeddable":true,"href":"https:\/\/jaaaeg.ee\/en\/wp-json\/wp\/v2\/users\/1"}],"replies":[{"embeddable":true,"href":"https:\/\/jaaaeg.ee\/en\/wp-json\/wp\/v2\/comments?post=1576"}],"version-history":[{"count":17,"href":"https:\/\/jaaaeg.ee\/en\/wp-json\/wp\/v2\/pages\/1576\/revisions"}],"predecessor-version":[{"id":31232,"href":"https:\/\/jaaaeg.ee\/en\/wp-json\/wp\/v2\/pages\/1576\/revisions\/31232"}],"wp:featuredmedia":[{"embeddable":true,"href":"https:\/\/jaaaeg.ee\/en\/wp-json\/wp\/v2\/media\/16630"}],"wp:attachment":[{"href":"https:\/\/jaaaeg.ee\/en\/wp-json\/wp\/v2\/media?parent=1576"}],"curies":[{"name":"wp","href":"https:\/\/api.w.org\/{rel}","templated":true}]}}