{"id":1550,"date":"2018-10-02T12:18:19","date_gmt":"2018-10-02T09:18:19","guid":{"rendered":"http:\/\/jaaaeg.ee\/?page_id=1550"},"modified":"2025-06-09T14:05:49","modified_gmt":"2025-06-09T11:05:49","slug":"room-rent","status":"publish","type":"page","link":"https:\/\/jaaaeg.ee\/en\/room-rent\/","title":{"rendered":"Room rent"},"content":{"rendered":"<div class=\"vce-row-container\" data-vce-boxed-width=\"true\"><div class=\"vce-row vce-row--col-gap-30 vce-row-content--top\" id=\"el-b8a35295\" data-vce-do-apply=\"all el-b8a35295\"><div class=\"vce-row-content\" data-vce-element-content=\"true\"><div class=\"vce-col vce-col--md-100p vce-col--xs-1 vce-col--xs-last vce-col--xs-first vce-col--sm-last vce-col--sm-first vce-col--md-last vce-col--lg-last vce-col--xl-last vce-col--md-first vce-col--lg-first vce-col--xl-first\" id=\"el-1e33b8c0\"><div class=\"vce-col-inner\" data-vce-do-apply=\"border margin background  el-1e33b8c0\"><div class=\"vce-col-content\" data-vce-element-content=\"true\" data-vce-do-apply=\"padding el-1e33b8c0\"><div class=\"vce-text-block\"><div class=\"vce-text-block-wrapper vce\" id=\"el-8887210a\" data-vce-do-apply=\"all el-8887210a\"><p><!--vcv no format--><\/p>\n<div class=\"vce-row-container\">\n<div id=\"el-3f255f68\" class=\"vce-row vce-row--col-gap-30 vce-row-columns--top vce-row-content--top\" data-vce-do-apply=\"all el-3f255f68\">\n<div class=\"vce-row-content\" data-vce-element-content=\"true\">\n<div id=\"el-a308d27d\" class=\"vce-col vce-col--md-100p vce-col--xs-1 vce-col--xs-last vce-col--xs-first vce-col--sm-last vce-col--sm-first vce-col--md-last vce-col--lg-last vce-col--xl-last vce-col--md-first vce-col--lg-first vce-col--xl-first\" data-vce-do-apply=\"background border el-a308d27d\">\n<div class=\"vce-col-inner\" data-vce-element-content=\"true\" data-vce-do-apply=\"padding margin el-a308d27d\">\n<div class=\"vce-text-block\">\n<div id=\"el-b0ded43c\" class=\"vce-text-block-wrapper vce\" data-vce-do-apply=\"all el-b0ded43c\">\n<p>Ice Age Centre is a perfect place for <strong>conferences, birthdays and other events<\/strong>. You can book private seminar rooms or the whole centre -&nbsp; <strong>learn about our offers and ask for more!<\/strong><\/p>\n<p>We can also offer exciting tours, games and raft trips on Lake Saadj\u00e4rve. We offer catering. Ask for more and we will make you a suitable offer! We can also give you good advice on how to make your event even more memorable! Together we will find the best solution.<\/p>\n<\/div>\n<\/div>\n<\/div>\n<\/div>\n<\/div>\n<\/div>\n<\/div>\n<p><!--vcv no format--><\/p><\/div><\/div><div class=\"vce-faq-toggle vce-faq-toggle-color--fff vce-faq-toggle-shape-color--1D64C5 vce-faq-toggle-shape--rounded\"><div class=\"vce-faq-toggle-wrapper vce\" id=\"el-476ce201\" data-vce-do-apply=\"margin padding border background  el-476ce201\"><div class=\"vce-faq-toggle-inner\"><div class=\"vce-faq-toggle-title\"><h3 class=\"vce-faq-toggle-title-text\" aria-controls=\"faqToggle-476ce201\" aria-expanded=\"false\"><i class=\"vce-faq-toggle-icon\"><\/i>Conference room<\/h3><\/div><div class=\"vce-faq-toggle-text-block\" role=\"region\" id=\"faqToggle-476ce201\"><p>New separate conference room with a magical view on Lake Saadj\u00e4rve is suitable for formal and informal events.<\/p><ul><li>80 seats<\/li><li>70 seats around tables<\/li><li>WiFi<\/li><li>2 screens<\/li><li>2 projectors<\/li><li>Catering<\/li><\/ul><p><a href=\"http:\/\/jaaaeg.ee\/contact\/?lang=en\">Ask for an offer!<\/a><\/p><\/div><\/div><\/div><\/div><div class=\"vce-faq-toggle vce-faq-toggle-color--fff vce-faq-toggle-shape-color--1D64C5 vce-faq-toggle-shape--rounded\"><div class=\"vce-faq-toggle-wrapper vce\" id=\"el-8fe76133\" data-vce-do-apply=\"margin padding border background  el-8fe76133\"><div class=\"vce-faq-toggle-inner\"><div class=\"vce-faq-toggle-title\"><h3 class=\"vce-faq-toggle-title-text\" aria-controls=\"faqToggle-8fe76133\" aria-expanded=\"false\"><i class=\"vce-faq-toggle-icon\"><\/i>Ice Age Centre Cafe<\/h3><\/div><div class=\"vce-faq-toggle-text-block\" role=\"region\" id=\"faqToggle-8fe76133\"><p>Our new and cozy caf\u00e9 at the Ice Age Centre offers the perfect setting for hosting both small and large special events \u2013 whether it\u2019s a birthday, gathering, seminar, celebration, or an inspiring team meeting in a unique, nature-inspired environment.<\/p><p>The Cafe has a panoramic view on the beautiful Lake Saadj\u00e4rve.<\/p><ul><li>70 seats around tables&nbsp;<\/li><li>WiFi<\/li><li>Screen<\/li><li>Catering<\/li><\/ul><p><a href=\"http:\/\/jaaaeg.ee\/contact\/?lang=en\">Ask for an offer!<\/a><\/p><\/div><\/div><\/div><\/div><div class=\"vce-faq-toggle vce-faq-toggle-color--fff vce-faq-toggle-shape-color--1D64C5 vce-faq-toggle-shape--rounded\"><div class=\"vce-faq-toggle-wrapper vce\" id=\"el-cc8e4fe5\" data-vce-do-apply=\"margin padding border background  el-cc8e4fe5\"><div class=\"vce-faq-toggle-inner\"><div class=\"vce-faq-toggle-title\"><h3 class=\"vce-faq-toggle-title-text\" aria-controls=\"faqToggle-cc8e4fe5\" aria-expanded=\"false\"><i class=\"vce-faq-toggle-icon\"><\/i>Main Hall<\/h3><\/div><div class=\"vce-faq-toggle-text-block\" role=\"region\" id=\"faqToggle-cc8e4fe5\"><p>Open and exciting main hall of the Ice Age Centre, centred by our famous mammoth, offers an exciting opportunity for all kinds of events and conferences.<\/p><ul><li>150 standing places<\/li><li>60 seats<\/li><li>100 seats around tables<\/li><li>WiFi<\/li><li>Projector<\/li><li>Screen<\/li><li>Catering (with extra price)<\/li><\/ul><p><a href=\"http:\/\/jaaaeg.ee\/contact\/?lang=en\">Ask for an offer!<\/a><\/p><\/div><\/div><\/div><\/div><div class=\"vce-faq-toggle vce-faq-toggle-color--fff vce-faq-toggle-shape-color--1D64C5 vce-faq-toggle-shape--rounded\"><div class=\"vce-faq-toggle-wrapper vce\" id=\"el-6271778d\" data-vce-do-apply=\"margin padding border background  el-6271778d\"><div class=\"vce-faq-toggle-inner\"><div class=\"vce-faq-toggle-title\"><h3 class=\"vce-faq-toggle-title-text\" aria-controls=\"faqToggle-6271778d\" aria-expanded=\"false\"><i class=\"vce-faq-toggle-icon\"><\/i>Raft<\/h3><\/div><div class=\"vce-faq-toggle-text-block\" role=\"region\" id=\"faqToggle-6271778d\"><p>During summer, you can use our raft for different events. You can take shorter or longer trips on Lake Saadj\u00e4rve with the Ice Age Centre raft. The raft is operated by our guides who tell exciting and fun stories about the nature of Lake Saadj\u00e4rve, the formation of Vooremaa and about the great deeds of our national hero Kalevipoeg.<\/p>\n<ul>\n<li>up to 20 people<\/li>\n<li>the raft is 13.5 meters long and 6 meters wide<\/li>\n<li>it has tables and chairs<\/li>\n<li>raft is partially covered with a ceiling and walls that protect from light rain and wind<\/li>\n<\/ul>\n<p>Price: 60 \u20ac \/ hour<\/p>\n<p>&nbsp; &nbsp; &nbsp; &nbsp; &nbsp; &nbsp;100\u20ac \/ hour with guided tour<\/p>\n<p><a href=\"http:\/\/jaaaeg.ee\/contact\/?lang=en\">Ask for an offer!<\/a><\/p><\/div><\/div><\/div><\/div><div class=\"vce-faq-toggle vce-faq-toggle-color--fff vce-faq-toggle-shape-color--1D64C5 vce-faq-toggle-shape--rounded\"><div class=\"vce-faq-toggle-wrapper vce\" id=\"el-e17c8b6d\" data-vce-do-apply=\"margin padding border background  el-e17c8b6d\"><div class=\"vce-faq-toggle-inner\"><div class=\"vce-faq-toggle-title\"><h3 class=\"vce-faq-toggle-title-text\" aria-controls=\"faqToggle-e17c8b6d\" aria-expanded=\"false\"><i class=\"vce-faq-toggle-icon\"><\/i>Ice Age Centre (the whole building)<\/h3><\/div><div class=\"vce-faq-toggle-text-block\" role=\"region\" id=\"faqToggle-e17c8b6d\"><p>Ice Age Centre centre with its three floors and with the mammoth in the Main Hall fits about 300 people and gives the opportunity for very special and formal events. We have 2500 square meters of exciting exhibition area.<\/p><ul><li>300 standing places<\/li><li>200 seats<\/li><li>100 seats around tables<\/li><li>WiFi<\/li><li>Projector<\/li><li>Screen<\/li><li>Catering (with extra price)<\/li><\/ul><p><a href=\"http:\/\/jaaaeg.ee\/contact\/?lang=en\">Ask for an offer!<\/a><\/p><\/div><\/div><\/div><\/div><\/div><\/div><\/div><\/div><\/div><\/div>\n","protected":false},"excerpt":{"rendered":"Ice Age Centre is a perfect place for conferences, birthdays and other events. You can book private seminar rooms or the whole centre &#8211;&nbsp; learn about our offers and ask for more! We can also offer exciting tours, games and raft trips on Lake Saadj\u00e4rve. We offer catering. Ask for more and we will make&#8230; <a class=\"view-article\" href=\"https:\/\/jaaaeg.ee\/en\/room-rent\/\">Read more<\/a>","protected":false},"author":1,"featured_media":33021,"parent":0,"menu_order":395,"comment_status":"closed","ping_status":"closed","template":"","meta":{"_acf_changed":false,"ngg_post_thumbnail":0,"footnotes":""},"class_list":["post-1550","page","type-page","status-publish","has-post-thumbnail","hentry"],"acf":[],"yoast_head":"<!-- This site is optimized with the Yoast SEO plugin v27.4 - https:\/\/yoast.com\/product\/yoast-seo-wordpress\/ -->\n<title>Room rent - J\u00e4\u00e4aja Keskus<\/title>\n<meta name=\"description\" content=\"Room rent in Ice Age Centre\" \/>\n<meta name=\"robots\" content=\"index, follow, max-snippet:-1, max-image-preview:large, max-video-preview:-1\" \/>\n<link rel=\"canonical\" href=\"https:\/\/jaaaeg.ee\/en\/room-rent\/\" \/>\n<meta property=\"og:locale\" content=\"en_US\" \/>\n<meta property=\"og:type\" content=\"article\" \/>\n<meta property=\"og:title\" content=\"Room rent - J\u00e4\u00e4aja Keskus\" \/>\n<meta property=\"og:description\" content=\"Room rent in Ice Age Centre\" \/>\n<meta property=\"og:url\" content=\"https:\/\/jaaaeg.ee\/en\/room-rent\/\" \/>\n<meta property=\"og:site_name\" content=\"J\u00e4\u00e4aja Keskus\" \/>\n<meta property=\"article:publisher\" content=\"https:\/\/www.facebook.com\/JaaajaKeskus\/\" \/>\n<meta property=\"article:modified_time\" content=\"2025-06-09T11:05:49+00:00\" \/>\n<meta property=\"og:image\" content=\"https:\/\/jaaaeg.ee\/wp-content\/uploads\/2018\/07\/aapl-scaled.jpg\" \/>\n\t<meta property=\"og:image:width\" content=\"2560\" \/>\n\t<meta property=\"og:image:height\" content=\"1707\" \/>\n\t<meta property=\"og:image:type\" content=\"image\/jpeg\" \/>\n<meta name=\"twitter:card\" content=\"summary_large_image\" \/>\n<meta name=\"twitter:label1\" content=\"Est. reading time\" \/>\n\t<meta name=\"twitter:data1\" content=\"2 minutes\" \/>\n<script type=\"application\/ld+json\" class=\"yoast-schema-graph\">{\"@context\":\"https:\\\/\\\/schema.org\",\"@graph\":[{\"@type\":\"WebPage\",\"@id\":\"https:\\\/\\\/jaaaeg.ee\\\/en\\\/room-rent\\\/\",\"url\":\"https:\\\/\\\/jaaaeg.ee\\\/en\\\/room-rent\\\/\",\"name\":\"Room rent - J\u00e4\u00e4aja Keskus\",\"isPartOf\":{\"@id\":\"https:\\\/\\\/jaaaeg.ee\\\/ru\\\/#website\"},\"primaryImageOfPage\":{\"@id\":\"https:\\\/\\\/jaaaeg.ee\\\/en\\\/room-rent\\\/#primaryimage\"},\"image\":{\"@id\":\"https:\\\/\\\/jaaaeg.ee\\\/en\\\/room-rent\\\/#primaryimage\"},\"thumbnailUrl\":\"https:\\\/\\\/jaaaeg.ee\\\/wp-content\\\/uploads\\\/2025\\\/10\\\/4-lauda-parketil-1.png\",\"datePublished\":\"2018-10-02T09:18:19+00:00\",\"dateModified\":\"2025-06-09T11:05:49+00:00\",\"description\":\"Room rent in Ice Age Centre\",\"breadcrumb\":{\"@id\":\"https:\\\/\\\/jaaaeg.ee\\\/en\\\/room-rent\\\/#breadcrumb\"},\"inLanguage\":\"en-US\",\"potentialAction\":[{\"@type\":\"ReadAction\",\"target\":[\"https:\\\/\\\/jaaaeg.ee\\\/en\\\/room-rent\\\/\"]}]},{\"@type\":\"ImageObject\",\"inLanguage\":\"en-US\",\"@id\":\"https:\\\/\\\/jaaaeg.ee\\\/en\\\/room-rent\\\/#primaryimage\",\"url\":\"https:\\\/\\\/jaaaeg.ee\\\/wp-content\\\/uploads\\\/2025\\\/10\\\/4-lauda-parketil-1.png\",\"contentUrl\":\"https:\\\/\\\/jaaaeg.ee\\\/wp-content\\\/uploads\\\/2025\\\/10\\\/4-lauda-parketil-1.png\",\"width\":1536,\"height\":1024},{\"@type\":\"BreadcrumbList\",\"@id\":\"https:\\\/\\\/jaaaeg.ee\\\/en\\\/room-rent\\\/#breadcrumb\",\"itemListElement\":[{\"@type\":\"ListItem\",\"position\":1,\"name\":\"Home\",\"item\":\"https:\\\/\\\/jaaaeg.ee\\\/en\\\/\"},{\"@type\":\"ListItem\",\"position\":2,\"name\":\"Room rent\"}]},{\"@type\":\"WebSite\",\"@id\":\"https:\\\/\\\/jaaaeg.ee\\\/ru\\\/#website\",\"url\":\"https:\\\/\\\/jaaaeg.ee\\\/ru\\\/\",\"name\":\"J\u00e4\u00e4aja Keskus\",\"description\":\"avastamisr\u00f5\u00f5m igas vanuses k\u00fclastajatele\",\"potentialAction\":[{\"@type\":\"SearchAction\",\"target\":{\"@type\":\"EntryPoint\",\"urlTemplate\":\"https:\\\/\\\/jaaaeg.ee\\\/ru\\\/?s={search_term_string}\"},\"query-input\":{\"@type\":\"PropertyValueSpecification\",\"valueRequired\":true,\"valueName\":\"search_term_string\"}}],\"inLanguage\":\"en-US\"}]}<\/script>\n<!-- \/ Yoast SEO plugin. -->","yoast_head_json":{"title":"Room rent - J\u00e4\u00e4aja Keskus","description":"Room rent in Ice Age Centre","robots":{"index":"index","follow":"follow","max-snippet":"max-snippet:-1","max-image-preview":"max-image-preview:large","max-video-preview":"max-video-preview:-1"},"canonical":"https:\/\/jaaaeg.ee\/en\/room-rent\/","og_locale":"en_US","og_type":"article","og_title":"Room rent - J\u00e4\u00e4aja Keskus","og_description":"Room rent in Ice Age Centre","og_url":"https:\/\/jaaaeg.ee\/en\/room-rent\/","og_site_name":"J\u00e4\u00e4aja Keskus","article_publisher":"https:\/\/www.facebook.com\/JaaajaKeskus\/","article_modified_time":"2025-06-09T11:05:49+00:00","og_image":[{"width":2560,"height":1707,"url":"https:\/\/jaaaeg.ee\/wp-content\/uploads\/2018\/07\/aapl-scaled.jpg","type":"image\/jpeg"}],"twitter_card":"summary_large_image","twitter_misc":{"Est. reading time":"2 minutes"},"schema":{"@context":"https:\/\/schema.org","@graph":[{"@type":"WebPage","@id":"https:\/\/jaaaeg.ee\/en\/room-rent\/","url":"https:\/\/jaaaeg.ee\/en\/room-rent\/","name":"Room rent - J\u00e4\u00e4aja Keskus","isPartOf":{"@id":"https:\/\/jaaaeg.ee\/ru\/#website"},"primaryImageOfPage":{"@id":"https:\/\/jaaaeg.ee\/en\/room-rent\/#primaryimage"},"image":{"@id":"https:\/\/jaaaeg.ee\/en\/room-rent\/#primaryimage"},"thumbnailUrl":"https:\/\/jaaaeg.ee\/wp-content\/uploads\/2025\/10\/4-lauda-parketil-1.png","datePublished":"2018-10-02T09:18:19+00:00","dateModified":"2025-06-09T11:05:49+00:00","description":"Room rent in Ice Age Centre","breadcrumb":{"@id":"https:\/\/jaaaeg.ee\/en\/room-rent\/#breadcrumb"},"inLanguage":"en-US","potentialAction":[{"@type":"ReadAction","target":["https:\/\/jaaaeg.ee\/en\/room-rent\/"]}]},{"@type":"ImageObject","inLanguage":"en-US","@id":"https:\/\/jaaaeg.ee\/en\/room-rent\/#primaryimage","url":"https:\/\/jaaaeg.ee\/wp-content\/uploads\/2025\/10\/4-lauda-parketil-1.png","contentUrl":"https:\/\/jaaaeg.ee\/wp-content\/uploads\/2025\/10\/4-lauda-parketil-1.png","width":1536,"height":1024},{"@type":"BreadcrumbList","@id":"https:\/\/jaaaeg.ee\/en\/room-rent\/#breadcrumb","itemListElement":[{"@type":"ListItem","position":1,"name":"Home","item":"https:\/\/jaaaeg.ee\/en\/"},{"@type":"ListItem","position":2,"name":"Room rent"}]},{"@type":"WebSite","@id":"https:\/\/jaaaeg.ee\/ru\/#website","url":"https:\/\/jaaaeg.ee\/ru\/","name":"J\u00e4\u00e4aja Keskus","description":"avastamisr\u00f5\u00f5m igas vanuses k\u00fclastajatele","potentialAction":[{"@type":"SearchAction","target":{"@type":"EntryPoint","urlTemplate":"https:\/\/jaaaeg.ee\/ru\/?s={search_term_string}"},"query-input":{"@type":"PropertyValueSpecification","valueRequired":true,"valueName":"search_term_string"}}],"inLanguage":"en-US"}]}},"_links":{"self":[{"href":"https:\/\/jaaaeg.ee\/en\/wp-json\/wp\/v2\/pages\/1550","targetHints":{"allow":["GET"]}}],"collection":[{"href":"https:\/\/jaaaeg.ee\/en\/wp-json\/wp\/v2\/pages"}],"about":[{"href":"https:\/\/jaaaeg.ee\/en\/wp-json\/wp\/v2\/types\/page"}],"author":[{"embeddable":true,"href":"https:\/\/jaaaeg.ee\/en\/wp-json\/wp\/v2\/users\/1"}],"replies":[{"embeddable":true,"href":"https:\/\/jaaaeg.ee\/en\/wp-json\/wp\/v2\/comments?post=1550"}],"version-history":[{"count":23,"href":"https:\/\/jaaaeg.ee\/en\/wp-json\/wp\/v2\/pages\/1550\/revisions"}],"predecessor-version":[{"id":31413,"href":"https:\/\/jaaaeg.ee\/en\/wp-json\/wp\/v2\/pages\/1550\/revisions\/31413"}],"wp:featuredmedia":[{"embeddable":true,"href":"https:\/\/jaaaeg.ee\/en\/wp-json\/wp\/v2\/media\/33021"}],"wp:attachment":[{"href":"https:\/\/jaaaeg.ee\/en\/wp-json\/wp\/v2\/media?parent=1550"}],"curies":[{"name":"wp","href":"https:\/\/api.w.org\/{rel}","templated":true}]}}