{"id":1545,"date":"2018-10-02T12:16:25","date_gmt":"2018-10-02T09:16:25","guid":{"rendered":"http:\/\/jaaaeg.ee\/?page_id=1545"},"modified":"2026-03-05T16:29:13","modified_gmt":"2026-03-05T14:29:13","slug":"ice-age-centre-cafe","status":"publish","type":"page","link":"https:\/\/jaaaeg.ee\/en\/ice-age-centre-cafe\/","title":{"rendered":"Caf\u00e8"},"content":{"rendered":"\r\n<div class=\"vce-row-container\" data-vce-boxed-width=\"true\">\r\n<div id=\"el-25688a62\" class=\"vce-row vce-row--col-gap-30 vce-row-content--top\" data-vce-do-apply=\"all el-25688a62\">\r\n<div class=\"vce-row-content\" data-vce-element-content=\"true\">\r\n\r\n\r\n<div id=\"el-58e2f3cf\" class=\"vce-col vce-col--md-100p vce-col--xs-1 vce-col--xs-last vce-col--xs-first vce-col--sm-last vce-col--sm-first vce-col--md-last vce-col--lg-last vce-col--xl-last vce-col--md-first vce-col--lg-first vce-col--xl-first\">\r\n<div class=\"vce-col-inner\" data-vce-do-apply=\"border margin background el-58e2f3cf\">\r\n<div class=\"vce-col-content\" data-vce-element-content=\"true\" data-vce-do-apply=\"padding el-58e2f3cf\">\r\n\r\n\r\n<div class=\"vce-text-block\">\r\n<div id=\"el-f77ffdc9\" class=\"vce-text-block-wrapper vce\" data-vce-do-apply=\"all el-f77ffdc9\">\r\n<p data-start=\"432\" data-end=\"519\" data-is-last-node=\"\" data-is-only-node=\"\">Mon\u2013Fri by pre-booking&nbsp;<\/p>\r\n\r\n<h1 data-start=\"432\" data-end=\"519\">Sat\u2013Sun 10\u201317<\/h1>\r\n<p data-start=\"275\" data-end=\"412\">Breakfast <strong>10 - 12<\/strong><\/p>\r\n<p data-start=\"275\" data-end=\"412\">Lunch buffet <strong data-start=\"334\" data-end=\"345\">12 - 16<\/strong><\/p>\r\n<p data-start=\"275\" data-end=\"412\">Menu <strong data-start=\"401\" data-end=\"412\">12 - 17<\/strong><\/p>\r\n<p data-start=\"275\" data-end=\"412\">&nbsp;<\/p>\r\n\r\n<h2 data-start=\"414\" data-end=\"475\"><strong data-start=\"414\" data-end=\"475\">Ice Age Centre Caf\u00e9 \u2013 LUNCH WITH A VIEW OF LAKE SAADJ\u00c4RVE<\/strong><\/h2>\r\n<p data-start=\"477\" data-end=\"579\">A fresh look and cosy atmosphere await you in our newly renovated caf\u00e9 on the shore of Lake Saadj\u00e4rve.<\/p>\r\n<p data-start=\"581\" data-end=\"699\">On the first floor of the Ice Age Centre, a family-friendly caf\u00e9 with a picturesque lake view is ready to welcome you!<\/p>\r\n<p data-start=\"701\" data-end=\"839\">We also offer group menus, fun kids\u2019 dishes, and catering for birthdays and conferences.<br data-start=\"789\" data-end=\"792\">We rent out rooms and help organise your event!<\/p>\r\n\r\n<h2 data-start=\"841\" data-end=\"952\">Get in touch to book a table or venue: +372 5911 3318 or <a class=\"cursor-pointer\" rel=\"noopener\" data-start=\"898\" data-end=\"912\">info@jaaaeg.ee\r\n<\/a><\/h2>\r\n<h3 data-start=\"841\" data-end=\"952\"><a href=\"https:\/\/www.facebook.com\/j22karukohvik\/\" target=\"_blank\" rel=\"noopener\">See the caf\u00e9\u2019s Facebook page <strong data-start=\"944\" data-end=\"952\">HERE<\/strong><\/a><\/h3>\r\n<p data-start=\"954\" data-end=\"1142\"><strong>The Ice Age Centre is also the perfect venue for a training day, meeting, party or any other memorable occasion. You can rent the conference hall, caf\u00e9 or the cosy playroom for your event.<\/strong><\/p>\r\n<p data-start=\"1144\" data-end=\"1282\" data-is-last-node=\"\" data-is-only-node=\"\">For groups (from 10 people) we offer catering with a special menu.<br data-start=\"1210\" data-end=\"1213\">Please confirm group catering at least 5 working days before arrival.<\/p>\r\n\r\n<\/div>\r\n<\/div>\r\n\r\n\r\n<\/div>\r\n<\/div>\r\n<\/div>\r\n\r\n\r\n<\/div>\r\n<\/div>\r\n<\/div>\r\n\r\n<div class=\"vce-row-container\" data-vce-boxed-width=\"true\">\r\n<div id=\"el-0180a008\" class=\"vce-row vce-row--col-gap-30 vce-row-equal-height vce-row-content--top\" data-vce-do-apply=\"all el-0180a008\">\r\n<div class=\"vce-row-content\" data-vce-element-content=\"true\">\r\n\r\n\r\n<div id=\"el-3a7a6c3f\" class=\"vce-col vce-col--md-auto vce-col--xs-1 vce-col--xs-last vce-col--xs-first vce-col--sm-last vce-col--sm-first vce-col--md-last vce-col--lg-last vce-col--xl-last vce-col--md-first vce-col--lg-first vce-col--xl-first\">\r\n<div class=\"vce-col-inner\" data-vce-do-apply=\"border margin background el-3a7a6c3f\">\r\n<div class=\"vce-col-content\" data-vce-element-content=\"true\" data-vce-do-apply=\"padding el-3a7a6c3f\">\r\n\r\n\r\n<div class=\"vce-image-gallery vce-image-gallery--gap-10 vce-image-gallery--columns-3\">\r\n<div id=\"el-159f70c7\" class=\"vce-image-gallery-wrapper vce\" data-vce-do-apply=\"all el-159f70c7\">\r\n<div class=\"vce-image-gallery-list\">\r\n<div class=\"vce-image-gallery-item\">\r\n<figure class=\"vce-image-gallery-item-inner-wrapper\"><a class=\"vce-image-gallery-item-inner\" href=\"https:\/\/jaaaeg.ee\/wp-content\/uploads\/2025\/08\/sigrid-Sepp_jaaaja-Keskuse-kohviku-toidud-1-scaled.jpeg\" data-lightbox=\"lightbox-159f70c7\"><img decoding=\"async\" class=\"vce-image-gallery-img vce-image-gallery-img--orientation-portrait\" title=\"sigrid Sepp_j\u00e4\u00e4aja Keskuse kohviku toidud (1)\" src=\"https:\/\/jaaaeg.ee\/wp-content\/uploads\/2025\/08\/sigrid-Sepp_jaaaja-Keskuse-kohviku-toidud-1-700x933.jpeg\" alt=\"\"><\/a><\/figure>\r\n<\/div>\r\n<div class=\"vce-image-gallery-item\">\r\n<figure class=\"vce-image-gallery-item-inner-wrapper\"><a class=\"vce-image-gallery-item-inner\" href=\"https:\/\/jaaaeg.ee\/wp-content\/uploads\/2025\/08\/2025-05_jaaaja-keskuse-uus-naitus_foto-timo-arbeiter-artimo.ee-107.jpg\" data-lightbox=\"lightbox-159f70c7\"><img decoding=\"async\" class=\"vce-image-gallery-img vce-image-gallery-img--orientation-portrait\" title=\"2025-05_j\u00e4\u00e4aja-keskuse-uus-n\u00e4itus_foto-timo-arbeiter-artimo.ee-107\" src=\"https:\/\/jaaaeg.ee\/wp-content\/uploads\/2025\/08\/2025-05_jaaaja-keskuse-uus-naitus_foto-timo-arbeiter-artimo.ee-107-700x1050.jpg\" alt=\"\"><\/a><\/figure>\r\n<\/div>\r\n<div class=\"vce-image-gallery-item\">\r\n<figure class=\"vce-image-gallery-item-inner-wrapper\"><a class=\"vce-image-gallery-item-inner\" href=\"https:\/\/jaaaeg.ee\/wp-content\/uploads\/2025\/07\/kohvik_ruut-e1753443390385.jpg\" data-lightbox=\"lightbox-159f70c7\"><img decoding=\"async\" class=\"vce-image-gallery-img\" title=\"kohvik_ruut\" src=\"https:\/\/jaaaeg.ee\/wp-content\/uploads\/2025\/07\/kohvik_ruut-700x695.jpg\" alt=\"J\u00e4\u00e4aja Keskuse kohvikus saad t\u00e4histada oma s\u00fcndmust\"><\/a><\/figure>\r\n<\/div>\r\n<div class=\"vce-image-gallery-item\">\r\n<figure class=\"vce-image-gallery-item-inner-wrapper\"><a class=\"vce-image-gallery-item-inner\" href=\"https:\/\/jaaaeg.ee\/wp-content\/uploads\/2025\/04\/IMG_7604-scaled.jpeg\" data-lightbox=\"lightbox-159f70c7\"><img decoding=\"async\" class=\"vce-image-gallery-img vce-image-gallery-img--orientation-portrait\" title=\"IMG_7604\" src=\"https:\/\/jaaaeg.ee\/wp-content\/uploads\/2025\/04\/IMG_7604-700x870.jpeg\" alt=\"\"><\/a><\/figure>\r\n<\/div>\r\n<div class=\"vce-image-gallery-item\">\r\n<figure class=\"vce-image-gallery-item-inner-wrapper\"><a class=\"vce-image-gallery-item-inner\" href=\"https:\/\/jaaaeg.ee\/wp-content\/uploads\/2025\/08\/v_2025-05_jaaaja-keskuse-uus-naitus_foto-timo-arbeiter-artimo.ee-92.jpg\" data-lightbox=\"lightbox-159f70c7\"><img decoding=\"async\" class=\"vce-image-gallery-img\" title=\"v_2025-05_j\u00e4\u00e4aja-keskuse-uus-n\u00e4itus_foto-timo-arbeiter-artimo.ee-92\" src=\"https:\/\/jaaaeg.ee\/wp-content\/uploads\/2025\/08\/v_2025-05_jaaaja-keskuse-uus-naitus_foto-timo-arbeiter-artimo.ee-92-700x605.jpg\" alt=\"\"><\/a><\/figure>\r\n<\/div>\r\n<div class=\"vce-image-gallery-item\">\r\n<figure class=\"vce-image-gallery-item-inner-wrapper\"><a class=\"vce-image-gallery-item-inner\" href=\"https:\/\/jaaaeg.ee\/wp-content\/uploads\/2025\/08\/2025-05_jaaaja-keskuse-uus-naitus_foto-timo-arbeiter-artimo.ee-117.jpg\" data-lightbox=\"lightbox-159f70c7\"><img decoding=\"async\" class=\"vce-image-gallery-img\" title=\"2025-05_j\u00e4\u00e4aja-keskuse-uus-n\u00e4itus_foto-timo-arbeiter-artimo.ee-117\" src=\"https:\/\/jaaaeg.ee\/wp-content\/uploads\/2025\/08\/2025-05_jaaaja-keskuse-uus-naitus_foto-timo-arbeiter-artimo.ee-117-700x467.jpg\" alt=\"\"><\/a><\/figure>\r\n<\/div>\r\n<\/div>\r\n<\/div>\r\n<\/div>\r\n\r\n\r\n<\/div>\r\n<\/div>\r\n<\/div>\r\n\r\n\r\n<\/div>\r\n<\/div>\r\n<\/div>\r\n\n","protected":false},"excerpt":{"rendered":"Mon\u2013Fri by pre-booking&nbsp; Sat\u2013Sun 10\u201317 Breakfast 10 &#8211; 12 Lunch buffet 12 &#8211; 16 Menu 12 &#8211; 17 &nbsp; Ice Age Centre Caf\u00e9 \u2013 LUNCH WITH A VIEW OF LAKE SAADJ\u00c4RVE A fresh look and cosy atmosphere await you in our newly renovated caf\u00e9 on the shore of Lake Saadj\u00e4rve. On the first floor of&#8230; <a class=\"view-article\" href=\"https:\/\/jaaaeg.ee\/en\/ice-age-centre-cafe\/\">Read more<\/a>","protected":false},"author":1,"featured_media":32364,"parent":0,"menu_order":377,"comment_status":"closed","ping_status":"closed","template":"template-map.php","meta":{"_acf_changed":false,"ngg_post_thumbnail":0,"footnotes":""},"class_list":["post-1545","page","type-page","status-publish","has-post-thumbnail","hentry"],"acf":[],"yoast_head":"<!-- This site is optimized with the Yoast SEO plugin v27.4 - https:\/\/yoast.com\/product\/yoast-seo-wordpress\/ -->\n<title>Caf\u00e8 - J\u00e4\u00e4aja Keskus<\/title>\n<meta name=\"description\" content=\"The Ice Age Centre Caf\u00e9 \u2013 a cozy place with a scenic view! Enjoy a delicious lunch buffet. Visit us in \u00c4ksi, Tartumaa!\" \/>\n<meta name=\"robots\" content=\"index, follow, max-snippet:-1, max-image-preview:large, max-video-preview:-1\" \/>\n<link rel=\"canonical\" href=\"https:\/\/jaaaeg.ee\/en\/ice-age-centre-cafe\/\" \/>\n<meta property=\"og:locale\" content=\"en_US\" \/>\n<meta property=\"og:type\" content=\"article\" \/>\n<meta property=\"og:title\" content=\"Caf\u00e8 - J\u00e4\u00e4aja Keskus\" \/>\n<meta property=\"og:description\" content=\"The Ice Age Centre Caf\u00e9 \u2013 a cozy place with a scenic view! Enjoy a delicious lunch buffet. Visit us in \u00c4ksi, Tartumaa!\" \/>\n<meta property=\"og:url\" content=\"https:\/\/jaaaeg.ee\/en\/ice-age-centre-cafe\/\" \/>\n<meta property=\"og:site_name\" content=\"J\u00e4\u00e4aja Keskus\" \/>\n<meta property=\"article:publisher\" content=\"https:\/\/www.facebook.com\/JaaajaKeskus\/\" \/>\n<meta property=\"article:modified_time\" content=\"2026-03-05T14:29:13+00:00\" \/>\n<meta property=\"og:image\" content=\"https:\/\/jaaaeg.ee\/wp-content\/uploads\/2025\/08\/2025-05_jaaaja-keskuse-uus-naitus_foto-timo-arbeiter-artimo.ee-99-700x467.jpg\" \/>\n\t<meta property=\"og:image:width\" content=\"700\" \/>\n\t<meta property=\"og:image:height\" content=\"467\" \/>\n\t<meta property=\"og:image:type\" content=\"image\/jpeg\" \/>\n<meta name=\"twitter:card\" content=\"summary_large_image\" \/>\n<meta name=\"twitter:label1\" content=\"Est. reading time\" \/>\n\t<meta name=\"twitter:data1\" content=\"3 minutes\" \/>\n<script type=\"application\/ld+json\" class=\"yoast-schema-graph\">{\"@context\":\"https:\\\/\\\/schema.org\",\"@graph\":[{\"@type\":\"WebPage\",\"@id\":\"https:\\\/\\\/jaaaeg.ee\\\/en\\\/ice-age-centre-cafe\\\/\",\"url\":\"https:\\\/\\\/jaaaeg.ee\\\/en\\\/ice-age-centre-cafe\\\/\",\"name\":\"Caf\u00e8 - J\u00e4\u00e4aja Keskus\",\"isPartOf\":{\"@id\":\"https:\\\/\\\/jaaaeg.ee\\\/ru\\\/#website\"},\"primaryImageOfPage\":{\"@id\":\"https:\\\/\\\/jaaaeg.ee\\\/en\\\/ice-age-centre-cafe\\\/#primaryimage\"},\"image\":{\"@id\":\"https:\\\/\\\/jaaaeg.ee\\\/en\\\/ice-age-centre-cafe\\\/#primaryimage\"},\"thumbnailUrl\":\"https:\\\/\\\/jaaaeg.ee\\\/wp-content\\\/uploads\\\/2025\\\/08\\\/2025-05_jaaaja-keskuse-uus-naitus_foto-timo-arbeiter-artimo.ee-99.jpg\",\"datePublished\":\"2018-10-02T09:16:25+00:00\",\"dateModified\":\"2026-03-05T14:29:13+00:00\",\"description\":\"The Ice Age Centre Caf\u00e9 \u2013 a cozy place with a scenic view! Enjoy a delicious lunch buffet. Visit us in \u00c4ksi, Tartumaa!\",\"breadcrumb\":{\"@id\":\"https:\\\/\\\/jaaaeg.ee\\\/en\\\/ice-age-centre-cafe\\\/#breadcrumb\"},\"inLanguage\":\"en-US\",\"potentialAction\":[{\"@type\":\"ReadAction\",\"target\":[\"https:\\\/\\\/jaaaeg.ee\\\/en\\\/ice-age-centre-cafe\\\/\"]}]},{\"@type\":\"ImageObject\",\"inLanguage\":\"en-US\",\"@id\":\"https:\\\/\\\/jaaaeg.ee\\\/en\\\/ice-age-centre-cafe\\\/#primaryimage\",\"url\":\"https:\\\/\\\/jaaaeg.ee\\\/wp-content\\\/uploads\\\/2025\\\/08\\\/2025-05_jaaaja-keskuse-uus-naitus_foto-timo-arbeiter-artimo.ee-99.jpg\",\"contentUrl\":\"https:\\\/\\\/jaaaeg.ee\\\/wp-content\\\/uploads\\\/2025\\\/08\\\/2025-05_jaaaja-keskuse-uus-naitus_foto-timo-arbeiter-artimo.ee-99.jpg\",\"width\":2048,\"height\":1365,\"caption\":\"J\u00e4\u00e4aja Keskuse kohvik\"},{\"@type\":\"BreadcrumbList\",\"@id\":\"https:\\\/\\\/jaaaeg.ee\\\/en\\\/ice-age-centre-cafe\\\/#breadcrumb\",\"itemListElement\":[{\"@type\":\"ListItem\",\"position\":1,\"name\":\"Home\",\"item\":\"https:\\\/\\\/jaaaeg.ee\\\/en\\\/\"},{\"@type\":\"ListItem\",\"position\":2,\"name\":\"Caf\u00e8\"}]},{\"@type\":\"WebSite\",\"@id\":\"https:\\\/\\\/jaaaeg.ee\\\/ru\\\/#website\",\"url\":\"https:\\\/\\\/jaaaeg.ee\\\/ru\\\/\",\"name\":\"J\u00e4\u00e4aja Keskus\",\"description\":\"avastamisr\u00f5\u00f5m igas vanuses k\u00fclastajatele\",\"potentialAction\":[{\"@type\":\"SearchAction\",\"target\":{\"@type\":\"EntryPoint\",\"urlTemplate\":\"https:\\\/\\\/jaaaeg.ee\\\/ru\\\/?s={search_term_string}\"},\"query-input\":{\"@type\":\"PropertyValueSpecification\",\"valueRequired\":true,\"valueName\":\"search_term_string\"}}],\"inLanguage\":\"en-US\"}]}<\/script>\n<!-- \/ Yoast SEO plugin. -->","yoast_head_json":{"title":"Caf\u00e8 - J\u00e4\u00e4aja Keskus","description":"The Ice Age Centre Caf\u00e9 \u2013 a cozy place with a scenic view! Enjoy a delicious lunch buffet. Visit us in \u00c4ksi, Tartumaa!","robots":{"index":"index","follow":"follow","max-snippet":"max-snippet:-1","max-image-preview":"max-image-preview:large","max-video-preview":"max-video-preview:-1"},"canonical":"https:\/\/jaaaeg.ee\/en\/ice-age-centre-cafe\/","og_locale":"en_US","og_type":"article","og_title":"Caf\u00e8 - J\u00e4\u00e4aja Keskus","og_description":"The Ice Age Centre Caf\u00e9 \u2013 a cozy place with a scenic view! Enjoy a delicious lunch buffet. Visit us in \u00c4ksi, Tartumaa!","og_url":"https:\/\/jaaaeg.ee\/en\/ice-age-centre-cafe\/","og_site_name":"J\u00e4\u00e4aja Keskus","article_publisher":"https:\/\/www.facebook.com\/JaaajaKeskus\/","article_modified_time":"2026-03-05T14:29:13+00:00","og_image":[{"width":700,"height":467,"url":"https:\/\/jaaaeg.ee\/wp-content\/uploads\/2025\/08\/2025-05_jaaaja-keskuse-uus-naitus_foto-timo-arbeiter-artimo.ee-99-700x467.jpg","type":"image\/jpeg"}],"twitter_card":"summary_large_image","twitter_misc":{"Est. reading time":"3 minutes"},"schema":{"@context":"https:\/\/schema.org","@graph":[{"@type":"WebPage","@id":"https:\/\/jaaaeg.ee\/en\/ice-age-centre-cafe\/","url":"https:\/\/jaaaeg.ee\/en\/ice-age-centre-cafe\/","name":"Caf\u00e8 - J\u00e4\u00e4aja Keskus","isPartOf":{"@id":"https:\/\/jaaaeg.ee\/ru\/#website"},"primaryImageOfPage":{"@id":"https:\/\/jaaaeg.ee\/en\/ice-age-centre-cafe\/#primaryimage"},"image":{"@id":"https:\/\/jaaaeg.ee\/en\/ice-age-centre-cafe\/#primaryimage"},"thumbnailUrl":"https:\/\/jaaaeg.ee\/wp-content\/uploads\/2025\/08\/2025-05_jaaaja-keskuse-uus-naitus_foto-timo-arbeiter-artimo.ee-99.jpg","datePublished":"2018-10-02T09:16:25+00:00","dateModified":"2026-03-05T14:29:13+00:00","description":"The Ice Age Centre Caf\u00e9 \u2013 a cozy place with a scenic view! Enjoy a delicious lunch buffet. Visit us in \u00c4ksi, Tartumaa!","breadcrumb":{"@id":"https:\/\/jaaaeg.ee\/en\/ice-age-centre-cafe\/#breadcrumb"},"inLanguage":"en-US","potentialAction":[{"@type":"ReadAction","target":["https:\/\/jaaaeg.ee\/en\/ice-age-centre-cafe\/"]}]},{"@type":"ImageObject","inLanguage":"en-US","@id":"https:\/\/jaaaeg.ee\/en\/ice-age-centre-cafe\/#primaryimage","url":"https:\/\/jaaaeg.ee\/wp-content\/uploads\/2025\/08\/2025-05_jaaaja-keskuse-uus-naitus_foto-timo-arbeiter-artimo.ee-99.jpg","contentUrl":"https:\/\/jaaaeg.ee\/wp-content\/uploads\/2025\/08\/2025-05_jaaaja-keskuse-uus-naitus_foto-timo-arbeiter-artimo.ee-99.jpg","width":2048,"height":1365,"caption":"J\u00e4\u00e4aja Keskuse kohvik"},{"@type":"BreadcrumbList","@id":"https:\/\/jaaaeg.ee\/en\/ice-age-centre-cafe\/#breadcrumb","itemListElement":[{"@type":"ListItem","position":1,"name":"Home","item":"https:\/\/jaaaeg.ee\/en\/"},{"@type":"ListItem","position":2,"name":"Caf\u00e8"}]},{"@type":"WebSite","@id":"https:\/\/jaaaeg.ee\/ru\/#website","url":"https:\/\/jaaaeg.ee\/ru\/","name":"J\u00e4\u00e4aja Keskus","description":"avastamisr\u00f5\u00f5m igas vanuses k\u00fclastajatele","potentialAction":[{"@type":"SearchAction","target":{"@type":"EntryPoint","urlTemplate":"https:\/\/jaaaeg.ee\/ru\/?s={search_term_string}"},"query-input":{"@type":"PropertyValueSpecification","valueRequired":true,"valueName":"search_term_string"}}],"inLanguage":"en-US"}]}},"_links":{"self":[{"href":"https:\/\/jaaaeg.ee\/en\/wp-json\/wp\/v2\/pages\/1545","targetHints":{"allow":["GET"]}}],"collection":[{"href":"https:\/\/jaaaeg.ee\/en\/wp-json\/wp\/v2\/pages"}],"about":[{"href":"https:\/\/jaaaeg.ee\/en\/wp-json\/wp\/v2\/types\/page"}],"author":[{"embeddable":true,"href":"https:\/\/jaaaeg.ee\/en\/wp-json\/wp\/v2\/users\/1"}],"replies":[{"embeddable":true,"href":"https:\/\/jaaaeg.ee\/en\/wp-json\/wp\/v2\/comments?post=1545"}],"version-history":[{"count":52,"href":"https:\/\/jaaaeg.ee\/en\/wp-json\/wp\/v2\/pages\/1545\/revisions"}],"predecessor-version":[{"id":33789,"href":"https:\/\/jaaaeg.ee\/en\/wp-json\/wp\/v2\/pages\/1545\/revisions\/33789"}],"wp:featuredmedia":[{"embeddable":true,"href":"https:\/\/jaaaeg.ee\/en\/wp-json\/wp\/v2\/media\/32364"}],"wp:attachment":[{"href":"https:\/\/jaaaeg.ee\/en\/wp-json\/wp\/v2\/media?parent=1545"}],"curies":[{"name":"wp","href":"https:\/\/api.w.org\/{rel}","templated":true}]}}