{"id":1524,"date":"2018-10-02T12:07:27","date_gmt":"2018-10-02T09:07:27","guid":{"rendered":"http:\/\/jaaaeg.ee\/?page_id=1524"},"modified":"2023-06-09T17:16:24","modified_gmt":"2023-06-09T14:16:24","slug":"other-possibilities","status":"publish","type":"page","link":"https:\/\/jaaaeg.ee\/en\/jaaaja-keskusest\/other-possibilities\/","title":{"rendered":"Other possibilities"},"content":{"rendered":"<div class=\"vce-row-container\"><div class=\"vce-row vce-row--col-gap-30 vce-row-columns--top vce-row-content--top\" id=\"el-17e7b6bc\" data-vce-do-apply=\"all el-17e7b6bc\"><div class=\"vce-row-content\" data-vce-element-content=\"true\"><div class=\"vce-col vce-col--md-100p vce-col--xs-1 vce-col--xs-last vce-col--xs-first vce-col--sm-last vce-col--sm-first vce-col--md-last vce-col--lg-last vce-col--xl-last vce-col--md-first vce-col--lg-first vce-col--xl-first\" id=\"el-fcbe7826\" data-vce-do-apply=\"background border el-fcbe7826\"><div class=\"vce-col-inner\" data-vce-element-content=\"true\" data-vce-do-apply=\"padding margin  el-fcbe7826\"><div class=\"vce-text-block\"><div class=\"vce-text-block-wrapper vce\" id=\"el-27c1322c\" data-vce-do-apply=\"all el-27c1322c\"><p>Ice Age Centre is located next to the beautiful lake Saadj\u00e4rv. During summer you can swim, fish or boat on lake Saadj\u00e4rv.<\/p><p>In \u00c4ksi, the building of Saadj\u00e4rve Nature Centre includes: office of the Ice Age Centre, classroom of Saadj\u00e4rve Nature School, the museum-room of the Finnish Boys, \u00c4ksi Library and \u00c4ksi store.<\/p><p><strong>The following organisations operate in the area of Saadj\u00e4rve:<\/strong><br>- Saadj\u00e4rve Yacht Club \u2013 Sailing and spending leisure time in the beautiful nature of Tartu County<br>\u2013 Tartu Kalev Yacht Club<br>\u2013 Saadj\u00e4rve Voluntary Lake Rescue<br>\u2013 MT\u00dc \u00c4ksi Motoclub<\/p><h3>Sights and leisure places<\/h3><ul><li><a href=\"https:\/\/reisisell.ee\/index.php\/turismiobjektid-2\/141-kaiavere-vaatetorn\">Kaiavere watch tower<\/a><\/li><li><a href=\"https:\/\/luua.edu.ee\/\">Luua arboretum and museum rooms<\/a><\/li><li><a href=\"https:\/\/www.mehedliikuma.ee\/tartumaa-liikumisrajad\/rada\/lahte_terviserajad_tartu_vald.html\">L\u00e4hte health trails and watch tower<\/a><\/li><li><a href=\"https:\/\/www.palmuseum.ee\/index.php\/page_id\/1\">Palamuse O. Luts\u2019 Parish School Museum<\/a><\/li><li><a href=\"https:\/\/loodusegakoos.ee\/kuhuminna\/puhkealad\/tartu-jogeva-puhkeala\/5208\">Raigastvere open place for a fire and watch tower<\/a><\/li><li><a href=\"https:\/\/loodusegakoos.ee\/elistvere-loomapark\">RMK Elistvere Animal Park <\/a><\/li><li><a href=\"https:\/\/www.puhkaeestis.ee\/et\/soomepoiste-tuba-muuseum\">The museum-room of the Finnish Boys<\/a><\/li><li><a href=\"https:\/\/www.tabikas.ee\/\">Tabivere Leisure Centre<\/a><\/li><li><a href=\"https:\/\/muuseum.tabivere.net\/\">Tabivere Rural Municipality Museum<\/a><\/li><li><a href=\"https:\/\/www.vudila.ee\/\">Vudila playground<\/a><\/li><li><a href=\"https:\/\/www.puhkaeestis.ee\/et\/aksi-kiigepark\">\u00c4ksi Swing Park<\/a><\/li><\/ul><h3>Closest accommodation places for the Ice Age Centre<\/h3><ul><li><a href=\"https:\/\/www.maeotsapuhketalu.ee\/ee\/\">M\u00e4eotsa Vacation Farm<\/a><\/li><li><a href=\"https:\/\/www.raadihotell.ee\/\">Raadim\u00f5isa Hotel<\/a><\/li><li><a href=\"https:\/\/www.kuretalu.ee\/\">Kure Tourist Farm<\/a><\/li><li><a href=\"https:\/\/loodusegakoos.ee\/kuhuminna\/voimaluste-otsing?element%5Bhiking_opt%5D=&amp;element%5Bcamping_opt%5D=%2F.%2F&amp;element%5Bdisability_opt%5D=&amp;element%5Bfireplace_opt%5D=&amp;search=1&amp;search_type=Puhkeala&amp;element%5Bregion%5D%5B%5D=J%C3%B5gevamaa&amp;element%5Bregion%5D%5B%5D=Tartumaa&amp;element%5Btitle%5D=#tulemus\">Camping places in Tartu and J\u00f5geva county<\/a><\/li><li><a href=\"https:\/\/www.visittartu.com\/\">Tourist information about the city of Tartu and Tartu County.<\/a><\/li><\/ul><\/div><\/div><\/div><\/div><\/div><\/div><\/div>\n","protected":false},"excerpt":{"rendered":"Ice Age Centre is located next to the beautiful lake Saadj\u00e4rv. During summer you can swim, fish or boat on lake Saadj\u00e4rv.In \u00c4ksi, the building of Saadj\u00e4rve Nature Centre includes: office of the Ice Age Centre, classroom of Saadj\u00e4rve Nature School, the museum-room of the Finnish Boys, \u00c4ksi Library and \u00c4ksi store.The following organisations operate&#8230; <a class=\"view-article\" href=\"https:\/\/jaaaeg.ee\/en\/jaaaja-keskusest\/other-possibilities\/\">Read more<\/a>","protected":false},"author":1,"featured_media":0,"parent":1441,"menu_order":314,"comment_status":"closed","ping_status":"closed","template":"template-sidebar.php","meta":{"_acf_changed":false,"ngg_post_thumbnail":0,"footnotes":""},"class_list":["post-1524","page","type-page","status-publish","hentry"],"acf":[],"yoast_head":"<!-- This site is optimized with the Yoast SEO plugin v27.4 - https:\/\/yoast.com\/product\/yoast-seo-wordpress\/ -->\n<title>Other possibilities - J\u00e4\u00e4aja Keskus<\/title>\n<meta name=\"robots\" content=\"index, follow, max-snippet:-1, max-image-preview:large, max-video-preview:-1\" \/>\n<link rel=\"canonical\" href=\"https:\/\/jaaaeg.ee\/en\/jaaaja-keskusest\/other-possibilities\/\" \/>\n<meta property=\"og:locale\" content=\"en_US\" \/>\n<meta property=\"og:type\" content=\"article\" \/>\n<meta property=\"og:title\" content=\"Other possibilities - J\u00e4\u00e4aja Keskus\" \/>\n<meta property=\"og:description\" content=\"Ice Age Centre is located next to the beautiful lake Saadj\u00e4rv. During summer you can swim, fish or boat on lake Saadj\u00e4rv.In \u00c4ksi, the building of Saadj\u00e4rve Nature Centre includes: office of the Ice Age Centre, classroom of Saadj\u00e4rve Nature School, the museum-room of the Finnish Boys, \u00c4ksi Library and \u00c4ksi store.The following organisations operate... Read more\" \/>\n<meta property=\"og:url\" content=\"https:\/\/jaaaeg.ee\/en\/jaaaja-keskusest\/other-possibilities\/\" \/>\n<meta property=\"og:site_name\" content=\"J\u00e4\u00e4aja Keskus\" \/>\n<meta property=\"article:publisher\" content=\"https:\/\/www.facebook.com\/JaaajaKeskus\/\" \/>\n<meta property=\"article:modified_time\" content=\"2023-06-09T14:16:24+00:00\" \/>\n<meta name=\"twitter:card\" content=\"summary_large_image\" \/>\n<meta name=\"twitter:label1\" content=\"Est. reading time\" \/>\n\t<meta name=\"twitter:data1\" content=\"1 minute\" \/>\n<script type=\"application\/ld+json\" class=\"yoast-schema-graph\">{\"@context\":\"https:\\\/\\\/schema.org\",\"@graph\":[{\"@type\":\"WebPage\",\"@id\":\"https:\\\/\\\/jaaaeg.ee\\\/en\\\/jaaaja-keskusest\\\/other-possibilities\\\/\",\"url\":\"https:\\\/\\\/jaaaeg.ee\\\/en\\\/jaaaja-keskusest\\\/other-possibilities\\\/\",\"name\":\"Other possibilities - J\u00e4\u00e4aja Keskus\",\"isPartOf\":{\"@id\":\"https:\\\/\\\/jaaaeg.ee\\\/ru\\\/#website\"},\"datePublished\":\"2018-10-02T09:07:27+00:00\",\"dateModified\":\"2023-06-09T14:16:24+00:00\",\"breadcrumb\":{\"@id\":\"https:\\\/\\\/jaaaeg.ee\\\/en\\\/jaaaja-keskusest\\\/other-possibilities\\\/#breadcrumb\"},\"inLanguage\":\"en-US\",\"potentialAction\":[{\"@type\":\"ReadAction\",\"target\":[\"https:\\\/\\\/jaaaeg.ee\\\/en\\\/jaaaja-keskusest\\\/other-possibilities\\\/\"]}]},{\"@type\":\"BreadcrumbList\",\"@id\":\"https:\\\/\\\/jaaaeg.ee\\\/en\\\/jaaaja-keskusest\\\/other-possibilities\\\/#breadcrumb\",\"itemListElement\":[{\"@type\":\"ListItem\",\"position\":1,\"name\":\"Home\",\"item\":\"https:\\\/\\\/jaaaeg.ee\\\/en\\\/\"},{\"@type\":\"ListItem\",\"position\":2,\"name\":\"About Ice Age Centre\",\"item\":\"https:\\\/\\\/jaaaeg.ee\\\/en\\\/jaaaja-keskusest\\\/\"},{\"@type\":\"ListItem\",\"position\":3,\"name\":\"Other possibilities\"}]},{\"@type\":\"WebSite\",\"@id\":\"https:\\\/\\\/jaaaeg.ee\\\/ru\\\/#website\",\"url\":\"https:\\\/\\\/jaaaeg.ee\\\/ru\\\/\",\"name\":\"J\u00e4\u00e4aja Keskus\",\"description\":\"avastamisr\u00f5\u00f5m igas vanuses k\u00fclastajatele\",\"potentialAction\":[{\"@type\":\"SearchAction\",\"target\":{\"@type\":\"EntryPoint\",\"urlTemplate\":\"https:\\\/\\\/jaaaeg.ee\\\/ru\\\/?s={search_term_string}\"},\"query-input\":{\"@type\":\"PropertyValueSpecification\",\"valueRequired\":true,\"valueName\":\"search_term_string\"}}],\"inLanguage\":\"en-US\"}]}<\/script>\n<!-- \/ Yoast SEO plugin. -->","yoast_head_json":{"title":"Other possibilities - J\u00e4\u00e4aja Keskus","robots":{"index":"index","follow":"follow","max-snippet":"max-snippet:-1","max-image-preview":"max-image-preview:large","max-video-preview":"max-video-preview:-1"},"canonical":"https:\/\/jaaaeg.ee\/en\/jaaaja-keskusest\/other-possibilities\/","og_locale":"en_US","og_type":"article","og_title":"Other possibilities - J\u00e4\u00e4aja Keskus","og_description":"Ice Age Centre is located next to the beautiful lake Saadj\u00e4rv. During summer you can swim, fish or boat on lake Saadj\u00e4rv.In \u00c4ksi, the building of Saadj\u00e4rve Nature Centre includes: office of the Ice Age Centre, classroom of Saadj\u00e4rve Nature School, the museum-room of the Finnish Boys, \u00c4ksi Library and \u00c4ksi store.The following organisations operate... Read more","og_url":"https:\/\/jaaaeg.ee\/en\/jaaaja-keskusest\/other-possibilities\/","og_site_name":"J\u00e4\u00e4aja Keskus","article_publisher":"https:\/\/www.facebook.com\/JaaajaKeskus\/","article_modified_time":"2023-06-09T14:16:24+00:00","twitter_card":"summary_large_image","twitter_misc":{"Est. reading time":"1 minute"},"schema":{"@context":"https:\/\/schema.org","@graph":[{"@type":"WebPage","@id":"https:\/\/jaaaeg.ee\/en\/jaaaja-keskusest\/other-possibilities\/","url":"https:\/\/jaaaeg.ee\/en\/jaaaja-keskusest\/other-possibilities\/","name":"Other possibilities - J\u00e4\u00e4aja Keskus","isPartOf":{"@id":"https:\/\/jaaaeg.ee\/ru\/#website"},"datePublished":"2018-10-02T09:07:27+00:00","dateModified":"2023-06-09T14:16:24+00:00","breadcrumb":{"@id":"https:\/\/jaaaeg.ee\/en\/jaaaja-keskusest\/other-possibilities\/#breadcrumb"},"inLanguage":"en-US","potentialAction":[{"@type":"ReadAction","target":["https:\/\/jaaaeg.ee\/en\/jaaaja-keskusest\/other-possibilities\/"]}]},{"@type":"BreadcrumbList","@id":"https:\/\/jaaaeg.ee\/en\/jaaaja-keskusest\/other-possibilities\/#breadcrumb","itemListElement":[{"@type":"ListItem","position":1,"name":"Home","item":"https:\/\/jaaaeg.ee\/en\/"},{"@type":"ListItem","position":2,"name":"About Ice Age Centre","item":"https:\/\/jaaaeg.ee\/en\/jaaaja-keskusest\/"},{"@type":"ListItem","position":3,"name":"Other possibilities"}]},{"@type":"WebSite","@id":"https:\/\/jaaaeg.ee\/ru\/#website","url":"https:\/\/jaaaeg.ee\/ru\/","name":"J\u00e4\u00e4aja Keskus","description":"avastamisr\u00f5\u00f5m igas vanuses k\u00fclastajatele","potentialAction":[{"@type":"SearchAction","target":{"@type":"EntryPoint","urlTemplate":"https:\/\/jaaaeg.ee\/ru\/?s={search_term_string}"},"query-input":{"@type":"PropertyValueSpecification","valueRequired":true,"valueName":"search_term_string"}}],"inLanguage":"en-US"}]}},"_links":{"self":[{"href":"https:\/\/jaaaeg.ee\/en\/wp-json\/wp\/v2\/pages\/1524","targetHints":{"allow":["GET"]}}],"collection":[{"href":"https:\/\/jaaaeg.ee\/en\/wp-json\/wp\/v2\/pages"}],"about":[{"href":"https:\/\/jaaaeg.ee\/en\/wp-json\/wp\/v2\/types\/page"}],"author":[{"embeddable":true,"href":"https:\/\/jaaaeg.ee\/en\/wp-json\/wp\/v2\/users\/1"}],"replies":[{"embeddable":true,"href":"https:\/\/jaaaeg.ee\/en\/wp-json\/wp\/v2\/comments?post=1524"}],"version-history":[{"count":5,"href":"https:\/\/jaaaeg.ee\/en\/wp-json\/wp\/v2\/pages\/1524\/revisions"}],"predecessor-version":[{"id":1683,"href":"https:\/\/jaaaeg.ee\/en\/wp-json\/wp\/v2\/pages\/1524\/revisions\/1683"}],"up":[{"embeddable":true,"href":"https:\/\/jaaaeg.ee\/en\/wp-json\/wp\/v2\/pages\/1441"}],"wp:attachment":[{"href":"https:\/\/jaaaeg.ee\/en\/wp-json\/wp\/v2\/media?parent=1524"}],"curies":[{"name":"wp","href":"https:\/\/api.w.org\/{rel}","templated":true}]}}