{"id":1519,"date":"2018-10-02T12:01:52","date_gmt":"2018-10-02T09:01:52","guid":{"rendered":"http:\/\/jaaaeg.ee\/?page_id=1519"},"modified":"2025-10-17T14:12:10","modified_gmt":"2025-10-17T11:12:10","slug":"visiting-packages","status":"publish","type":"page","link":"https:\/\/jaaaeg.ee\/en\/jaaaja-keskusest\/visiting-packages\/","title":{"rendered":"Visiting packages"},"content":{"rendered":"\r\n<div class=\"vce-row-container\">\r\n<div id=\"el-daef61c2\" class=\"vce-row vce-row--col-gap-30 vce-row-columns--top vce-row-content--top\" data-vce-do-apply=\"all el-daef61c2\">\r\n<div class=\"vce-row-content\" data-vce-element-content=\"true\">\r\n<div id=\"el-c47550c7\" class=\"vce-col vce-col--md-100p vce-col--xs-1 vce-col--xs-last vce-col--xs-first vce-col--sm-last vce-col--sm-first vce-col--md-last vce-col--lg-last vce-col--xl-last vce-col--md-first vce-col--lg-first vce-col--xl-first\">\r\n<div class=\"vce-col-inner\" data-vce-do-apply=\"border margin background el-c47550c7\">\r\n<div class=\"vce-col-content\" data-vce-element-content=\"true\" data-vce-do-apply=\"padding el-c47550c7\">\r\n<div class=\"vce-text-block\">\r\n<div id=\"el-00bfc286\" class=\"vce-text-block-wrapper vce\" data-vce-do-apply=\"all el-00bfc286\">\r\n\r\nWe have made your life easier and offer you comfortable visiting packages together with our partners! <strong>See them for yourself and choose the most suitable!<\/strong>\r\n\r\n<strong>Visiting packages with accommodation:<\/strong>\r\n<p data-start=\"0\" data-end=\"209\">Discover exciting family holidays in Tartu together with the <strong data-start=\"61\" data-end=\"79\">Ice Age Centre<\/strong>!<br data-start=\"80\" data-end=\"83\">Choose the perfect package for your family and combine an educational adventure with a relaxing stay at a comfortable hotel.<\/p>\r\n<p data-start=\"211\" data-end=\"462\"><strong data-start=\"214\" data-end=\"336\"><a class=\"decorated-link\" href=\"https:\/\/hothotpack.com\/en\/package\/554\/exciting_family_holidays_in_tartu_3_days_2_nights\" target=\"_new\" rel=\"noopener\" data-start=\"216\" data-end=\"334\">Hotel Sophia Family Package<\/a><\/strong> \u2013 enjoy three days and two nights filled with fun activities for the whole family, including a visit to the Ice Age Centre.<\/p>\r\n<p data-start=\"464\" data-end=\"721\"><strong data-start=\"467\" data-end=\"584\"><a class=\"decorated-link\" href=\"https:\/\/hothotpack.com\/en\/package\/547\/family_holidays_in_tartu_3_days_2_nights\" target=\"_new\" rel=\"noopener\" data-start=\"469\" data-end=\"582\">Art Hotel Pallas Family Package<\/a><\/strong> \u2013 a wonderful opportunity to experience Tartu\u2019s culture, art, and science while exploring the city and the fascinating Ice Age Centre.<\/p>\r\n<p data-start=\"723\" data-end=\"814\" data-is-last-node=\"\" data-is-only-node=\"\">Plan your next getaway to Tartu \u2013 where adventure, curiosity, and family joy come together!<\/p>\r\n\r\n<\/div>\r\n<\/div>\r\n<\/div>\r\n<\/div>\r\n<\/div>\r\n<\/div>\r\n<\/div>\r\n<\/div>\r\n<div class=\"vce-row-container\">\r\n<div id=\"el-edda98e3\" class=\"vce-row vce-row--col-gap-30 vce-row-columns--top vce-row-content--top\" data-vce-do-apply=\"all el-edda98e3\">\r\n<div class=\"vce-row-content\" data-vce-element-content=\"true\">\r\n<div id=\"el-30e25182\" class=\"vce-col vce-col--md-auto vce-col--xs-1 vce-col--xs-last vce-col--xs-first vce-col--sm-last vce-col--sm-first vce-col--md-last vce-col--lg-last vce-col--xl-last vce-col--md-first vce-col--lg-first vce-col--xl-first\">\r\n<div class=\"vce-col-inner\" data-vce-do-apply=\"border margin background el-30e25182\">\r\n<div class=\"vce-col-content\" data-vce-element-content=\"true\" data-vce-do-apply=\"padding el-30e25182\">\r\n<div class=\"vce-text-block\">\r\n<div id=\"el-c2d08641\" class=\"vce-text-block-wrapper vce\" data-vce-do-apply=\"all el-c2d08641\">\r\n<h2><strong>Visiting packages together with other centres:<\/strong><\/h2>\r\n<\/div>\r\n<\/div>\r\n<\/div>\r\n<\/div>\r\n<\/div>\r\n<\/div>\r\n<\/div>\r\n<\/div>\r\n<div class=\"vce-row-container\">\r\n<div id=\"el-a6b800fe\" class=\"vce-row vce-row--col-gap-30 vce-row-columns--top vce-row-content--top\" data-vce-do-apply=\"all el-a6b800fe\">\r\n<div class=\"vce-row-content\" data-vce-element-content=\"true\">\r\n<div id=\"el-825dffc8\" class=\"vce-col vce-col--md-auto vce-col--xs-1 vce-col--xs-last vce-col--xs-first vce-col--sm-last vce-col--sm-first vce-col--md-last vce-col--lg-last vce-col--xl-last vce-col--md-first vce-col--lg-first vce-col--xl-first\">\r\n<div class=\"vce-col-inner\" data-vce-do-apply=\"border margin background el-825dffc8\">\r\n<div class=\"vce-col-content\" data-vce-element-content=\"true\" data-vce-do-apply=\"padding el-825dffc8\">\r\n<div class=\"vce-faq-toggle vce-faq-toggle-color--fff vce-faq-toggle-shape-color--1D64C5 vce-faq-toggle-shape--rounded\">\r\n<div id=\"el-1b7da73e\" class=\"vce-faq-toggle-wrapper vce\" data-vce-do-apply=\"margin padding border background el-1b7da73e\">\r\n<div class=\"vce-faq-toggle-inner\">\r\n<div class=\"vce-faq-toggle-title\">\r\n<h3 class=\"vce-faq-toggle-title-text\"><i class=\"vce-faq-toggle-icon\"><\/i>Visiting Aura Water Park with Ice Age Centre ticket<\/h3>\r\n<\/div>\r\n<div class=\"vce-faq-toggle-text-block\">\r\n\r\nThe joint offer of Ice Age Centre and&nbsp; <a href=\"https:\/\/www.aurakeskus.ee\/\">Aura Water Park<\/a> Keep the check of the first centre and you get 20% off when visiting the second centre in 7 days. The offer stands both at Ice Age Centre and in Aura Water Park!\r\n\r\n<\/div>\r\n<\/div>\r\n<\/div>\r\n<\/div>\r\n<div class=\"vce-faq-toggle vce-faq-toggle-color--fff vce-faq-toggle-shape-color--1D64C5 vce-faq-toggle-shape--rounded\">\r\n<div id=\"el-76edb7ef\" class=\"vce-faq-toggle-wrapper vce\" data-vce-do-apply=\"margin padding border background el-76edb7ef\">\r\n<div class=\"vce-faq-toggle-inner\">\r\n<div class=\"vce-faq-toggle-title\">\r\n<h3 class=\"vce-faq-toggle-title-text\"><i class=\"vce-faq-toggle-icon\"><\/i>Visiting V Spa with Ice Age Centre ticket<\/h3>\r\n<\/div>\r\n<div class=\"vce-faq-toggle-text-block\">\r\n\r\nWhen showing the Ice Age Centre ticket you get 10% off the normal price of V Spa ticket. You can also enter the Ice Age Centre 10% cheaper with the V Spa ticket. Information about V Spa:&nbsp;<a href=\"https:\/\/vspa.ee\/\">https:\/\/vspa.ee\/<\/a>\r\n\r\nDiscount is not valid for other offers and lasts for 7 days after the purchase of the first ticket.\r\n\r\n<\/div>\r\n<\/div>\r\n<\/div>\r\n<\/div>\r\n<div class=\"vce-faq-toggle vce-faq-toggle-color--fff vce-faq-toggle-shape-color--1D64C5 vce-faq-toggle-shape--rounded\">\r\n<div id=\"el-9fead511\" class=\"vce-faq-toggle-wrapper vce\" data-vce-do-apply=\"margin padding border background el-9fead511\">\r\n<div class=\"vce-faq-toggle-inner\">\r\n<div class=\"vce-faq-toggle-title\">\r\n<h3 class=\"vce-faq-toggle-title-text\"><i class=\"vce-faq-toggle-icon\"><\/i>Visiting Estonian National Museum with Ice Age Centre ticket<\/h3>\r\n<\/div>\r\n<div class=\"vce-faq-toggle-text-block\">\r\n\r\n<span style=\"font-weight: 400;\">The Ice Age Centre and Estonian National Museum invite you to discover the world! <\/span><span style=\"font-weight: 400;\">An exciting story that begins with the creation of the world and takes you to today\u2019s Estonian culture is waiting for you!<\/span>\r\n\r\nIf you present a ticket to one of these museums, you receive a<b> 20% discount<\/b> on a ticket to the other!&nbsp;\r\n\r\n<\/div>\r\n<a href=\"https:\/\/jaaaeg.ee\/wp-content\/uploads\/2025\/10\/SSepp_JK-oues-2-scaled.jpeg\"><img loading=\"lazy\" decoding=\"async\" width=\"2560\" height=\"1920\" class=\"alignnone size-full wp-image-32967\" title=\"SSepp_JK \u00f5ues (2)\" src=\"https:\/\/jaaaeg.ee\/wp-content\/uploads\/2025\/10\/SSepp_JK-oues-2-scaled.jpeg\" alt=\"\" srcset=\"https:\/\/jaaaeg.ee\/wp-content\/uploads\/2025\/10\/SSepp_JK-oues-2-scaled.jpeg 2560w, https:\/\/jaaaeg.ee\/wp-content\/uploads\/2025\/10\/SSepp_JK-oues-2-300x225.jpeg 300w, https:\/\/jaaaeg.ee\/wp-content\/uploads\/2025\/10\/SSepp_JK-oues-2-700x525.jpeg 700w, https:\/\/jaaaeg.ee\/wp-content\/uploads\/2025\/10\/SSepp_JK-oues-2-768x576.jpeg 768w, https:\/\/jaaaeg.ee\/wp-content\/uploads\/2025\/10\/SSepp_JK-oues-2-1536x1152.jpeg 1536w, https:\/\/jaaaeg.ee\/wp-content\/uploads\/2025\/10\/SSepp_JK-oues-2-2048x1536.jpeg 2048w, https:\/\/jaaaeg.ee\/wp-content\/uploads\/2025\/10\/SSepp_JK-oues-2-120x90.jpeg 120w, https:\/\/jaaaeg.ee\/wp-content\/uploads\/2025\/10\/SSepp_JK-oues-2-1900x1425.jpeg 1900w, https:\/\/jaaaeg.ee\/wp-content\/uploads\/2025\/10\/SSepp_JK-oues-2-320x240.jpeg 320w, https:\/\/jaaaeg.ee\/wp-content\/uploads\/2025\/10\/SSepp_JK-oues-2-480x360.jpeg 480w, https:\/\/jaaaeg.ee\/wp-content\/uploads\/2025\/10\/SSepp_JK-oues-2-800x600.jpeg 800w, https:\/\/jaaaeg.ee\/wp-content\/uploads\/2025\/10\/SSepp_JK-oues-2-600x450.jpeg 600w\" sizes=\"auto, (max-width: 2560px) 100vw, 2560px\" \/><\/a>\r\n\r\n<\/div>\r\n<\/div>\r\n<\/div>\r\n<\/div>\r\n<\/div>\r\n<\/div>\r\n<\/div>\r\n<\/div>\r\n<\/div>\r\n<div class=\"vce-row-container\">\r\n<div id=\"el-9e490c76\" class=\"vce-row vce-row--col-gap-30 vce-row-columns--top vce-row-content--top\" data-vce-do-apply=\"all el-9e490c76\">\r\n<div class=\"vce-row-content\" data-vce-element-content=\"true\">\r\n<div id=\"el-49fefdf8\" class=\"vce-col vce-col--md-auto vce-col--xs-1 vce-col--xs-last vce-col--xs-first vce-col--sm-last vce-col--sm-first vce-col--md-last vce-col--lg-last vce-col--xl-last vce-col--md-first vce-col--lg-first vce-col--xl-first\">\r\n<div class=\"vce-col-inner\" data-vce-do-apply=\"border margin background el-49fefdf8\">\r\n<div class=\"vce-col-content\" data-vce-element-content=\"true\" data-vce-do-apply=\"padding el-49fefdf8\">&nbsp;<\/div>\r\n<\/div>\r\n<\/div>\r\n<\/div>\r\n<\/div>\r\n<\/div>\r\n\n","protected":false},"excerpt":{"rendered":"We have made your life easier and offer you comfortable visiting packages together with our partners! See them for yourself and choose the most suitable! Visiting packages with accommodation: Discover exciting family holidays in Tartu together with the Ice Age Centre!Choose the perfect package for your family and combine an educational adventure with a relaxing&#8230; <a class=\"view-article\" href=\"https:\/\/jaaaeg.ee\/en\/jaaaja-keskusest\/visiting-packages\/\">Read more<\/a>","protected":false},"author":1,"featured_media":0,"parent":1441,"menu_order":323,"comment_status":"closed","ping_status":"closed","template":"","meta":{"_acf_changed":false,"ngg_post_thumbnail":0,"footnotes":""},"class_list":["post-1519","page","type-page","status-publish","hentry"],"acf":[],"yoast_head":"<!-- This site is optimized with the Yoast SEO plugin v27.3 - https:\/\/yoast.com\/product\/yoast-seo-wordpress\/ -->\n<title>Visiting packages - J\u00e4\u00e4aja Keskus<\/title>\n<meta name=\"robots\" content=\"index, follow, max-snippet:-1, max-image-preview:large, max-video-preview:-1\" \/>\n<link rel=\"canonical\" href=\"https:\/\/jaaaeg.ee\/en\/jaaaja-keskusest\/visiting-packages\/\" \/>\n<meta property=\"og:locale\" content=\"en_US\" \/>\n<meta property=\"og:type\" content=\"article\" \/>\n<meta property=\"og:title\" content=\"Visiting packages - J\u00e4\u00e4aja Keskus\" \/>\n<meta property=\"og:description\" content=\"We have made your life easier and offer you comfortable visiting packages together with our partners! See them for yourself and choose the most suitable! Visiting packages with accommodation: Discover exciting family holidays in Tartu together with the Ice Age Centre!Choose the perfect package for your family and combine an educational adventure with a relaxing... Read more\" \/>\n<meta property=\"og:url\" content=\"https:\/\/jaaaeg.ee\/en\/jaaaja-keskusest\/visiting-packages\/\" \/>\n<meta property=\"og:site_name\" content=\"J\u00e4\u00e4aja Keskus\" \/>\n<meta property=\"article:publisher\" content=\"https:\/\/www.facebook.com\/JaaajaKeskus\/\" \/>\n<meta property=\"article:modified_time\" content=\"2025-10-17T11:12:10+00:00\" \/>\n<meta property=\"og:image\" content=\"https:\/\/jaaaeg.ee\/wp-content\/uploads\/2025\/10\/SSepp_JK-oues-2-scaled.jpeg\" \/>\n\t<meta property=\"og:image:width\" content=\"2560\" \/>\n\t<meta property=\"og:image:height\" content=\"1920\" \/>\n\t<meta property=\"og:image:type\" content=\"image\/jpeg\" \/>\n<meta name=\"twitter:card\" content=\"summary_large_image\" \/>\n<meta name=\"twitter:label1\" content=\"Est. reading time\" \/>\n\t<meta name=\"twitter:data1\" content=\"2 minutes\" \/>\n<script type=\"application\/ld+json\" class=\"yoast-schema-graph\">{\"@context\":\"https:\\\/\\\/schema.org\",\"@graph\":[{\"@type\":\"WebPage\",\"@id\":\"https:\\\/\\\/jaaaeg.ee\\\/en\\\/jaaaja-keskusest\\\/visiting-packages\\\/\",\"url\":\"https:\\\/\\\/jaaaeg.ee\\\/en\\\/jaaaja-keskusest\\\/visiting-packages\\\/\",\"name\":\"Visiting packages - J\u00e4\u00e4aja Keskus\",\"isPartOf\":{\"@id\":\"https:\\\/\\\/jaaaeg.ee\\\/ru\\\/#website\"},\"primaryImageOfPage\":{\"@id\":\"https:\\\/\\\/jaaaeg.ee\\\/en\\\/jaaaja-keskusest\\\/visiting-packages\\\/#primaryimage\"},\"image\":{\"@id\":\"https:\\\/\\\/jaaaeg.ee\\\/en\\\/jaaaja-keskusest\\\/visiting-packages\\\/#primaryimage\"},\"thumbnailUrl\":\"https:\\\/\\\/jaaaeg.ee\\\/wp-content\\\/uploads\\\/2025\\\/10\\\/SSepp_JK-oues-2-scaled.jpeg\",\"datePublished\":\"2018-10-02T09:01:52+00:00\",\"dateModified\":\"2025-10-17T11:12:10+00:00\",\"breadcrumb\":{\"@id\":\"https:\\\/\\\/jaaaeg.ee\\\/en\\\/jaaaja-keskusest\\\/visiting-packages\\\/#breadcrumb\"},\"inLanguage\":\"en-US\",\"potentialAction\":[{\"@type\":\"ReadAction\",\"target\":[\"https:\\\/\\\/jaaaeg.ee\\\/en\\\/jaaaja-keskusest\\\/visiting-packages\\\/\"]}]},{\"@type\":\"ImageObject\",\"inLanguage\":\"en-US\",\"@id\":\"https:\\\/\\\/jaaaeg.ee\\\/en\\\/jaaaja-keskusest\\\/visiting-packages\\\/#primaryimage\",\"url\":\"https:\\\/\\\/jaaaeg.ee\\\/wp-content\\\/uploads\\\/2025\\\/10\\\/SSepp_JK-oues-2-scaled.jpeg\",\"contentUrl\":\"https:\\\/\\\/jaaaeg.ee\\\/wp-content\\\/uploads\\\/2025\\\/10\\\/SSepp_JK-oues-2-scaled.jpeg\"},{\"@type\":\"BreadcrumbList\",\"@id\":\"https:\\\/\\\/jaaaeg.ee\\\/en\\\/jaaaja-keskusest\\\/visiting-packages\\\/#breadcrumb\",\"itemListElement\":[{\"@type\":\"ListItem\",\"position\":1,\"name\":\"Home\",\"item\":\"https:\\\/\\\/jaaaeg.ee\\\/en\\\/\"},{\"@type\":\"ListItem\",\"position\":2,\"name\":\"About Ice Age Centre\",\"item\":\"https:\\\/\\\/jaaaeg.ee\\\/en\\\/jaaaja-keskusest\\\/\"},{\"@type\":\"ListItem\",\"position\":3,\"name\":\"Visiting packages\"}]},{\"@type\":\"WebSite\",\"@id\":\"https:\\\/\\\/jaaaeg.ee\\\/ru\\\/#website\",\"url\":\"https:\\\/\\\/jaaaeg.ee\\\/ru\\\/\",\"name\":\"J\u00e4\u00e4aja Keskus\",\"description\":\"avastamisr\u00f5\u00f5m igas vanuses k\u00fclastajatele\",\"potentialAction\":[{\"@type\":\"SearchAction\",\"target\":{\"@type\":\"EntryPoint\",\"urlTemplate\":\"https:\\\/\\\/jaaaeg.ee\\\/ru\\\/?s={search_term_string}\"},\"query-input\":{\"@type\":\"PropertyValueSpecification\",\"valueRequired\":true,\"valueName\":\"search_term_string\"}}],\"inLanguage\":\"en-US\"}]}<\/script>\n<!-- \/ Yoast SEO plugin. -->","yoast_head_json":{"title":"Visiting packages - J\u00e4\u00e4aja Keskus","robots":{"index":"index","follow":"follow","max-snippet":"max-snippet:-1","max-image-preview":"max-image-preview:large","max-video-preview":"max-video-preview:-1"},"canonical":"https:\/\/jaaaeg.ee\/en\/jaaaja-keskusest\/visiting-packages\/","og_locale":"en_US","og_type":"article","og_title":"Visiting packages - J\u00e4\u00e4aja Keskus","og_description":"We have made your life easier and offer you comfortable visiting packages together with our partners! See them for yourself and choose the most suitable! Visiting packages with accommodation: Discover exciting family holidays in Tartu together with the Ice Age Centre!Choose the perfect package for your family and combine an educational adventure with a relaxing... Read more","og_url":"https:\/\/jaaaeg.ee\/en\/jaaaja-keskusest\/visiting-packages\/","og_site_name":"J\u00e4\u00e4aja Keskus","article_publisher":"https:\/\/www.facebook.com\/JaaajaKeskus\/","article_modified_time":"2025-10-17T11:12:10+00:00","og_image":[{"width":2560,"height":1920,"url":"https:\/\/jaaaeg.ee\/wp-content\/uploads\/2025\/10\/SSepp_JK-oues-2-scaled.jpeg","type":"image\/jpeg"}],"twitter_card":"summary_large_image","twitter_misc":{"Est. reading time":"2 minutes"},"schema":{"@context":"https:\/\/schema.org","@graph":[{"@type":"WebPage","@id":"https:\/\/jaaaeg.ee\/en\/jaaaja-keskusest\/visiting-packages\/","url":"https:\/\/jaaaeg.ee\/en\/jaaaja-keskusest\/visiting-packages\/","name":"Visiting packages - J\u00e4\u00e4aja Keskus","isPartOf":{"@id":"https:\/\/jaaaeg.ee\/ru\/#website"},"primaryImageOfPage":{"@id":"https:\/\/jaaaeg.ee\/en\/jaaaja-keskusest\/visiting-packages\/#primaryimage"},"image":{"@id":"https:\/\/jaaaeg.ee\/en\/jaaaja-keskusest\/visiting-packages\/#primaryimage"},"thumbnailUrl":"https:\/\/jaaaeg.ee\/wp-content\/uploads\/2025\/10\/SSepp_JK-oues-2-scaled.jpeg","datePublished":"2018-10-02T09:01:52+00:00","dateModified":"2025-10-17T11:12:10+00:00","breadcrumb":{"@id":"https:\/\/jaaaeg.ee\/en\/jaaaja-keskusest\/visiting-packages\/#breadcrumb"},"inLanguage":"en-US","potentialAction":[{"@type":"ReadAction","target":["https:\/\/jaaaeg.ee\/en\/jaaaja-keskusest\/visiting-packages\/"]}]},{"@type":"ImageObject","inLanguage":"en-US","@id":"https:\/\/jaaaeg.ee\/en\/jaaaja-keskusest\/visiting-packages\/#primaryimage","url":"https:\/\/jaaaeg.ee\/wp-content\/uploads\/2025\/10\/SSepp_JK-oues-2-scaled.jpeg","contentUrl":"https:\/\/jaaaeg.ee\/wp-content\/uploads\/2025\/10\/SSepp_JK-oues-2-scaled.jpeg"},{"@type":"BreadcrumbList","@id":"https:\/\/jaaaeg.ee\/en\/jaaaja-keskusest\/visiting-packages\/#breadcrumb","itemListElement":[{"@type":"ListItem","position":1,"name":"Home","item":"https:\/\/jaaaeg.ee\/en\/"},{"@type":"ListItem","position":2,"name":"About Ice Age Centre","item":"https:\/\/jaaaeg.ee\/en\/jaaaja-keskusest\/"},{"@type":"ListItem","position":3,"name":"Visiting packages"}]},{"@type":"WebSite","@id":"https:\/\/jaaaeg.ee\/ru\/#website","url":"https:\/\/jaaaeg.ee\/ru\/","name":"J\u00e4\u00e4aja Keskus","description":"avastamisr\u00f5\u00f5m igas vanuses k\u00fclastajatele","potentialAction":[{"@type":"SearchAction","target":{"@type":"EntryPoint","urlTemplate":"https:\/\/jaaaeg.ee\/ru\/?s={search_term_string}"},"query-input":{"@type":"PropertyValueSpecification","valueRequired":true,"valueName":"search_term_string"}}],"inLanguage":"en-US"}]}},"_links":{"self":[{"href":"https:\/\/jaaaeg.ee\/en\/wp-json\/wp\/v2\/pages\/1519","targetHints":{"allow":["GET"]}}],"collection":[{"href":"https:\/\/jaaaeg.ee\/en\/wp-json\/wp\/v2\/pages"}],"about":[{"href":"https:\/\/jaaaeg.ee\/en\/wp-json\/wp\/v2\/types\/page"}],"author":[{"embeddable":true,"href":"https:\/\/jaaaeg.ee\/en\/wp-json\/wp\/v2\/users\/1"}],"replies":[{"embeddable":true,"href":"https:\/\/jaaaeg.ee\/en\/wp-json\/wp\/v2\/comments?post=1519"}],"version-history":[{"count":12,"href":"https:\/\/jaaaeg.ee\/en\/wp-json\/wp\/v2\/pages\/1519\/revisions"}],"predecessor-version":[{"id":32990,"href":"https:\/\/jaaaeg.ee\/en\/wp-json\/wp\/v2\/pages\/1519\/revisions\/32990"}],"up":[{"embeddable":true,"href":"https:\/\/jaaaeg.ee\/en\/wp-json\/wp\/v2\/pages\/1441"}],"wp:attachment":[{"href":"https:\/\/jaaaeg.ee\/en\/wp-json\/wp\/v2\/media?parent=1519"}],"curies":[{"name":"wp","href":"https:\/\/api.w.org\/{rel}","templated":true}]}}