{"id":1515,"date":"2018-10-02T12:00:41","date_gmt":"2018-10-02T09:00:41","guid":{"rendered":"http:\/\/jaaaeg.ee\/?page_id=1515"},"modified":"2025-04-10T13:39:07","modified_gmt":"2025-04-10T10:39:07","slug":"souvenirs","status":"publish","type":"page","link":"https:\/\/jaaaeg.ee\/en\/jaaaja-keskusest\/souvenirs\/","title":{"rendered":"Giftshop"},"content":{"rendered":"<div class=\"vce-row-container\" data-vce-boxed-width=\"true\"><div class=\"vce-row vce-row--col-gap-30 vce-row-content--top\" id=\"el-69c7ec5b\" data-vce-do-apply=\"all el-69c7ec5b\"><div class=\"vce-row-content\" data-vce-element-content=\"true\"><div class=\"vce-col vce-col--md-100p vce-col--xs-1 vce-col--xs-last vce-col--xs-first vce-col--sm-last vce-col--sm-first vce-col--md-last vce-col--lg-last vce-col--xl-last vce-col--md-first vce-col--lg-first vce-col--xl-first\" id=\"el-7add824c\"><div class=\"vce-col-inner\" data-vce-do-apply=\"border margin background  el-7add824c\"><div class=\"vce-col-content\" data-vce-element-content=\"true\" data-vce-do-apply=\"padding el-7add824c\"><div class=\"vce-text-block\"><div class=\"vce-text-block-wrapper vce\" id=\"el-819dd3a2\" data-vce-do-apply=\"all el-819dd3a2\"><p class=\"\" data-start=\"0\" data-end=\"148\">The Ice Age Centre giftshop offers unique gifts and memorabilia. <strong>The selection includes both local products and exclusive Ice Age-themed gifts.<\/strong><\/p><p class=\"\" data-start=\"150\" data-end=\"277\">The plush toys sold are made from recycled materials, and <strong>most of the products are as sustainable and eco-friendly as possible.<\/strong><\/p><h2 data-start=\"279\" data-end=\"393\">Many of the products are designed specifically for the Ice Age Centre and are available exclusively in this store.<\/h2><p class=\"\" data-start=\"395\" data-end=\"457\">Visitors of all ages can find something they like in the shop.<\/p><p class=\"\" data-start=\"459\" data-end=\"527\">Payment for services and goods can be made both in cash and by card.<\/p><\/div><\/div><div class=\"vce-image-gallery vce-image-gallery--gap-10 vce-image-gallery--columns-3\"><div class=\"vce-image-gallery-wrapper vce\" id=\"el-6cf9c78c\" data-vce-do-apply=\"all el-6cf9c78c\"><div class=\"vce-image-gallery-list\"><div class=\"vce-image-gallery-item\"><figure class=\"vce-image-gallery-item-inner-wrapper\"><a href=\"https:\/\/jaaaeg.ee\/wp-content\/uploads\/2024\/10\/20240911_162143-scaled.jpg\" data-lightbox=\"lightbox-6cf9c78c\" class=\"vce-image-gallery-item-inner\"><img decoding=\"async\" class=\"vce-image-gallery-img vce-image-gallery-img--orientation-portrait\" src=\"https:\/\/jaaaeg.ee\/wp-content\/uploads\/2024\/10\/20240911_162143-700x1243.jpg\" alt=\"20240911 162143 scaled\" title=\"20240911 162143 scaled\"><\/a><\/figure><\/div><div class=\"vce-image-gallery-item\"><figure class=\"vce-image-gallery-item-inner-wrapper\"><a href=\"https:\/\/jaaaeg.ee\/wp-content\/uploads\/2020\/10\/jaaajakeskus-DSC_9509-scaled.jpg\" data-lightbox=\"lightbox-6cf9c78c\" class=\"vce-image-gallery-item-inner\"><img decoding=\"async\" class=\"vce-image-gallery-img\" src=\"https:\/\/jaaaeg.ee\/wp-content\/uploads\/2020\/10\/jaaajakeskus-DSC_9509-700x467.jpg\" alt=\"jaaajakeskus DSC 9509 scaled\" title=\"jaaajakeskus DSC 9509 scaled\"><\/a><\/figure><\/div><div class=\"vce-image-gallery-item\"><figure class=\"vce-image-gallery-item-inner-wrapper\"><a href=\"https:\/\/jaaaeg.ee\/wp-content\/uploads\/2020\/10\/IMG-7927-scaled.jpg\" data-lightbox=\"lightbox-6cf9c78c\" class=\"vce-image-gallery-item-inner\"><img decoding=\"async\" class=\"vce-image-gallery-img\" src=\"https:\/\/jaaaeg.ee\/wp-content\/uploads\/2020\/10\/IMG-7927-700x522.jpg\" alt=\"IMG 7927 scaled\" title=\"IMG 7927 scaled\"><\/a><\/figure><\/div><div class=\"vce-image-gallery-item\"><figure class=\"vce-image-gallery-item-inner-wrapper\"><a href=\"https:\/\/jaaaeg.ee\/wp-content\/uploads\/2020\/10\/IMG-7921-scaled.jpg\" data-lightbox=\"lightbox-6cf9c78c\" class=\"vce-image-gallery-item-inner\"><img decoding=\"async\" class=\"vce-image-gallery-img\" src=\"https:\/\/jaaaeg.ee\/wp-content\/uploads\/2020\/10\/IMG-7921-700x525.jpg\" alt=\"IMG 7921 scaled\" title=\"IMG 7921 scaled\"><\/a><\/figure><\/div><div class=\"vce-image-gallery-item\"><figure class=\"vce-image-gallery-item-inner-wrapper\"><a href=\"https:\/\/jaaaeg.ee\/wp-content\/uploads\/2020\/10\/IMG-7909-scaled.jpg\" data-lightbox=\"lightbox-6cf9c78c\" class=\"vce-image-gallery-item-inner\"><img decoding=\"async\" class=\"vce-image-gallery-img\" src=\"https:\/\/jaaaeg.ee\/wp-content\/uploads\/2020\/10\/IMG-7909-700x525.jpg\" alt=\"IMG 7909 scaled\" title=\"IMG 7909 scaled\"><\/a><\/figure><\/div><div class=\"vce-image-gallery-item\"><figure class=\"vce-image-gallery-item-inner-wrapper\"><a href=\"https:\/\/jaaaeg.ee\/wp-content\/uploads\/2020\/10\/IMG-7913-scaled.jpg\" data-lightbox=\"lightbox-6cf9c78c\" class=\"vce-image-gallery-item-inner\"><img decoding=\"async\" class=\"vce-image-gallery-img\" src=\"https:\/\/jaaaeg.ee\/wp-content\/uploads\/2020\/10\/IMG-7913-700x525.jpg\" alt=\"IMG 7913 scaled\" title=\"IMG 7913 scaled\"><\/a><\/figure><\/div><\/div><\/div><\/div><\/div><\/div><\/div><\/div><\/div><\/div>\n","protected":false},"excerpt":{"rendered":"The Ice Age Centre giftshop offers unique gifts and memorabilia. The selection includes both local products and exclusive Ice Age-themed gifts.The plush toys sold are made from recycled materials, and most of the products are as sustainable and eco-friendly as possible.Many of the products are designed specifically for the Ice Age Centre and are available&#8230; <a class=\"view-article\" href=\"https:\/\/jaaaeg.ee\/en\/jaaaja-keskusest\/souvenirs\/\">Read more<\/a>","protected":false},"author":1,"featured_media":18913,"parent":1441,"menu_order":328,"comment_status":"closed","ping_status":"closed","template":"template-sidebar.php","meta":{"_acf_changed":false,"ngg_post_thumbnail":0,"footnotes":""},"class_list":["post-1515","page","type-page","status-publish","has-post-thumbnail","hentry"],"acf":[],"yoast_head":"<!-- This site is optimized with the Yoast SEO plugin v27.3 - https:\/\/yoast.com\/product\/yoast-seo-wordpress\/ -->\n<title>Giftshop - J\u00e4\u00e4aja Keskus<\/title>\n<meta name=\"robots\" content=\"index, follow, max-snippet:-1, max-image-preview:large, max-video-preview:-1\" \/>\n<link rel=\"canonical\" href=\"https:\/\/jaaaeg.ee\/en\/jaaaja-keskusest\/souvenirs\/\" \/>\n<meta property=\"og:locale\" content=\"en_US\" \/>\n<meta property=\"og:type\" content=\"article\" \/>\n<meta property=\"og:title\" content=\"Giftshop - J\u00e4\u00e4aja Keskus\" \/>\n<meta property=\"og:description\" content=\"The Ice Age Centre giftshop offers unique gifts and memorabilia. The selection includes both local products and exclusive Ice Age-themed gifts.The plush toys sold are made from recycled materials, and most of the products are as sustainable and eco-friendly as possible.Many of the products are designed specifically for the Ice Age Centre and are available... Read more\" \/>\n<meta property=\"og:url\" content=\"https:\/\/jaaaeg.ee\/en\/jaaaja-keskusest\/souvenirs\/\" \/>\n<meta property=\"og:site_name\" content=\"J\u00e4\u00e4aja Keskus\" \/>\n<meta property=\"article:publisher\" content=\"https:\/\/www.facebook.com\/JaaajaKeskus\/\" \/>\n<meta property=\"article:modified_time\" content=\"2025-04-10T10:39:07+00:00\" \/>\n<meta property=\"og:image\" content=\"https:\/\/jaaaeg.ee\/wp-content\/uploads\/2020\/10\/jaaajakeskus-DSC_9509-scaled.jpg\" \/>\n\t<meta property=\"og:image:width\" content=\"2560\" \/>\n\t<meta property=\"og:image:height\" content=\"1707\" \/>\n\t<meta property=\"og:image:type\" content=\"image\/jpeg\" \/>\n<meta name=\"twitter:card\" content=\"summary_large_image\" \/>\n<meta name=\"twitter:label1\" content=\"Est. reading time\" \/>\n\t<meta name=\"twitter:data1\" content=\"1 minute\" \/>\n<script type=\"application\/ld+json\" class=\"yoast-schema-graph\">{\"@context\":\"https:\\\/\\\/schema.org\",\"@graph\":[{\"@type\":\"WebPage\",\"@id\":\"https:\\\/\\\/jaaaeg.ee\\\/en\\\/jaaaja-keskusest\\\/souvenirs\\\/\",\"url\":\"https:\\\/\\\/jaaaeg.ee\\\/en\\\/jaaaja-keskusest\\\/souvenirs\\\/\",\"name\":\"Giftshop - J\u00e4\u00e4aja Keskus\",\"isPartOf\":{\"@id\":\"https:\\\/\\\/jaaaeg.ee\\\/ru\\\/#website\"},\"primaryImageOfPage\":{\"@id\":\"https:\\\/\\\/jaaaeg.ee\\\/en\\\/jaaaja-keskusest\\\/souvenirs\\\/#primaryimage\"},\"image\":{\"@id\":\"https:\\\/\\\/jaaaeg.ee\\\/en\\\/jaaaja-keskusest\\\/souvenirs\\\/#primaryimage\"},\"thumbnailUrl\":\"https:\\\/\\\/jaaaeg.ee\\\/wp-content\\\/uploads\\\/2020\\\/10\\\/jaaajakeskus-DSC_9509-scaled.jpg\",\"datePublished\":\"2018-10-02T09:00:41+00:00\",\"dateModified\":\"2025-04-10T10:39:07+00:00\",\"breadcrumb\":{\"@id\":\"https:\\\/\\\/jaaaeg.ee\\\/en\\\/jaaaja-keskusest\\\/souvenirs\\\/#breadcrumb\"},\"inLanguage\":\"en-US\",\"potentialAction\":[{\"@type\":\"ReadAction\",\"target\":[\"https:\\\/\\\/jaaaeg.ee\\\/en\\\/jaaaja-keskusest\\\/souvenirs\\\/\"]}]},{\"@type\":\"ImageObject\",\"inLanguage\":\"en-US\",\"@id\":\"https:\\\/\\\/jaaaeg.ee\\\/en\\\/jaaaja-keskusest\\\/souvenirs\\\/#primaryimage\",\"url\":\"https:\\\/\\\/jaaaeg.ee\\\/wp-content\\\/uploads\\\/2020\\\/10\\\/jaaajakeskus-DSC_9509-scaled.jpg\",\"contentUrl\":\"https:\\\/\\\/jaaaeg.ee\\\/wp-content\\\/uploads\\\/2020\\\/10\\\/jaaajakeskus-DSC_9509-scaled.jpg\",\"width\":2560,\"height\":1707,\"caption\":\"jaaajakeskus DSC 9509 scaled\"},{\"@type\":\"BreadcrumbList\",\"@id\":\"https:\\\/\\\/jaaaeg.ee\\\/en\\\/jaaaja-keskusest\\\/souvenirs\\\/#breadcrumb\",\"itemListElement\":[{\"@type\":\"ListItem\",\"position\":1,\"name\":\"Home\",\"item\":\"https:\\\/\\\/jaaaeg.ee\\\/en\\\/\"},{\"@type\":\"ListItem\",\"position\":2,\"name\":\"About Ice Age Centre\",\"item\":\"https:\\\/\\\/jaaaeg.ee\\\/en\\\/jaaaja-keskusest\\\/\"},{\"@type\":\"ListItem\",\"position\":3,\"name\":\"Giftshop\"}]},{\"@type\":\"WebSite\",\"@id\":\"https:\\\/\\\/jaaaeg.ee\\\/ru\\\/#website\",\"url\":\"https:\\\/\\\/jaaaeg.ee\\\/ru\\\/\",\"name\":\"J\u00e4\u00e4aja Keskus\",\"description\":\"avastamisr\u00f5\u00f5m igas vanuses k\u00fclastajatele\",\"potentialAction\":[{\"@type\":\"SearchAction\",\"target\":{\"@type\":\"EntryPoint\",\"urlTemplate\":\"https:\\\/\\\/jaaaeg.ee\\\/ru\\\/?s={search_term_string}\"},\"query-input\":{\"@type\":\"PropertyValueSpecification\",\"valueRequired\":true,\"valueName\":\"search_term_string\"}}],\"inLanguage\":\"en-US\"}]}<\/script>\n<!-- \/ Yoast SEO plugin. -->","yoast_head_json":{"title":"Giftshop - J\u00e4\u00e4aja Keskus","robots":{"index":"index","follow":"follow","max-snippet":"max-snippet:-1","max-image-preview":"max-image-preview:large","max-video-preview":"max-video-preview:-1"},"canonical":"https:\/\/jaaaeg.ee\/en\/jaaaja-keskusest\/souvenirs\/","og_locale":"en_US","og_type":"article","og_title":"Giftshop - J\u00e4\u00e4aja Keskus","og_description":"The Ice Age Centre giftshop offers unique gifts and memorabilia. The selection includes both local products and exclusive Ice Age-themed gifts.The plush toys sold are made from recycled materials, and most of the products are as sustainable and eco-friendly as possible.Many of the products are designed specifically for the Ice Age Centre and are available... Read more","og_url":"https:\/\/jaaaeg.ee\/en\/jaaaja-keskusest\/souvenirs\/","og_site_name":"J\u00e4\u00e4aja Keskus","article_publisher":"https:\/\/www.facebook.com\/JaaajaKeskus\/","article_modified_time":"2025-04-10T10:39:07+00:00","og_image":[{"width":2560,"height":1707,"url":"https:\/\/jaaaeg.ee\/wp-content\/uploads\/2020\/10\/jaaajakeskus-DSC_9509-scaled.jpg","type":"image\/jpeg"}],"twitter_card":"summary_large_image","twitter_misc":{"Est. reading time":"1 minute"},"schema":{"@context":"https:\/\/schema.org","@graph":[{"@type":"WebPage","@id":"https:\/\/jaaaeg.ee\/en\/jaaaja-keskusest\/souvenirs\/","url":"https:\/\/jaaaeg.ee\/en\/jaaaja-keskusest\/souvenirs\/","name":"Giftshop - J\u00e4\u00e4aja Keskus","isPartOf":{"@id":"https:\/\/jaaaeg.ee\/ru\/#website"},"primaryImageOfPage":{"@id":"https:\/\/jaaaeg.ee\/en\/jaaaja-keskusest\/souvenirs\/#primaryimage"},"image":{"@id":"https:\/\/jaaaeg.ee\/en\/jaaaja-keskusest\/souvenirs\/#primaryimage"},"thumbnailUrl":"https:\/\/jaaaeg.ee\/wp-content\/uploads\/2020\/10\/jaaajakeskus-DSC_9509-scaled.jpg","datePublished":"2018-10-02T09:00:41+00:00","dateModified":"2025-04-10T10:39:07+00:00","breadcrumb":{"@id":"https:\/\/jaaaeg.ee\/en\/jaaaja-keskusest\/souvenirs\/#breadcrumb"},"inLanguage":"en-US","potentialAction":[{"@type":"ReadAction","target":["https:\/\/jaaaeg.ee\/en\/jaaaja-keskusest\/souvenirs\/"]}]},{"@type":"ImageObject","inLanguage":"en-US","@id":"https:\/\/jaaaeg.ee\/en\/jaaaja-keskusest\/souvenirs\/#primaryimage","url":"https:\/\/jaaaeg.ee\/wp-content\/uploads\/2020\/10\/jaaajakeskus-DSC_9509-scaled.jpg","contentUrl":"https:\/\/jaaaeg.ee\/wp-content\/uploads\/2020\/10\/jaaajakeskus-DSC_9509-scaled.jpg","width":2560,"height":1707,"caption":"jaaajakeskus DSC 9509 scaled"},{"@type":"BreadcrumbList","@id":"https:\/\/jaaaeg.ee\/en\/jaaaja-keskusest\/souvenirs\/#breadcrumb","itemListElement":[{"@type":"ListItem","position":1,"name":"Home","item":"https:\/\/jaaaeg.ee\/en\/"},{"@type":"ListItem","position":2,"name":"About Ice Age Centre","item":"https:\/\/jaaaeg.ee\/en\/jaaaja-keskusest\/"},{"@type":"ListItem","position":3,"name":"Giftshop"}]},{"@type":"WebSite","@id":"https:\/\/jaaaeg.ee\/ru\/#website","url":"https:\/\/jaaaeg.ee\/ru\/","name":"J\u00e4\u00e4aja Keskus","description":"avastamisr\u00f5\u00f5m igas vanuses k\u00fclastajatele","potentialAction":[{"@type":"SearchAction","target":{"@type":"EntryPoint","urlTemplate":"https:\/\/jaaaeg.ee\/ru\/?s={search_term_string}"},"query-input":{"@type":"PropertyValueSpecification","valueRequired":true,"valueName":"search_term_string"}}],"inLanguage":"en-US"}]}},"_links":{"self":[{"href":"https:\/\/jaaaeg.ee\/en\/wp-json\/wp\/v2\/pages\/1515","targetHints":{"allow":["GET"]}}],"collection":[{"href":"https:\/\/jaaaeg.ee\/en\/wp-json\/wp\/v2\/pages"}],"about":[{"href":"https:\/\/jaaaeg.ee\/en\/wp-json\/wp\/v2\/types\/page"}],"author":[{"embeddable":true,"href":"https:\/\/jaaaeg.ee\/en\/wp-json\/wp\/v2\/users\/1"}],"replies":[{"embeddable":true,"href":"https:\/\/jaaaeg.ee\/en\/wp-json\/wp\/v2\/comments?post=1515"}],"version-history":[{"count":12,"href":"https:\/\/jaaaeg.ee\/en\/wp-json\/wp\/v2\/pages\/1515\/revisions"}],"predecessor-version":[{"id":30906,"href":"https:\/\/jaaaeg.ee\/en\/wp-json\/wp\/v2\/pages\/1515\/revisions\/30906"}],"up":[{"embeddable":true,"href":"https:\/\/jaaaeg.ee\/en\/wp-json\/wp\/v2\/pages\/1441"}],"wp:featuredmedia":[{"embeddable":true,"href":"https:\/\/jaaaeg.ee\/en\/wp-json\/wp\/v2\/media\/18913"}],"wp:attachment":[{"href":"https:\/\/jaaaeg.ee\/en\/wp-json\/wp\/v2\/media?parent=1515"}],"curies":[{"name":"wp","href":"https:\/\/api.w.org\/{rel}","templated":true}]}}