{"id":1511,"date":"2018-10-02T11:59:36","date_gmt":"2018-10-02T08:59:36","guid":{"rendered":"http:\/\/jaaaeg.ee\/?page_id=1511"},"modified":"2023-06-09T17:14:04","modified_gmt":"2023-06-09T14:14:04","slug":"disabled-people","status":"publish","type":"page","link":"https:\/\/jaaaeg.ee\/en\/jaaaja-keskusest\/disabled-people\/","title":{"rendered":"Disabled people"},"content":{"rendered":"\r\n<div class=\"vce-row-container\">\r\n<div id=\"el-ae3597c0\" class=\"vce-row vce-row--col-gap-30 vce-row-columns--top vce-row-content--top\" data-vce-do-apply=\"all el-ae3597c0\">\r\n<div class=\"vce-row-content\" data-vce-element-content=\"true\">\r\n<div id=\"el-34e043ab\" class=\"vce-col vce-col--md-100p vce-col--xs-1 vce-col--xs-last vce-col--xs-first vce-col--sm-last vce-col--sm-first vce-col--md-last vce-col--lg-last vce-col--xl-last vce-col--md-first vce-col--lg-first vce-col--xl-first\" data-vce-do-apply=\"background border el-34e043ab\">\r\n<div class=\"vce-col-inner\" data-vce-element-content=\"true\" data-vce-do-apply=\"padding margin el-34e043ab\">\r\n<div class=\"vce-text-block\">\r\n<div id=\"el-450e0079\" class=\"vce-text-block-wrapper vce\" data-vce-do-apply=\"all el-450e0079\">\r\n\r\n<span lang=\"EN-GB\">The Ice Age Centre can be entered&nbsp;via an inclined plane and there is a lift in the building.<\/span>\r\n\r\n<\/div>\r\n<\/div>\r\n<\/div>\r\n<\/div>\r\n<\/div>\r\n<\/div>\r\n<\/div>\r\n\n","protected":false},"excerpt":{"rendered":"The Ice Age Centre can be entered&nbsp;via an inclined plane and there is a lift in the building.","protected":false},"author":1,"featured_media":0,"parent":1441,"menu_order":331,"comment_status":"closed","ping_status":"closed","template":"template-sidebar.php","meta":{"_acf_changed":false,"ngg_post_thumbnail":0,"footnotes":""},"class_list":["post-1511","page","type-page","status-publish","hentry"],"acf":[],"yoast_head":"<!-- This site is optimized with the Yoast SEO plugin v27.3 - https:\/\/yoast.com\/product\/yoast-seo-wordpress\/ -->\n<title>Disabled people - J\u00e4\u00e4aja Keskus<\/title>\n<meta name=\"robots\" content=\"index, follow, max-snippet:-1, max-image-preview:large, max-video-preview:-1\" \/>\n<link rel=\"canonical\" href=\"https:\/\/jaaaeg.ee\/en\/jaaaja-keskusest\/disabled-people\/\" \/>\n<meta property=\"og:locale\" content=\"en_US\" \/>\n<meta property=\"og:type\" content=\"article\" \/>\n<meta property=\"og:title\" content=\"Disabled people - J\u00e4\u00e4aja Keskus\" \/>\n<meta property=\"og:description\" content=\"The Ice Age Centre can be entered&nbsp;via an inclined plane and there is a lift in the building.\" \/>\n<meta property=\"og:url\" content=\"https:\/\/jaaaeg.ee\/en\/jaaaja-keskusest\/disabled-people\/\" \/>\n<meta property=\"og:site_name\" content=\"J\u00e4\u00e4aja Keskus\" \/>\n<meta property=\"article:publisher\" content=\"https:\/\/www.facebook.com\/JaaajaKeskus\/\" \/>\n<meta property=\"article:modified_time\" content=\"2023-06-09T14:14:04+00:00\" \/>\n<meta name=\"twitter:card\" content=\"summary_large_image\" \/>\n<meta name=\"twitter:label1\" content=\"Est. reading time\" \/>\n\t<meta name=\"twitter:data1\" content=\"1 minute\" \/>\n<script type=\"application\/ld+json\" class=\"yoast-schema-graph\">{\"@context\":\"https:\\\/\\\/schema.org\",\"@graph\":[{\"@type\":\"WebPage\",\"@id\":\"https:\\\/\\\/jaaaeg.ee\\\/en\\\/jaaaja-keskusest\\\/disabled-people\\\/\",\"url\":\"https:\\\/\\\/jaaaeg.ee\\\/en\\\/jaaaja-keskusest\\\/disabled-people\\\/\",\"name\":\"Disabled people - J\u00e4\u00e4aja Keskus\",\"isPartOf\":{\"@id\":\"https:\\\/\\\/jaaaeg.ee\\\/ru\\\/#website\"},\"datePublished\":\"2018-10-02T08:59:36+00:00\",\"dateModified\":\"2023-06-09T14:14:04+00:00\",\"breadcrumb\":{\"@id\":\"https:\\\/\\\/jaaaeg.ee\\\/en\\\/jaaaja-keskusest\\\/disabled-people\\\/#breadcrumb\"},\"inLanguage\":\"en-US\",\"potentialAction\":[{\"@type\":\"ReadAction\",\"target\":[\"https:\\\/\\\/jaaaeg.ee\\\/en\\\/jaaaja-keskusest\\\/disabled-people\\\/\"]}]},{\"@type\":\"BreadcrumbList\",\"@id\":\"https:\\\/\\\/jaaaeg.ee\\\/en\\\/jaaaja-keskusest\\\/disabled-people\\\/#breadcrumb\",\"itemListElement\":[{\"@type\":\"ListItem\",\"position\":1,\"name\":\"Home\",\"item\":\"https:\\\/\\\/jaaaeg.ee\\\/en\\\/\"},{\"@type\":\"ListItem\",\"position\":2,\"name\":\"About Ice Age Centre\",\"item\":\"https:\\\/\\\/jaaaeg.ee\\\/en\\\/jaaaja-keskusest\\\/\"},{\"@type\":\"ListItem\",\"position\":3,\"name\":\"Disabled people\"}]},{\"@type\":\"WebSite\",\"@id\":\"https:\\\/\\\/jaaaeg.ee\\\/ru\\\/#website\",\"url\":\"https:\\\/\\\/jaaaeg.ee\\\/ru\\\/\",\"name\":\"J\u00e4\u00e4aja Keskus\",\"description\":\"avastamisr\u00f5\u00f5m igas vanuses k\u00fclastajatele\",\"potentialAction\":[{\"@type\":\"SearchAction\",\"target\":{\"@type\":\"EntryPoint\",\"urlTemplate\":\"https:\\\/\\\/jaaaeg.ee\\\/ru\\\/?s={search_term_string}\"},\"query-input\":{\"@type\":\"PropertyValueSpecification\",\"valueRequired\":true,\"valueName\":\"search_term_string\"}}],\"inLanguage\":\"en-US\"}]}<\/script>\n<!-- \/ Yoast SEO plugin. -->","yoast_head_json":{"title":"Disabled people - J\u00e4\u00e4aja Keskus","robots":{"index":"index","follow":"follow","max-snippet":"max-snippet:-1","max-image-preview":"max-image-preview:large","max-video-preview":"max-video-preview:-1"},"canonical":"https:\/\/jaaaeg.ee\/en\/jaaaja-keskusest\/disabled-people\/","og_locale":"en_US","og_type":"article","og_title":"Disabled people - J\u00e4\u00e4aja Keskus","og_description":"The Ice Age Centre can be entered&nbsp;via an inclined plane and there is a lift in the building.","og_url":"https:\/\/jaaaeg.ee\/en\/jaaaja-keskusest\/disabled-people\/","og_site_name":"J\u00e4\u00e4aja Keskus","article_publisher":"https:\/\/www.facebook.com\/JaaajaKeskus\/","article_modified_time":"2023-06-09T14:14:04+00:00","twitter_card":"summary_large_image","twitter_misc":{"Est. reading time":"1 minute"},"schema":{"@context":"https:\/\/schema.org","@graph":[{"@type":"WebPage","@id":"https:\/\/jaaaeg.ee\/en\/jaaaja-keskusest\/disabled-people\/","url":"https:\/\/jaaaeg.ee\/en\/jaaaja-keskusest\/disabled-people\/","name":"Disabled people - J\u00e4\u00e4aja Keskus","isPartOf":{"@id":"https:\/\/jaaaeg.ee\/ru\/#website"},"datePublished":"2018-10-02T08:59:36+00:00","dateModified":"2023-06-09T14:14:04+00:00","breadcrumb":{"@id":"https:\/\/jaaaeg.ee\/en\/jaaaja-keskusest\/disabled-people\/#breadcrumb"},"inLanguage":"en-US","potentialAction":[{"@type":"ReadAction","target":["https:\/\/jaaaeg.ee\/en\/jaaaja-keskusest\/disabled-people\/"]}]},{"@type":"BreadcrumbList","@id":"https:\/\/jaaaeg.ee\/en\/jaaaja-keskusest\/disabled-people\/#breadcrumb","itemListElement":[{"@type":"ListItem","position":1,"name":"Home","item":"https:\/\/jaaaeg.ee\/en\/"},{"@type":"ListItem","position":2,"name":"About Ice Age Centre","item":"https:\/\/jaaaeg.ee\/en\/jaaaja-keskusest\/"},{"@type":"ListItem","position":3,"name":"Disabled people"}]},{"@type":"WebSite","@id":"https:\/\/jaaaeg.ee\/ru\/#website","url":"https:\/\/jaaaeg.ee\/ru\/","name":"J\u00e4\u00e4aja Keskus","description":"avastamisr\u00f5\u00f5m igas vanuses k\u00fclastajatele","potentialAction":[{"@type":"SearchAction","target":{"@type":"EntryPoint","urlTemplate":"https:\/\/jaaaeg.ee\/ru\/?s={search_term_string}"},"query-input":{"@type":"PropertyValueSpecification","valueRequired":true,"valueName":"search_term_string"}}],"inLanguage":"en-US"}]}},"_links":{"self":[{"href":"https:\/\/jaaaeg.ee\/en\/wp-json\/wp\/v2\/pages\/1511","targetHints":{"allow":["GET"]}}],"collection":[{"href":"https:\/\/jaaaeg.ee\/en\/wp-json\/wp\/v2\/pages"}],"about":[{"href":"https:\/\/jaaaeg.ee\/en\/wp-json\/wp\/v2\/types\/page"}],"author":[{"embeddable":true,"href":"https:\/\/jaaaeg.ee\/en\/wp-json\/wp\/v2\/users\/1"}],"replies":[{"embeddable":true,"href":"https:\/\/jaaaeg.ee\/en\/wp-json\/wp\/v2\/comments?post=1511"}],"version-history":[{"count":7,"href":"https:\/\/jaaaeg.ee\/en\/wp-json\/wp\/v2\/pages\/1511\/revisions"}],"predecessor-version":[{"id":22627,"href":"https:\/\/jaaaeg.ee\/en\/wp-json\/wp\/v2\/pages\/1511\/revisions\/22627"}],"up":[{"embeddable":true,"href":"https:\/\/jaaaeg.ee\/en\/wp-json\/wp\/v2\/pages\/1441"}],"wp:attachment":[{"href":"https:\/\/jaaaeg.ee\/en\/wp-json\/wp\/v2\/media?parent=1511"}],"curies":[{"name":"wp","href":"https:\/\/api.w.org\/{rel}","templated":true}]}}