{"id":1503,"date":"2018-10-02T11:57:30","date_gmt":"2018-10-02T08:57:30","guid":{"rendered":"http:\/\/jaaaeg.ee\/?page_id=1503"},"modified":"2025-07-15T13:13:16","modified_gmt":"2025-07-15T10:13:16","slug":"activities-for-children","status":"publish","type":"page","link":"https:\/\/jaaaeg.ee\/en\/jaaaja-keskusest\/activities-for-children\/","title":{"rendered":"Activities for children"},"content":{"rendered":"<div class=\"vce-row-container\" data-vce-boxed-width=\"true\"><div class=\"vce-row vce-row--col-gap-30 vce-row-content--top\" id=\"el-246a8aaa\" data-vce-do-apply=\"all el-246a8aaa\"><div class=\"vce-row-content\" data-vce-element-content=\"true\"><div class=\"vce-col vce-col--md-100p vce-col--xs-1 vce-col--xs-last vce-col--xs-first vce-col--sm-last vce-col--sm-first vce-col--md-last vce-col--lg-last vce-col--xl-last vce-col--md-first vce-col--lg-first vce-col--xl-first\" id=\"el-9f390851\"><div class=\"vce-col-inner\" data-vce-do-apply=\"border margin background  el-9f390851\"><div class=\"vce-col-content\" data-vce-element-content=\"true\" data-vce-do-apply=\"padding el-9f390851\"><div class=\"vce-text-block\"><div class=\"vce-text-block-wrapper vce\" id=\"el-cce1c7e2\" data-vce-do-apply=\"all el-cce1c7e2\"><p>Ice Age Centre is fun and exciting for visitors of all ages! There is a playground (cave) for children at the Ice Age Centre where children can perform archaeological excavations, add their own cave paintings, play with the animals of ice age and watch the cartoon \u201cV\u00e4lek Vibulane\u201d. There is also a <strong>snow cave <\/strong>on the first floor, where you can see the nest of a bear, bugs and animals living in the snow and life under the snow in winter.<\/p><p data-start=\"143\" data-end=\"203\"><strong data-start=\"143\" data-end=\"203\">The Ice Age Centre is exciting for visitors of all ages!<\/strong><\/p><p data-start=\"205\" data-end=\"662\"><strong data-start=\"205\" data-end=\"229\">Lemming Lemps\u2019 Trail<\/strong><br>Children can explore the Ice Age Centre independently through a fun discovery game called <em data-start=\"322\" data-end=\"344\">Lemming Lemps\u2019 Trail<\/em>. The adventure begins on the first floor of the centre. Look for Lemps the lemming\u2019s sign on the floor, read the question, find the answer and mark it down. While searching, discovering, reading and answering, children learn even more. At each point, you can also listen to stories via QR codes \u2013 just scan and learn.<\/p><p data-start=\"664\" data-end=\"863\"><strong data-start=\"664\" data-end=\"681\">The Play Cave<\/strong><br data-start=\"681\" data-end=\"684\">A fun play cave awaits the youngest visitors, where they can do archaeological digs, add to cave paintings, play with Ice Age animals and watch the animated film <em data-start=\"846\" data-end=\"862\">\u201cSwift Archer\u201d<\/em>.<\/p><p data-start=\"865\" data-end=\"1060\"><strong data-start=\"865\" data-end=\"882\">The Snow Cave<\/strong><br data-start=\"882\" data-end=\"885\">On the first floor, children can crawl into a snow cave to discover a bear\u2019s den, insects and animals living in the snow, and see what winter life is like beneath the surface.<\/p><p data-start=\"1062\" data-end=\"1321\"><strong data-start=\"1062\" data-end=\"1085\">The Children's Room<\/strong><br data-start=\"1085\" data-end=\"1088\">Located on the second floor, our cosy children\u2019s room offers climbing, lounging, snowball games, block towers and more. Kids can move freely and play, while parents relax in hanging chairs with a magazine. A small break for everyone.<\/p><p data-start=\"1323\" data-end=\"1493\">The children\u2019s room is also available for <strong data-start=\"1365\" data-end=\"1385\">birthday parties<\/strong>.<br data-start=\"1386\" data-end=\"1389\">To book the space, please contact us at least one week in advance: <a href=\"http:\/\/info@jaaaeg.ee\">info<\/a><strong data-start=\"1456\" data-end=\"1493\"><a href=\"_wp_link_placeholder\">@jaaaeg.ee <\/a>\/ +372 5911 3318<\/strong><\/p><p data-start=\"1495\" data-end=\"1616\"><strong data-start=\"1495\" data-end=\"1513\">Colouring Wall<\/strong><br data-start=\"1513\" data-end=\"1516\">On the third floor, children of all ages can enjoy drawing and colouring on our Ice Age themed wall.<\/p><p data-start=\"1618\" data-end=\"1989\"><a href=\"https:\/\/jaaaeg.ee\/en\/audiogiid-ja-giid\/\" target=\"_blank\" rel=\"noopener\"><strong data-start=\"1618\" data-end=\"1642\">Audio Guide<\/strong><\/a><br data-start=\"1642\" data-end=\"1645\">Throughout the centre, you\u2019ll find QR codes. Use your smart device to open the audio files. Look for 15 special codes created just for children and enjoy fun and educational stories together.<br data-start=\"1836\" data-end=\"1839\">There are also 25 QR codes with content for adults. The virtual tour guide is available in four languages: <strong data-start=\"1946\" data-end=\"1988\">Estonian, Latvian, Russian and English<\/strong>.<\/p><p data-start=\"1991\" data-end=\"2149\"><a href=\"https:\/\/jaaaeg.ee\/en\/ruumide-rent\/laste-sunnipaevad-jaaaja-keskuses\/\" target=\"_blank\" rel=\"noopener\"><strong data-start=\"1991\" data-end=\"2015\">Children\u2019s Birthdays<\/strong><\/a><br data-start=\"2015\" data-end=\"2018\">The Ice Age Centre also offers <strong data-start=\"2049\" data-end=\"2081\">children\u2019s birthday packages<\/strong>! Discover our options and let us help you organise a memorable day.<\/p><h2 data-start=\"2151\" data-end=\"2213\">The centre is stroller-friendly and equipped with an elevator.<\/h2><p data-start=\"2215\" data-end=\"2296\">More information and instructions are available at the Ice Age Centre front desk.<\/p><p>&nbsp;<\/p><p>&nbsp;<\/p><\/div><\/div><\/div><\/div><\/div><\/div><\/div><\/div><div class=\"vce-row-container\" data-vce-boxed-width=\"true\"><div class=\"vce-row vce-row--col-gap-30 vce-row-equal-height vce-row-content--top\" id=\"el-bf4e726b\" data-vce-do-apply=\"all el-bf4e726b\"><div class=\"vce-row-content\" data-vce-element-content=\"true\"><div class=\"vce-col vce-col--md-auto vce-col--xs-1 vce-col--xs-last vce-col--xs-first vce-col--sm-last vce-col--sm-first vce-col--md-last vce-col--lg-last vce-col--xl-last vce-col--md-first vce-col--lg-first vce-col--xl-first\" id=\"el-1ebb54e9\"><div class=\"vce-col-inner\" data-vce-do-apply=\"border margin background  el-1ebb54e9\"><div class=\"vce-col-content\" data-vce-element-content=\"true\" data-vce-do-apply=\"padding el-1ebb54e9\"><div class=\"vce-image-gallery vce-image-gallery--gap-10 vce-image-gallery--columns-3\"><div class=\"vce-image-gallery-wrapper vce\" id=\"el-be7cb9ff\" data-vce-do-apply=\"all el-be7cb9ff\"><div class=\"vce-image-gallery-list\"><div class=\"vce-image-gallery-item\"><figure class=\"vce-image-gallery-item-inner-wrapper\"><a href=\"https:\/\/jaaaeg.ee\/wp-content\/uploads\/2025\/07\/JK_mammut_Katrin-Sisask-scaled.jpg\" data-lightbox=\"lightbox-be7cb9ff\" class=\"vce-image-gallery-item-inner\"><img decoding=\"async\" class=\"vce-image-gallery-img vce-image-gallery-img--orientation-portrait\" src=\"https:\/\/jaaaeg.ee\/wp-content\/uploads\/2025\/07\/JK_mammut_Katrin-Sisask-700x1048.jpg\" alt=\"JK mammut Katrin Sisask\" title=\"JK mammut Katrin Sisask\"><\/a><\/figure><\/div><div class=\"vce-image-gallery-item\"><figure class=\"vce-image-gallery-item-inner-wrapper\"><a href=\"https:\/\/jaaaeg.ee\/wp-content\/uploads\/2025\/07\/SSepp_varvimissein-scaled.jpg\" data-lightbox=\"lightbox-be7cb9ff\" class=\"vce-image-gallery-item-inner\"><img decoding=\"async\" class=\"vce-image-gallery-img\" src=\"https:\/\/jaaaeg.ee\/wp-content\/uploads\/2025\/07\/SSepp_varvimissein-700x471.jpg\" alt=\"SSepp v\u00e4rvimissein\" title=\"SSepp v\u00e4rvimissein\"><\/a><\/figure><\/div><div class=\"vce-image-gallery-item\"><figure class=\"vce-image-gallery-item-inner-wrapper\"><a href=\"https:\/\/jaaaeg.ee\/wp-content\/uploads\/2025\/07\/vaiksem_Ice-Age-Centre_Estonia_Virgo-Haan4-1536x1026-1.jpg\" data-lightbox=\"lightbox-be7cb9ff\" class=\"vce-image-gallery-item-inner\"><img decoding=\"async\" class=\"vce-image-gallery-img\" src=\"https:\/\/jaaaeg.ee\/wp-content\/uploads\/2025\/07\/vaiksem_Ice-Age-Centre_Estonia_Virgo-Haan4-1536x1026-1-700x401.jpg\" alt=\"v\u00e4iksem Ice Age Centre Estonia Virgo Haan4 1536x1026\" title=\"v\u00e4iksem Ice Age Centre Estonia Virgo Haan4 1536x1026\"><\/a><\/figure><\/div><div class=\"vce-image-gallery-item\"><figure class=\"vce-image-gallery-item-inner-wrapper\"><a href=\"https:\/\/jaaaeg.ee\/wp-content\/uploads\/2024\/10\/KBeljaev_JK-lastetuba-8-scaled.jpg\" data-lightbox=\"lightbox-be7cb9ff\" class=\"vce-image-gallery-item-inner\"><img decoding=\"async\" class=\"vce-image-gallery-img vce-image-gallery-img--orientation-portrait\" src=\"https:\/\/jaaaeg.ee\/wp-content\/uploads\/2024\/10\/KBeljaev_JK-lastetuba-8-700x933.jpg\" alt=\"KBeljaev JK lastetuba 8 scaled\" title=\"KBeljaev JK lastetuba 8 scaled\"><\/a><\/figure><\/div><div class=\"vce-image-gallery-item\"><figure class=\"vce-image-gallery-item-inner-wrapper\"><a href=\"https:\/\/jaaaeg.ee\/wp-content\/uploads\/2024\/10\/KBeljaev_JK-lastetuba-2-scaled.jpg\" data-lightbox=\"lightbox-be7cb9ff\" class=\"vce-image-gallery-item-inner\"><img decoding=\"async\" class=\"vce-image-gallery-img vce-image-gallery-img--orientation-portrait\" src=\"https:\/\/jaaaeg.ee\/wp-content\/uploads\/2024\/10\/KBeljaev_JK-lastetuba-2-700x933.jpg\" alt=\"KBeljaev JK lastetuba 2 scaled\" title=\"KBeljaev JK lastetuba 2 scaled\"><\/a><\/figure><\/div><div class=\"vce-image-gallery-item\"><figure class=\"vce-image-gallery-item-inner-wrapper\"><a href=\"https:\/\/jaaaeg.ee\/wp-content\/uploads\/2022\/08\/Lapsed-vaatamas-kiviaja-inimesi-koopas-ja-opivad-lokkeaset-ules-seadma_-K-Beljaev-scaled.jpg\" data-lightbox=\"lightbox-be7cb9ff\" class=\"vce-image-gallery-item-inner\"><img decoding=\"async\" class=\"vce-image-gallery-img\" src=\"https:\/\/jaaaeg.ee\/wp-content\/uploads\/2022\/08\/Lapsed-vaatamas-kiviaja-inimesi-koopas-ja-opivad-lokkeaset-ules-seadma_-K-Beljaev-700x525.jpg\" alt=\"Lapsed vaatamas kiviaja inimesi koopas ja opivad lokkeaset ules seadma  K Beljaev scaled\" title=\"Lapsed vaatamas kiviaja inimesi koopas ja opivad lokkeaset ules seadma  K Beljaev scaled\"><\/a><\/figure><\/div><\/div><\/div><\/div><\/div><\/div><\/div><\/div><\/div><\/div>\n","protected":false},"excerpt":{"rendered":"Ice Age Centre is fun and exciting for visitors of all ages! There is a playground (cave) for children at the Ice Age Centre where children can perform archaeological excavations, add their own cave paintings, play with the animals of ice age and watch the cartoon \u201cV\u00e4lek Vibulane\u201d. There is also a snow cave on&#8230; <a class=\"view-article\" href=\"https:\/\/jaaaeg.ee\/en\/jaaaja-keskusest\/activities-for-children\/\">Read more<\/a>","protected":false},"author":1,"featured_media":18863,"parent":1441,"menu_order":337,"comment_status":"closed","ping_status":"closed","template":"template-sidebar.php","meta":{"_acf_changed":false,"ngg_post_thumbnail":0,"footnotes":""},"class_list":["post-1503","page","type-page","status-publish","has-post-thumbnail","hentry"],"acf":[],"yoast_head":"<!-- This site is optimized with the Yoast SEO plugin v27.3 - https:\/\/yoast.com\/product\/yoast-seo-wordpress\/ -->\n<title>Activities for children - J\u00e4\u00e4aja Keskus<\/title>\n<meta name=\"robots\" content=\"index, follow, max-snippet:-1, max-image-preview:large, max-video-preview:-1\" \/>\n<link rel=\"canonical\" href=\"https:\/\/jaaaeg.ee\/en\/jaaaja-keskusest\/activities-for-children\/\" \/>\n<meta property=\"og:locale\" content=\"en_US\" \/>\n<meta property=\"og:type\" content=\"article\" \/>\n<meta property=\"og:title\" content=\"Activities for children - J\u00e4\u00e4aja Keskus\" \/>\n<meta property=\"og:description\" content=\"Ice Age Centre is fun and exciting for visitors of all ages! There is a playground (cave) for children at the Ice Age Centre where children can perform archaeological excavations, add their own cave paintings, play with the animals of ice age and watch the cartoon \u201cV\u00e4lek Vibulane\u201d. There is also a snow cave on... Read more\" \/>\n<meta property=\"og:url\" content=\"https:\/\/jaaaeg.ee\/en\/jaaaja-keskusest\/activities-for-children\/\" \/>\n<meta property=\"og:site_name\" content=\"J\u00e4\u00e4aja Keskus\" \/>\n<meta property=\"article:publisher\" content=\"https:\/\/www.facebook.com\/JaaajaKeskus\/\" \/>\n<meta property=\"article:modified_time\" content=\"2025-07-15T10:13:16+00:00\" \/>\n<meta property=\"og:image\" content=\"https:\/\/jaaaeg.ee\/wp-content\/uploads\/2020\/10\/jaaajakeskus-DSC_9533-scaled.jpg\" \/>\n\t<meta property=\"og:image:width\" content=\"2560\" \/>\n\t<meta property=\"og:image:height\" content=\"1707\" \/>\n\t<meta property=\"og:image:type\" content=\"image\/jpeg\" \/>\n<meta name=\"twitter:card\" content=\"summary_large_image\" \/>\n<meta name=\"twitter:label1\" content=\"Est. reading time\" \/>\n\t<meta name=\"twitter:data1\" content=\"1 minute\" \/>\n<script type=\"application\/ld+json\" class=\"yoast-schema-graph\">{\"@context\":\"https:\\\/\\\/schema.org\",\"@graph\":[{\"@type\":\"WebPage\",\"@id\":\"https:\\\/\\\/jaaaeg.ee\\\/en\\\/jaaaja-keskusest\\\/activities-for-children\\\/\",\"url\":\"https:\\\/\\\/jaaaeg.ee\\\/en\\\/jaaaja-keskusest\\\/activities-for-children\\\/\",\"name\":\"Activities for children - J\u00e4\u00e4aja Keskus\",\"isPartOf\":{\"@id\":\"https:\\\/\\\/jaaaeg.ee\\\/ru\\\/#website\"},\"primaryImageOfPage\":{\"@id\":\"https:\\\/\\\/jaaaeg.ee\\\/en\\\/jaaaja-keskusest\\\/activities-for-children\\\/#primaryimage\"},\"image\":{\"@id\":\"https:\\\/\\\/jaaaeg.ee\\\/en\\\/jaaaja-keskusest\\\/activities-for-children\\\/#primaryimage\"},\"thumbnailUrl\":\"https:\\\/\\\/jaaaeg.ee\\\/wp-content\\\/uploads\\\/2020\\\/10\\\/jaaajakeskus-DSC_9533-scaled.jpg\",\"datePublished\":\"2018-10-02T08:57:30+00:00\",\"dateModified\":\"2025-07-15T10:13:16+00:00\",\"breadcrumb\":{\"@id\":\"https:\\\/\\\/jaaaeg.ee\\\/en\\\/jaaaja-keskusest\\\/activities-for-children\\\/#breadcrumb\"},\"inLanguage\":\"en-US\",\"potentialAction\":[{\"@type\":\"ReadAction\",\"target\":[\"https:\\\/\\\/jaaaeg.ee\\\/en\\\/jaaaja-keskusest\\\/activities-for-children\\\/\"]}]},{\"@type\":\"ImageObject\",\"inLanguage\":\"en-US\",\"@id\":\"https:\\\/\\\/jaaaeg.ee\\\/en\\\/jaaaja-keskusest\\\/activities-for-children\\\/#primaryimage\",\"url\":\"https:\\\/\\\/jaaaeg.ee\\\/wp-content\\\/uploads\\\/2020\\\/10\\\/jaaajakeskus-DSC_9533-scaled.jpg\",\"contentUrl\":\"https:\\\/\\\/jaaaeg.ee\\\/wp-content\\\/uploads\\\/2020\\\/10\\\/jaaajakeskus-DSC_9533-scaled.jpg\",\"width\":2560,\"height\":1707,\"caption\":\"jaaajakeskus DSC 9533 scaled\"},{\"@type\":\"BreadcrumbList\",\"@id\":\"https:\\\/\\\/jaaaeg.ee\\\/en\\\/jaaaja-keskusest\\\/activities-for-children\\\/#breadcrumb\",\"itemListElement\":[{\"@type\":\"ListItem\",\"position\":1,\"name\":\"Home\",\"item\":\"https:\\\/\\\/jaaaeg.ee\\\/en\\\/\"},{\"@type\":\"ListItem\",\"position\":2,\"name\":\"About Ice Age Centre\",\"item\":\"https:\\\/\\\/jaaaeg.ee\\\/en\\\/jaaaja-keskusest\\\/\"},{\"@type\":\"ListItem\",\"position\":3,\"name\":\"Activities for children\"}]},{\"@type\":\"WebSite\",\"@id\":\"https:\\\/\\\/jaaaeg.ee\\\/ru\\\/#website\",\"url\":\"https:\\\/\\\/jaaaeg.ee\\\/ru\\\/\",\"name\":\"J\u00e4\u00e4aja Keskus\",\"description\":\"avastamisr\u00f5\u00f5m igas vanuses k\u00fclastajatele\",\"potentialAction\":[{\"@type\":\"SearchAction\",\"target\":{\"@type\":\"EntryPoint\",\"urlTemplate\":\"https:\\\/\\\/jaaaeg.ee\\\/ru\\\/?s={search_term_string}\"},\"query-input\":{\"@type\":\"PropertyValueSpecification\",\"valueRequired\":true,\"valueName\":\"search_term_string\"}}],\"inLanguage\":\"en-US\"}]}<\/script>\n<!-- \/ Yoast SEO plugin. -->","yoast_head_json":{"title":"Activities for children - J\u00e4\u00e4aja Keskus","robots":{"index":"index","follow":"follow","max-snippet":"max-snippet:-1","max-image-preview":"max-image-preview:large","max-video-preview":"max-video-preview:-1"},"canonical":"https:\/\/jaaaeg.ee\/en\/jaaaja-keskusest\/activities-for-children\/","og_locale":"en_US","og_type":"article","og_title":"Activities for children - J\u00e4\u00e4aja Keskus","og_description":"Ice Age Centre is fun and exciting for visitors of all ages! There is a playground (cave) for children at the Ice Age Centre where children can perform archaeological excavations, add their own cave paintings, play with the animals of ice age and watch the cartoon \u201cV\u00e4lek Vibulane\u201d. There is also a snow cave on... Read more","og_url":"https:\/\/jaaaeg.ee\/en\/jaaaja-keskusest\/activities-for-children\/","og_site_name":"J\u00e4\u00e4aja Keskus","article_publisher":"https:\/\/www.facebook.com\/JaaajaKeskus\/","article_modified_time":"2025-07-15T10:13:16+00:00","og_image":[{"width":2560,"height":1707,"url":"https:\/\/jaaaeg.ee\/wp-content\/uploads\/2020\/10\/jaaajakeskus-DSC_9533-scaled.jpg","type":"image\/jpeg"}],"twitter_card":"summary_large_image","twitter_misc":{"Est. reading time":"1 minute"},"schema":{"@context":"https:\/\/schema.org","@graph":[{"@type":"WebPage","@id":"https:\/\/jaaaeg.ee\/en\/jaaaja-keskusest\/activities-for-children\/","url":"https:\/\/jaaaeg.ee\/en\/jaaaja-keskusest\/activities-for-children\/","name":"Activities for children - J\u00e4\u00e4aja Keskus","isPartOf":{"@id":"https:\/\/jaaaeg.ee\/ru\/#website"},"primaryImageOfPage":{"@id":"https:\/\/jaaaeg.ee\/en\/jaaaja-keskusest\/activities-for-children\/#primaryimage"},"image":{"@id":"https:\/\/jaaaeg.ee\/en\/jaaaja-keskusest\/activities-for-children\/#primaryimage"},"thumbnailUrl":"https:\/\/jaaaeg.ee\/wp-content\/uploads\/2020\/10\/jaaajakeskus-DSC_9533-scaled.jpg","datePublished":"2018-10-02T08:57:30+00:00","dateModified":"2025-07-15T10:13:16+00:00","breadcrumb":{"@id":"https:\/\/jaaaeg.ee\/en\/jaaaja-keskusest\/activities-for-children\/#breadcrumb"},"inLanguage":"en-US","potentialAction":[{"@type":"ReadAction","target":["https:\/\/jaaaeg.ee\/en\/jaaaja-keskusest\/activities-for-children\/"]}]},{"@type":"ImageObject","inLanguage":"en-US","@id":"https:\/\/jaaaeg.ee\/en\/jaaaja-keskusest\/activities-for-children\/#primaryimage","url":"https:\/\/jaaaeg.ee\/wp-content\/uploads\/2020\/10\/jaaajakeskus-DSC_9533-scaled.jpg","contentUrl":"https:\/\/jaaaeg.ee\/wp-content\/uploads\/2020\/10\/jaaajakeskus-DSC_9533-scaled.jpg","width":2560,"height":1707,"caption":"jaaajakeskus DSC 9533 scaled"},{"@type":"BreadcrumbList","@id":"https:\/\/jaaaeg.ee\/en\/jaaaja-keskusest\/activities-for-children\/#breadcrumb","itemListElement":[{"@type":"ListItem","position":1,"name":"Home","item":"https:\/\/jaaaeg.ee\/en\/"},{"@type":"ListItem","position":2,"name":"About Ice Age Centre","item":"https:\/\/jaaaeg.ee\/en\/jaaaja-keskusest\/"},{"@type":"ListItem","position":3,"name":"Activities for children"}]},{"@type":"WebSite","@id":"https:\/\/jaaaeg.ee\/ru\/#website","url":"https:\/\/jaaaeg.ee\/ru\/","name":"J\u00e4\u00e4aja Keskus","description":"avastamisr\u00f5\u00f5m igas vanuses k\u00fclastajatele","potentialAction":[{"@type":"SearchAction","target":{"@type":"EntryPoint","urlTemplate":"https:\/\/jaaaeg.ee\/ru\/?s={search_term_string}"},"query-input":{"@type":"PropertyValueSpecification","valueRequired":true,"valueName":"search_term_string"}}],"inLanguage":"en-US"}]}},"_links":{"self":[{"href":"https:\/\/jaaaeg.ee\/en\/wp-json\/wp\/v2\/pages\/1503","targetHints":{"allow":["GET"]}}],"collection":[{"href":"https:\/\/jaaaeg.ee\/en\/wp-json\/wp\/v2\/pages"}],"about":[{"href":"https:\/\/jaaaeg.ee\/en\/wp-json\/wp\/v2\/types\/page"}],"author":[{"embeddable":true,"href":"https:\/\/jaaaeg.ee\/en\/wp-json\/wp\/v2\/users\/1"}],"replies":[{"embeddable":true,"href":"https:\/\/jaaaeg.ee\/en\/wp-json\/wp\/v2\/comments?post=1503"}],"version-history":[{"count":10,"href":"https:\/\/jaaaeg.ee\/en\/wp-json\/wp\/v2\/pages\/1503\/revisions"}],"predecessor-version":[{"id":31966,"href":"https:\/\/jaaaeg.ee\/en\/wp-json\/wp\/v2\/pages\/1503\/revisions\/31966"}],"up":[{"embeddable":true,"href":"https:\/\/jaaaeg.ee\/en\/wp-json\/wp\/v2\/pages\/1441"}],"wp:featuredmedia":[{"embeddable":true,"href":"https:\/\/jaaaeg.ee\/en\/wp-json\/wp\/v2\/media\/18863"}],"wp:attachment":[{"href":"https:\/\/jaaaeg.ee\/en\/wp-json\/wp\/v2\/media?parent=1503"}],"curies":[{"name":"wp","href":"https:\/\/api.w.org\/{rel}","templated":true}]}}