{"id":1479,"date":"2018-10-02T11:52:31","date_gmt":"2018-10-02T08:52:31","guid":{"rendered":"http:\/\/jaaaeg.ee\/?page_id=1479"},"modified":"2023-06-09T17:14:05","modified_gmt":"2023-06-09T14:14:05","slug":"for-groups","status":"publish","type":"page","link":"https:\/\/jaaaeg.ee\/en\/jaaaja-keskusest\/for-groups\/","title":{"rendered":"For groups"},"content":{"rendered":"<div class=\"vce-row-container\" data-vce-boxed-width=\"true\"><div class=\"vce-row vce-row--col-gap-30 vce-row-content--top\" id=\"el-9ecfeeb4\" data-vce-do-apply=\"all el-9ecfeeb4\"><div class=\"vce-row-content\" data-vce-element-content=\"true\"><div class=\"vce-col vce-col--md-100p vce-col--xs-1 vce-col--xs-last vce-col--xs-first vce-col--sm-last vce-col--sm-first vce-col--md-last vce-col--lg-last vce-col--xl-last vce-col--md-first vce-col--lg-first vce-col--xl-first\" id=\"el-46ca6aef\"><div class=\"vce-col-inner\" data-vce-do-apply=\"border margin background  el-46ca6aef\"><div class=\"vce-col-content\" data-vce-element-content=\"true\" data-vce-do-apply=\"padding el-46ca6aef\"><div class=\"vce-text-block\"><div class=\"vce-text-block-wrapper vce\" id=\"el-5a0e2d4f\" data-vce-do-apply=\"all el-5a0e2d4f\"><p>For groups booked in advance (from 12 people) we offer <strong>10% discount for the Ice Age Centre ticket.<\/strong><\/p><p><strong>Group visiting should be booked in advance <\/strong>&nbsp;<a href=\"mailto:info@jaaaeg.ee\">info@jaaaeg.ee<\/a>&nbsp;or +372&nbsp;5911 3318.&nbsp;In the interests of providing the best possible service to visitors, the Ice Age Centre has the right to apply a waiting period to unregistered groups.<\/p><p><strong>Guide service<\/strong>, should be booked in advance. We offer guide service in <strong>Estonian, Russian or&nbsp; English<\/strong>.<\/p><p>Guide tour&nbsp;lasts for one hour. Upon request longer or more topical tours can be ordered. The maximum group size is 25 people per guide. In the case of larger groups, additional guides must be ordered. If the group is more than 15 minutes late, then the agreed upon one hour tour may be shortened accordingly.<\/p><p><strong>Teachers are granted free entry in the ratio of one teacher for every 10 children<\/strong>. Student group chaperones are required to monitor the children\u2019s activity in the centre throughout the visit and to ensure that the internal rules of the Ice Age Centre are followed.<\/p><p><strong>Catering for groups is available upon request.<\/strong><\/p><p>Groups may pay on site or on the basis of an invoice. When paying with an invoice, please bring along a letter of guarantee.<\/p><p><a href=\"http:\/\/jaaaeg.ee\/contact\/?lang=en\">Book a group visit<\/a><\/p><\/div><\/div><\/div><\/div><\/div><\/div><\/div><\/div><div class=\"vce-row-container\" data-vce-boxed-width=\"true\"><div class=\"vce-row vce-row--col-gap-30 vce-row-equal-height vce-row-content--top\" id=\"el-acf03e67\" data-vce-do-apply=\"all el-acf03e67\"><div class=\"vce-row-content\" data-vce-element-content=\"true\"><div class=\"vce-col vce-col--md-auto vce-col--xs-1 vce-col--xs-last vce-col--xs-first vce-col--sm-last vce-col--sm-first vce-col--md-last vce-col--lg-last vce-col--xl-last vce-col--md-first vce-col--lg-first vce-col--xl-first\" id=\"el-c910cf99\"><div class=\"vce-col-inner\" data-vce-do-apply=\"border margin background  el-c910cf99\"><div class=\"vce-col-content\" data-vce-element-content=\"true\" data-vce-do-apply=\"padding el-c910cf99\"><div class=\"vce-image-masonry-gallery\"><div class=\"vce-image-masonry-gallery-wrapper vce vce-image-masonry-gallery--gap-10 vce-image-masonry-gallery--columns-3\" id=\"el-99a54e01\" data-vce-do-apply=\"all el-99a54e01\"><div class=\"vce-image-masonry-gallery-list\"><div class=\"vce-image-masonry-gallery-column\"><a href=\"https:\/\/jaaaeg.ee\/wp-content\/uploads\/2023\/06\/JK_lapsed_randkivid_Signe-Milkov.jpg\" data-lightbox=\"lightbox-99a54e01\" class=\"vce-image-masonry-gallery-item\"><img decoding=\"async\" class=\"vce-image-masonry-gallery-img\" src=\"https:\/\/jaaaeg.ee\/wp-content\/uploads\/2023\/06\/JK_lapsed_randkivid_Signe-Milkov.jpg\" alt=\"\"><\/a><a href=\"https:\/\/jaaaeg.ee\/wp-content\/uploads\/2023\/06\/JK_ekspo_Beljaev_2022-4-scaled.jpg\" data-lightbox=\"lightbox-99a54e01\" class=\"vce-image-masonry-gallery-item\"><img decoding=\"async\" class=\"vce-image-masonry-gallery-img\" src=\"https:\/\/jaaaeg.ee\/wp-content\/uploads\/2023\/06\/JK_ekspo_Beljaev_2022-4-scaled.jpg\" alt=\"\"><\/a><a href=\"https:\/\/jaaaeg.ee\/wp-content\/uploads\/2023\/06\/jaaajakeskus_Liisbet_Jarviste_2016-9021.jpg\" data-lightbox=\"lightbox-99a54e01\" class=\"vce-image-masonry-gallery-item\"><img decoding=\"async\" class=\"vce-image-masonry-gallery-img\" src=\"https:\/\/jaaaeg.ee\/wp-content\/uploads\/2023\/06\/jaaajakeskus_Liisbet_Jarviste_2016-9021.jpg\" alt=\"\"><\/a><\/div><div class=\"vce-image-masonry-gallery-column\"><a href=\"https:\/\/jaaaeg.ee\/wp-content\/uploads\/2023\/06\/JK_koopalovi-ja-urghirv_Jaanika-Aasav-scaled.jpg\" data-lightbox=\"lightbox-99a54e01\" class=\"vce-image-masonry-gallery-item\"><img decoding=\"async\" class=\"vce-image-masonry-gallery-img\" src=\"https:\/\/jaaaeg.ee\/wp-content\/uploads\/2023\/06\/JK_koopalovi-ja-urghirv_Jaanika-Aasav-scaled.jpg\" alt=\"\"><\/a><a href=\"https:\/\/jaaaeg.ee\/wp-content\/uploads\/2023\/06\/JK_ekspo_Beljaev_2022-3-scaled.jpg\" data-lightbox=\"lightbox-99a54e01\" class=\"vce-image-masonry-gallery-item\"><img decoding=\"async\" class=\"vce-image-masonry-gallery-img\" src=\"https:\/\/jaaaeg.ee\/wp-content\/uploads\/2023\/06\/JK_ekspo_Beljaev_2022-3-scaled.jpg\" alt=\"\"><\/a><\/div><div class=\"vce-image-masonry-gallery-column\"><a href=\"https:\/\/jaaaeg.ee\/wp-content\/uploads\/2023\/06\/JK_koobas_-KBeljaev-scaled.jpg\" data-lightbox=\"lightbox-99a54e01\" class=\"vce-image-masonry-gallery-item\"><img decoding=\"async\" class=\"vce-image-masonry-gallery-img\" src=\"https:\/\/jaaaeg.ee\/wp-content\/uploads\/2023\/06\/JK_koobas_-KBeljaev-scaled.jpg\" alt=\"\"><\/a><a href=\"https:\/\/jaaaeg.ee\/wp-content\/uploads\/2023\/06\/JK_ekspo_beljaev_23-15-scaled.jpg\" data-lightbox=\"lightbox-99a54e01\" class=\"vce-image-masonry-gallery-item\"><img decoding=\"async\" class=\"vce-image-masonry-gallery-img\" src=\"https:\/\/jaaaeg.ee\/wp-content\/uploads\/2023\/06\/JK_ekspo_beljaev_23-15-scaled.jpg\" alt=\"\"><\/a><a href=\"https:\/\/jaaaeg.ee\/wp-content\/uploads\/2023\/06\/JK_ekspo_beljaev_23-11-scaled.jpg\" data-lightbox=\"lightbox-99a54e01\" class=\"vce-image-masonry-gallery-item\"><img decoding=\"async\" class=\"vce-image-masonry-gallery-img\" src=\"https:\/\/jaaaeg.ee\/wp-content\/uploads\/2023\/06\/JK_ekspo_beljaev_23-11-scaled.jpg\" alt=\"\"><\/a><\/div><\/div><\/div><\/div><\/div><\/div><\/div><\/div><\/div><\/div>\n","protected":false},"excerpt":{"rendered":"For groups booked in advance (from 12 people) we offer 10% discount for the Ice Age Centre ticket.Group visiting should be booked in advance &nbsp;info@jaaaeg.ee&nbsp;or +372&nbsp;5911 3318.&nbsp;In the interests of providing the best possible service to visitors, the Ice Age Centre has the right to apply a waiting period to unregistered groups.Guide service, should be&#8230; <a class=\"view-article\" href=\"https:\/\/jaaaeg.ee\/en\/jaaaja-keskusest\/for-groups\/\">Read more<\/a>","protected":false},"author":1,"featured_media":0,"parent":1441,"menu_order":347,"comment_status":"closed","ping_status":"closed","template":"template-sidebar.php","meta":{"_acf_changed":false,"ngg_post_thumbnail":0,"footnotes":""},"class_list":["post-1479","page","type-page","status-publish","hentry"],"acf":[],"yoast_head":"<!-- This site is optimized with the Yoast SEO plugin v27.3 - https:\/\/yoast.com\/product\/yoast-seo-wordpress\/ -->\n<title>For groups - J\u00e4\u00e4aja Keskus<\/title>\n<meta name=\"robots\" content=\"index, follow, max-snippet:-1, max-image-preview:large, max-video-preview:-1\" \/>\n<link rel=\"canonical\" href=\"https:\/\/jaaaeg.ee\/en\/jaaaja-keskusest\/for-groups\/\" \/>\n<meta property=\"og:locale\" content=\"en_US\" \/>\n<meta property=\"og:type\" content=\"article\" \/>\n<meta property=\"og:title\" content=\"For groups - J\u00e4\u00e4aja Keskus\" \/>\n<meta property=\"og:description\" content=\"For groups booked in advance (from 12 people) we offer 10% discount for the Ice Age Centre ticket.Group visiting should be booked in advance &nbsp;info@jaaaeg.ee&nbsp;or +372&nbsp;5911 3318.&nbsp;In the interests of providing the best possible service to visitors, the Ice Age Centre has the right to apply a waiting period to unregistered groups.Guide service, should be... Read more\" \/>\n<meta property=\"og:url\" content=\"https:\/\/jaaaeg.ee\/en\/jaaaja-keskusest\/for-groups\/\" \/>\n<meta property=\"og:site_name\" content=\"J\u00e4\u00e4aja Keskus\" \/>\n<meta property=\"article:publisher\" content=\"https:\/\/www.facebook.com\/JaaajaKeskus\/\" \/>\n<meta property=\"article:modified_time\" content=\"2023-06-09T14:14:05+00:00\" \/>\n<meta name=\"twitter:card\" content=\"summary_large_image\" \/>\n<meta name=\"twitter:label1\" content=\"Est. reading time\" \/>\n\t<meta name=\"twitter:data1\" content=\"3 minutes\" \/>\n<script type=\"application\/ld+json\" class=\"yoast-schema-graph\">{\"@context\":\"https:\\\/\\\/schema.org\",\"@graph\":[{\"@type\":\"WebPage\",\"@id\":\"https:\\\/\\\/jaaaeg.ee\\\/en\\\/jaaaja-keskusest\\\/for-groups\\\/\",\"url\":\"https:\\\/\\\/jaaaeg.ee\\\/en\\\/jaaaja-keskusest\\\/for-groups\\\/\",\"name\":\"For groups - J\u00e4\u00e4aja Keskus\",\"isPartOf\":{\"@id\":\"https:\\\/\\\/jaaaeg.ee\\\/ru\\\/#website\"},\"datePublished\":\"2018-10-02T08:52:31+00:00\",\"dateModified\":\"2023-06-09T14:14:05+00:00\",\"breadcrumb\":{\"@id\":\"https:\\\/\\\/jaaaeg.ee\\\/en\\\/jaaaja-keskusest\\\/for-groups\\\/#breadcrumb\"},\"inLanguage\":\"en-US\",\"potentialAction\":[{\"@type\":\"ReadAction\",\"target\":[\"https:\\\/\\\/jaaaeg.ee\\\/en\\\/jaaaja-keskusest\\\/for-groups\\\/\"]}]},{\"@type\":\"BreadcrumbList\",\"@id\":\"https:\\\/\\\/jaaaeg.ee\\\/en\\\/jaaaja-keskusest\\\/for-groups\\\/#breadcrumb\",\"itemListElement\":[{\"@type\":\"ListItem\",\"position\":1,\"name\":\"Home\",\"item\":\"https:\\\/\\\/jaaaeg.ee\\\/en\\\/\"},{\"@type\":\"ListItem\",\"position\":2,\"name\":\"About Ice Age Centre\",\"item\":\"https:\\\/\\\/jaaaeg.ee\\\/en\\\/jaaaja-keskusest\\\/\"},{\"@type\":\"ListItem\",\"position\":3,\"name\":\"For groups\"}]},{\"@type\":\"WebSite\",\"@id\":\"https:\\\/\\\/jaaaeg.ee\\\/ru\\\/#website\",\"url\":\"https:\\\/\\\/jaaaeg.ee\\\/ru\\\/\",\"name\":\"J\u00e4\u00e4aja Keskus\",\"description\":\"avastamisr\u00f5\u00f5m igas vanuses k\u00fclastajatele\",\"potentialAction\":[{\"@type\":\"SearchAction\",\"target\":{\"@type\":\"EntryPoint\",\"urlTemplate\":\"https:\\\/\\\/jaaaeg.ee\\\/ru\\\/?s={search_term_string}\"},\"query-input\":{\"@type\":\"PropertyValueSpecification\",\"valueRequired\":true,\"valueName\":\"search_term_string\"}}],\"inLanguage\":\"en-US\"}]}<\/script>\n<!-- \/ Yoast SEO plugin. -->","yoast_head_json":{"title":"For groups - J\u00e4\u00e4aja Keskus","robots":{"index":"index","follow":"follow","max-snippet":"max-snippet:-1","max-image-preview":"max-image-preview:large","max-video-preview":"max-video-preview:-1"},"canonical":"https:\/\/jaaaeg.ee\/en\/jaaaja-keskusest\/for-groups\/","og_locale":"en_US","og_type":"article","og_title":"For groups - J\u00e4\u00e4aja Keskus","og_description":"For groups booked in advance (from 12 people) we offer 10% discount for the Ice Age Centre ticket.Group visiting should be booked in advance &nbsp;info@jaaaeg.ee&nbsp;or +372&nbsp;5911 3318.&nbsp;In the interests of providing the best possible service to visitors, the Ice Age Centre has the right to apply a waiting period to unregistered groups.Guide service, should be... Read more","og_url":"https:\/\/jaaaeg.ee\/en\/jaaaja-keskusest\/for-groups\/","og_site_name":"J\u00e4\u00e4aja Keskus","article_publisher":"https:\/\/www.facebook.com\/JaaajaKeskus\/","article_modified_time":"2023-06-09T14:14:05+00:00","twitter_card":"summary_large_image","twitter_misc":{"Est. reading time":"3 minutes"},"schema":{"@context":"https:\/\/schema.org","@graph":[{"@type":"WebPage","@id":"https:\/\/jaaaeg.ee\/en\/jaaaja-keskusest\/for-groups\/","url":"https:\/\/jaaaeg.ee\/en\/jaaaja-keskusest\/for-groups\/","name":"For groups - J\u00e4\u00e4aja Keskus","isPartOf":{"@id":"https:\/\/jaaaeg.ee\/ru\/#website"},"datePublished":"2018-10-02T08:52:31+00:00","dateModified":"2023-06-09T14:14:05+00:00","breadcrumb":{"@id":"https:\/\/jaaaeg.ee\/en\/jaaaja-keskusest\/for-groups\/#breadcrumb"},"inLanguage":"en-US","potentialAction":[{"@type":"ReadAction","target":["https:\/\/jaaaeg.ee\/en\/jaaaja-keskusest\/for-groups\/"]}]},{"@type":"BreadcrumbList","@id":"https:\/\/jaaaeg.ee\/en\/jaaaja-keskusest\/for-groups\/#breadcrumb","itemListElement":[{"@type":"ListItem","position":1,"name":"Home","item":"https:\/\/jaaaeg.ee\/en\/"},{"@type":"ListItem","position":2,"name":"About Ice Age Centre","item":"https:\/\/jaaaeg.ee\/en\/jaaaja-keskusest\/"},{"@type":"ListItem","position":3,"name":"For groups"}]},{"@type":"WebSite","@id":"https:\/\/jaaaeg.ee\/ru\/#website","url":"https:\/\/jaaaeg.ee\/ru\/","name":"J\u00e4\u00e4aja Keskus","description":"avastamisr\u00f5\u00f5m igas vanuses k\u00fclastajatele","potentialAction":[{"@type":"SearchAction","target":{"@type":"EntryPoint","urlTemplate":"https:\/\/jaaaeg.ee\/ru\/?s={search_term_string}"},"query-input":{"@type":"PropertyValueSpecification","valueRequired":true,"valueName":"search_term_string"}}],"inLanguage":"en-US"}]}},"_links":{"self":[{"href":"https:\/\/jaaaeg.ee\/en\/wp-json\/wp\/v2\/pages\/1479","targetHints":{"allow":["GET"]}}],"collection":[{"href":"https:\/\/jaaaeg.ee\/en\/wp-json\/wp\/v2\/pages"}],"about":[{"href":"https:\/\/jaaaeg.ee\/en\/wp-json\/wp\/v2\/types\/page"}],"author":[{"embeddable":true,"href":"https:\/\/jaaaeg.ee\/en\/wp-json\/wp\/v2\/users\/1"}],"replies":[{"embeddable":true,"href":"https:\/\/jaaaeg.ee\/en\/wp-json\/wp\/v2\/comments?post=1479"}],"version-history":[{"count":9,"href":"https:\/\/jaaaeg.ee\/en\/wp-json\/wp\/v2\/pages\/1479\/revisions"}],"predecessor-version":[{"id":22626,"href":"https:\/\/jaaaeg.ee\/en\/wp-json\/wp\/v2\/pages\/1479\/revisions\/22626"}],"up":[{"embeddable":true,"href":"https:\/\/jaaaeg.ee\/en\/wp-json\/wp\/v2\/pages\/1441"}],"wp:attachment":[{"href":"https:\/\/jaaaeg.ee\/en\/wp-json\/wp\/v2\/media?parent=1479"}],"curies":[{"name":"wp","href":"https:\/\/api.w.org\/{rel}","templated":true}]}}