{"id":1462,"date":"2018-10-02T11:43:42","date_gmt":"2018-10-02T08:43:42","guid":{"rendered":"http:\/\/jaaaeg.ee\/?page_id=1462"},"modified":"2025-04-30T10:45:12","modified_gmt":"2025-04-30T07:45:12","slug":"for-visitors","status":"publish","type":"page","link":"https:\/\/jaaaeg.ee\/en\/jaaaja-keskusest\/for-visitors\/","title":{"rendered":"For visitors"},"content":{"rendered":"<div class=\"vce-row-container\" data-vce-boxed-width=\"true\"><div class=\"vce-row vce-row--col-gap-30 vce-row-content--top\" id=\"el-e5893560\" data-vce-do-apply=\"all el-e5893560\"><div class=\"vce-row-content\" data-vce-element-content=\"true\"><div class=\"vce-col vce-col--md-100p vce-col--xs-1 vce-col--xs-last vce-col--xs-first vce-col--sm-last vce-col--sm-first vce-col--md-last vce-col--lg-last vce-col--xl-last vce-col--md-first vce-col--lg-first vce-col--xl-first\" id=\"el-98c6287a\"><div class=\"vce-col-inner\" data-vce-do-apply=\"border margin background  el-98c6287a\"><div class=\"vce-col-content\" data-vce-element-content=\"true\" data-vce-do-apply=\"padding el-98c6287a\"><div class=\"vce-text-block\"><div class=\"vce-text-block-wrapper vce\" id=\"el-9e5fb3b1\" data-vce-do-apply=\"all el-9e5fb3b1\"><p><strong>Ice Age Centre is full of discoveries, we are looking forward to your visit!<\/strong> <strong>We are open throughout the year!<\/strong><\/p><p>You will meet mammoths, a polar bear, get to know a lot about the nature of Estonia and the world. Ice Age Centre is perfect for <strong>families<\/strong>. <strong>We also welcome children and student groups<\/strong>, to whom we offer practical learning programs.<\/p><p>In addition to the exciting exhibition, you will find a cozy caf\u00e8, suvenir shop and a picturesque raft trips on lake Saadj\u00e4rv!<\/p><p><strong>For the best experience, we recommend to reserve:<\/strong><\/p><ul><li><strong>1 hour<\/strong>\u2013 quick introduction and a tour at the centre<\/li><li><strong>2 hours<\/strong>\u2013 more closer look with movies<\/li><li><strong>3 hours<\/strong> \u2013 more closer look with movies, interactive exhibitions and reading the information stand)<\/li><\/ul><h2><span lang=\"EN-GB\" style=\"font-size: 17.0pt; line-height: 115%;\">Ticket<\/span><\/h2><table width=\"100%\"><tbody><tr><td><strong>Adult<\/strong><\/td><td><strong>12 \u20ac<\/strong><\/td><\/tr><tr><td>Discount (children from the age of 5, students, pensioners, teachers with ITIC cards, disabled persons, people accompanying disabled persons)<\/td><td>8 \u20ac<\/td><\/tr><tr><td><p><strong>Family (two adults and two&nbsp; children aged 5 -18)<\/strong><\/p><p>&nbsp;<\/p><\/td><td><strong>26 \u20ac<\/strong><\/td><\/tr><tr><td>Children up to 4 years old (inclusive)<\/td><td>Free<\/td><\/tr><tr><td>People with deep disabilities<\/td><td>Free<\/td><\/tr><tr><td>Guide service (Estonian; group up to 20 persons)<\/td><td>50 \u20ac \/ h<\/td><\/tr><tr><td>Guide service (English, Russian; up to 20 persons)<\/td><td>50 \u20ac \/ h<\/td><\/tr><tr><td><p>Raft trip (duration 25 minutes).<\/p><p>If there are fewer than 5 participants, the ride costs 25 \u20ac in total.<\/p><\/td><td><p><span style=\"font-size: 18px; background-color: #f2f2f2;\">5 \u20ac <\/span>\/ person<\/p><p>Children up to 4 years old (inclusive)<\/p><\/td><\/tr><tr><td>Raft on order (group up to 20 people)<\/td><td>65 \u20ac \/ h<\/td><\/tr><\/tbody><\/table><p>You can pay in cash or with card!<\/p><\/div><\/div><\/div><\/div><\/div><\/div><\/div><\/div>\n","protected":false},"excerpt":{"rendered":"Ice Age Centre is full of discoveries, we are looking forward to your visit! We are open throughout the year!You will meet mammoths, a polar bear, get to know a lot about the nature of Estonia and the world. Ice Age Centre is perfect for families. We also welcome children and student groups, to whom&#8230; <a class=\"view-article\" href=\"https:\/\/jaaaeg.ee\/en\/jaaaja-keskusest\/for-visitors\/\">Read more<\/a>","protected":false},"author":1,"featured_media":18857,"parent":1441,"menu_order":348,"comment_status":"closed","ping_status":"closed","template":"template-sidebar.php","meta":{"_acf_changed":false,"ngg_post_thumbnail":0,"footnotes":""},"class_list":["post-1462","page","type-page","status-publish","has-post-thumbnail","hentry"],"acf":[],"yoast_head":"<!-- This site is optimized with the Yoast SEO plugin v27.3 - https:\/\/yoast.com\/product\/yoast-seo-wordpress\/ -->\n<title>For visitors - J\u00e4\u00e4aja Keskus<\/title>\n<meta name=\"description\" content=\"Tickets, cost of visit, how much it costs, ticket, price, For visitors - Ice Age Centre tickets, family ticket\" \/>\n<meta name=\"robots\" content=\"index, follow, max-snippet:-1, max-image-preview:large, max-video-preview:-1\" \/>\n<link rel=\"canonical\" href=\"https:\/\/jaaaeg.ee\/en\/jaaaja-keskusest\/for-visitors\/\" \/>\n<meta property=\"og:locale\" content=\"en_US\" \/>\n<meta property=\"og:type\" content=\"article\" \/>\n<meta property=\"og:title\" content=\"For visitors - J\u00e4\u00e4aja Keskus\" \/>\n<meta property=\"og:description\" content=\"Tickets, cost of visit, how much it costs, ticket, price, For visitors - Ice Age Centre tickets, family ticket\" \/>\n<meta property=\"og:url\" content=\"https:\/\/jaaaeg.ee\/en\/jaaaja-keskusest\/for-visitors\/\" \/>\n<meta property=\"og:site_name\" content=\"J\u00e4\u00e4aja Keskus\" \/>\n<meta property=\"article:publisher\" content=\"https:\/\/www.facebook.com\/JaaajaKeskus\/\" \/>\n<meta property=\"article:modified_time\" content=\"2025-04-30T07:45:12+00:00\" \/>\n<meta property=\"og:image\" content=\"https:\/\/jaaaeg.ee\/wp-content\/uploads\/2020\/10\/jaaajakeskus-DSC_9556-scaled.jpg\" \/>\n\t<meta property=\"og:image:width\" content=\"2560\" \/>\n\t<meta property=\"og:image:height\" content=\"1707\" \/>\n\t<meta property=\"og:image:type\" content=\"image\/jpeg\" \/>\n<meta name=\"twitter:card\" content=\"summary_large_image\" \/>\n<meta name=\"twitter:label1\" content=\"Est. reading time\" \/>\n\t<meta name=\"twitter:data1\" content=\"2 minutes\" \/>\n<script type=\"application\/ld+json\" class=\"yoast-schema-graph\">{\"@context\":\"https:\\\/\\\/schema.org\",\"@graph\":[{\"@type\":\"WebPage\",\"@id\":\"https:\\\/\\\/jaaaeg.ee\\\/en\\\/jaaaja-keskusest\\\/for-visitors\\\/\",\"url\":\"https:\\\/\\\/jaaaeg.ee\\\/en\\\/jaaaja-keskusest\\\/for-visitors\\\/\",\"name\":\"For visitors - J\u00e4\u00e4aja Keskus\",\"isPartOf\":{\"@id\":\"https:\\\/\\\/jaaaeg.ee\\\/ru\\\/#website\"},\"primaryImageOfPage\":{\"@id\":\"https:\\\/\\\/jaaaeg.ee\\\/en\\\/jaaaja-keskusest\\\/for-visitors\\\/#primaryimage\"},\"image\":{\"@id\":\"https:\\\/\\\/jaaaeg.ee\\\/en\\\/jaaaja-keskusest\\\/for-visitors\\\/#primaryimage\"},\"thumbnailUrl\":\"https:\\\/\\\/jaaaeg.ee\\\/wp-content\\\/uploads\\\/2020\\\/10\\\/jaaajakeskus-DSC_9556-scaled.jpg\",\"datePublished\":\"2018-10-02T08:43:42+00:00\",\"dateModified\":\"2025-04-30T07:45:12+00:00\",\"description\":\"Tickets, cost of visit, how much it costs, ticket, price, For visitors - Ice Age Centre tickets, family ticket\",\"breadcrumb\":{\"@id\":\"https:\\\/\\\/jaaaeg.ee\\\/en\\\/jaaaja-keskusest\\\/for-visitors\\\/#breadcrumb\"},\"inLanguage\":\"en-US\",\"potentialAction\":[{\"@type\":\"ReadAction\",\"target\":[\"https:\\\/\\\/jaaaeg.ee\\\/en\\\/jaaaja-keskusest\\\/for-visitors\\\/\"]}]},{\"@type\":\"ImageObject\",\"inLanguage\":\"en-US\",\"@id\":\"https:\\\/\\\/jaaaeg.ee\\\/en\\\/jaaaja-keskusest\\\/for-visitors\\\/#primaryimage\",\"url\":\"https:\\\/\\\/jaaaeg.ee\\\/wp-content\\\/uploads\\\/2020\\\/10\\\/jaaajakeskus-DSC_9556-scaled.jpg\",\"contentUrl\":\"https:\\\/\\\/jaaaeg.ee\\\/wp-content\\\/uploads\\\/2020\\\/10\\\/jaaajakeskus-DSC_9556-scaled.jpg\",\"width\":2560,\"height\":1707,\"caption\":\"jaaajakeskus DSC 9556 scaled\"},{\"@type\":\"BreadcrumbList\",\"@id\":\"https:\\\/\\\/jaaaeg.ee\\\/en\\\/jaaaja-keskusest\\\/for-visitors\\\/#breadcrumb\",\"itemListElement\":[{\"@type\":\"ListItem\",\"position\":1,\"name\":\"Home\",\"item\":\"https:\\\/\\\/jaaaeg.ee\\\/en\\\/\"},{\"@type\":\"ListItem\",\"position\":2,\"name\":\"About Ice Age Centre\",\"item\":\"https:\\\/\\\/jaaaeg.ee\\\/en\\\/jaaaja-keskusest\\\/\"},{\"@type\":\"ListItem\",\"position\":3,\"name\":\"For visitors\"}]},{\"@type\":\"WebSite\",\"@id\":\"https:\\\/\\\/jaaaeg.ee\\\/ru\\\/#website\",\"url\":\"https:\\\/\\\/jaaaeg.ee\\\/ru\\\/\",\"name\":\"J\u00e4\u00e4aja Keskus\",\"description\":\"avastamisr\u00f5\u00f5m igas vanuses k\u00fclastajatele\",\"potentialAction\":[{\"@type\":\"SearchAction\",\"target\":{\"@type\":\"EntryPoint\",\"urlTemplate\":\"https:\\\/\\\/jaaaeg.ee\\\/ru\\\/?s={search_term_string}\"},\"query-input\":{\"@type\":\"PropertyValueSpecification\",\"valueRequired\":true,\"valueName\":\"search_term_string\"}}],\"inLanguage\":\"en-US\"}]}<\/script>\n<!-- \/ Yoast SEO plugin. -->","yoast_head_json":{"title":"For visitors - J\u00e4\u00e4aja Keskus","description":"Tickets, cost of visit, how much it costs, ticket, price, For visitors - Ice Age Centre tickets, family ticket","robots":{"index":"index","follow":"follow","max-snippet":"max-snippet:-1","max-image-preview":"max-image-preview:large","max-video-preview":"max-video-preview:-1"},"canonical":"https:\/\/jaaaeg.ee\/en\/jaaaja-keskusest\/for-visitors\/","og_locale":"en_US","og_type":"article","og_title":"For visitors - J\u00e4\u00e4aja Keskus","og_description":"Tickets, cost of visit, how much it costs, ticket, price, For visitors - Ice Age Centre tickets, family ticket","og_url":"https:\/\/jaaaeg.ee\/en\/jaaaja-keskusest\/for-visitors\/","og_site_name":"J\u00e4\u00e4aja Keskus","article_publisher":"https:\/\/www.facebook.com\/JaaajaKeskus\/","article_modified_time":"2025-04-30T07:45:12+00:00","og_image":[{"width":2560,"height":1707,"url":"https:\/\/jaaaeg.ee\/wp-content\/uploads\/2020\/10\/jaaajakeskus-DSC_9556-scaled.jpg","type":"image\/jpeg"}],"twitter_card":"summary_large_image","twitter_misc":{"Est. reading time":"2 minutes"},"schema":{"@context":"https:\/\/schema.org","@graph":[{"@type":"WebPage","@id":"https:\/\/jaaaeg.ee\/en\/jaaaja-keskusest\/for-visitors\/","url":"https:\/\/jaaaeg.ee\/en\/jaaaja-keskusest\/for-visitors\/","name":"For visitors - J\u00e4\u00e4aja Keskus","isPartOf":{"@id":"https:\/\/jaaaeg.ee\/ru\/#website"},"primaryImageOfPage":{"@id":"https:\/\/jaaaeg.ee\/en\/jaaaja-keskusest\/for-visitors\/#primaryimage"},"image":{"@id":"https:\/\/jaaaeg.ee\/en\/jaaaja-keskusest\/for-visitors\/#primaryimage"},"thumbnailUrl":"https:\/\/jaaaeg.ee\/wp-content\/uploads\/2020\/10\/jaaajakeskus-DSC_9556-scaled.jpg","datePublished":"2018-10-02T08:43:42+00:00","dateModified":"2025-04-30T07:45:12+00:00","description":"Tickets, cost of visit, how much it costs, ticket, price, For visitors - Ice Age Centre tickets, family ticket","breadcrumb":{"@id":"https:\/\/jaaaeg.ee\/en\/jaaaja-keskusest\/for-visitors\/#breadcrumb"},"inLanguage":"en-US","potentialAction":[{"@type":"ReadAction","target":["https:\/\/jaaaeg.ee\/en\/jaaaja-keskusest\/for-visitors\/"]}]},{"@type":"ImageObject","inLanguage":"en-US","@id":"https:\/\/jaaaeg.ee\/en\/jaaaja-keskusest\/for-visitors\/#primaryimage","url":"https:\/\/jaaaeg.ee\/wp-content\/uploads\/2020\/10\/jaaajakeskus-DSC_9556-scaled.jpg","contentUrl":"https:\/\/jaaaeg.ee\/wp-content\/uploads\/2020\/10\/jaaajakeskus-DSC_9556-scaled.jpg","width":2560,"height":1707,"caption":"jaaajakeskus DSC 9556 scaled"},{"@type":"BreadcrumbList","@id":"https:\/\/jaaaeg.ee\/en\/jaaaja-keskusest\/for-visitors\/#breadcrumb","itemListElement":[{"@type":"ListItem","position":1,"name":"Home","item":"https:\/\/jaaaeg.ee\/en\/"},{"@type":"ListItem","position":2,"name":"About Ice Age Centre","item":"https:\/\/jaaaeg.ee\/en\/jaaaja-keskusest\/"},{"@type":"ListItem","position":3,"name":"For visitors"}]},{"@type":"WebSite","@id":"https:\/\/jaaaeg.ee\/ru\/#website","url":"https:\/\/jaaaeg.ee\/ru\/","name":"J\u00e4\u00e4aja Keskus","description":"avastamisr\u00f5\u00f5m igas vanuses k\u00fclastajatele","potentialAction":[{"@type":"SearchAction","target":{"@type":"EntryPoint","urlTemplate":"https:\/\/jaaaeg.ee\/ru\/?s={search_term_string}"},"query-input":{"@type":"PropertyValueSpecification","valueRequired":true,"valueName":"search_term_string"}}],"inLanguage":"en-US"}]}},"_links":{"self":[{"href":"https:\/\/jaaaeg.ee\/en\/wp-json\/wp\/v2\/pages\/1462","targetHints":{"allow":["GET"]}}],"collection":[{"href":"https:\/\/jaaaeg.ee\/en\/wp-json\/wp\/v2\/pages"}],"about":[{"href":"https:\/\/jaaaeg.ee\/en\/wp-json\/wp\/v2\/types\/page"}],"author":[{"embeddable":true,"href":"https:\/\/jaaaeg.ee\/en\/wp-json\/wp\/v2\/users\/1"}],"replies":[{"embeddable":true,"href":"https:\/\/jaaaeg.ee\/en\/wp-json\/wp\/v2\/comments?post=1462"}],"version-history":[{"count":23,"href":"https:\/\/jaaaeg.ee\/en\/wp-json\/wp\/v2\/pages\/1462\/revisions"}],"predecessor-version":[{"id":31199,"href":"https:\/\/jaaaeg.ee\/en\/wp-json\/wp\/v2\/pages\/1462\/revisions\/31199"}],"up":[{"embeddable":true,"href":"https:\/\/jaaaeg.ee\/en\/wp-json\/wp\/v2\/pages\/1441"}],"wp:featuredmedia":[{"embeddable":true,"href":"https:\/\/jaaaeg.ee\/en\/wp-json\/wp\/v2\/media\/18857"}],"wp:attachment":[{"href":"https:\/\/jaaaeg.ee\/en\/wp-json\/wp\/v2\/media?parent=1462"}],"curies":[{"name":"wp","href":"https:\/\/api.w.org\/{rel}","templated":true}]}}