{"id":1441,"date":"2018-10-02T11:33:12","date_gmt":"2018-10-02T08:33:12","guid":{"rendered":"http:\/\/jaaaeg.ee\/?page_id=1441"},"modified":"2023-06-09T17:13:12","modified_gmt":"2023-06-09T14:13:12","slug":"jaaaja-keskusest","status":"publish","type":"page","link":"https:\/\/jaaaeg.ee\/en\/jaaaja-keskusest\/","title":{"rendered":"About Ice Age Centre"},"content":{"rendered":"<div class=\"vce-row-container\" data-vce-boxed-width=\"true\"><div class=\"vce-row vce-row--col-gap-30 vce-row-content--top\" id=\"el-3a54ed16\" data-vce-do-apply=\"all el-3a54ed16\"><div class=\"vce-row-content\" data-vce-element-content=\"true\"><div class=\"vce-col vce-col--md-100p vce-col--xs-1 vce-col--xs-last vce-col--xs-first vce-col--sm-last vce-col--sm-first vce-col--md-last vce-col--lg-last vce-col--xl-last vce-col--md-first vce-col--lg-first vce-col--xl-first\" id=\"el-e1b17271\"><div class=\"vce-col-inner\" data-vce-do-apply=\"border margin background  el-e1b17271\"><div class=\"vce-col-content\" data-vce-element-content=\"true\" data-vce-do-apply=\"padding el-e1b17271\"><div class=\"vce-text-block\"><div class=\"vce-text-block-wrapper vce\" id=\"el-2fee270d\" data-vce-do-apply=\"all el-2fee270d\"><p><!--vcv no format--><\/p>\n<div class=\"vce-row-container\">\n<div id=\"el-59e9a01c\" class=\"vce-row vce-row--col-gap-30 vce-row-columns--top vce-row-content--top\" data-vce-do-apply=\"all el-59e9a01c\">\n<div class=\"vce-row-content\" data-vce-element-content=\"true\">\n<div id=\"el-c0670088\" class=\"vce-col vce-col--md-100p vce-col--xs-1 vce-col--xs-last vce-col--xs-first vce-col--sm-last vce-col--sm-first vce-col--md-last vce-col--lg-last vce-col--xl-last vce-col--md-first vce-col--lg-first vce-col--xl-first\" data-vce-do-apply=\"background border el-c0670088\">\n<div class=\"vce-col-inner\" data-vce-element-content=\"true\" data-vce-do-apply=\"padding margin el-c0670088\">\n<div class=\"vce-text-block\">\n<div id=\"el-a1b37cc5\" class=\"vce-text-block-wrapper vce\" data-vce-do-apply=\"all el-a1b37cc5\">\n<p><strong>Ice Age Centre is an exciting theme park meant for the whole family!<\/strong> <strong>We offer the joy of discovery for visitors of all ages!<\/strong><\/p>\n<p>We are a unique visiting centre in the Baltic States \u2013 you will see <strong>life-sized prehistoric animals <\/strong>and experience how <strong>the world and Estonian nature has developed through the ages.<\/strong><\/p>\n<p>Is mammoth just a hairy elephant? When did humans inhabit Estonia? How will the coastline change in time? Is the climate getting warmer or actually colder?<\/p>\n<p><strong>From us you will get to know how the Universe was formed and what lies ahead in the future!<\/strong><\/p>\n<p><strong>Ice Age Centre exhibition offers an overview of <\/strong>the origins of ice ages and their effect on the Earth, Estonia and Vooremaa, introduces the development of Estonian nature and human settlement after the last ice age and the causes of and research on climate change.<\/p>\n<p>We are located in the heart of Vooremaa, next to beautiful lake Saadj\u00e4rv - an area known for the ice age and Estonian Kalevipoeg legends.<\/p>\n<p>If you are looking for an exciting place to visit with children or family in Tartu county, then <strong>come and visit us!<\/strong> We also offer the possibility to host conferences, birthdays and other special events in our centre.<\/p>\n<h2><span lang=\"EN-GB\" style=\"font-size: 20.0pt; line-height: 115%;\">Ice Age Centre house guide<\/span><\/h2>\n<h3><span lang=\"EN-GB\" style=\"font-size: 17.0pt; line-height: 115%;\">I floor\u2013 Ice age and ice in our era<\/span><\/h3>\n<p><img loading=\"lazy\" decoding=\"async\" width=\"300\" height=\"199\" class=\"size-medium wp-image-1444 alignleft\" src=\"https:\/\/jaaaeg.ee\/wp-content\/uploads\/2018\/09\/Picture1-300x199.png\" alt=\"\" srcset=\"https:\/\/jaaaeg.ee\/wp-content\/uploads\/2018\/09\/Picture1-300x199.png 300w, https:\/\/jaaaeg.ee\/wp-content\/uploads\/2018\/09\/Picture1-120x79.png 120w, https:\/\/jaaaeg.ee\/wp-content\/uploads\/2018\/09\/Picture1.png 468w\" sizes=\"auto, (max-width: 300px) 100vw, 300px\" \/><\/p>\n<ul>\n<li>Animals from the ice age \u2013 mammoth, Irish elk, cave lion<\/li>\n<li>Ice ages on the background of world history<\/li>\n<li>Human during ice age<\/li>\n<li>An ice age playground for children<\/li>\n<li>Ice experiences<\/li>\n<li><strong>You will also meet our most famous inhabitat - the mammoth!<\/strong><\/li>\n<\/ul>\n<h3><span lang=\"EN-GB\" style=\"font-size: 17.0pt; line-height: 115%;\">II floor - Traces of ice age on the Estonian territory<\/span><\/h3>\n<p><img loading=\"lazy\" decoding=\"async\" width=\"300\" height=\"199\" class=\"size-medium wp-image-1445 alignleft\" src=\"https:\/\/jaaaeg.ee\/wp-content\/uploads\/2018\/09\/Picture2-300x199.png\" alt=\"\" srcset=\"https:\/\/jaaaeg.ee\/wp-content\/uploads\/2018\/09\/Picture2-300x199.png 300w, https:\/\/jaaaeg.ee\/wp-content\/uploads\/2018\/09\/Picture2-120x79.png 120w, https:\/\/jaaaeg.ee\/wp-content\/uploads\/2018\/09\/Picture2.png 468w\" sizes=\"auto, (max-width: 300px) 100vw, 300px\" \/><\/p>\n<ul>\n<li>Heritage of the glaciers in the landscapes<\/li>\n<li>Development of nature after ice age<\/li>\n<li>Traces of ice age in folktales<\/li>\n<li>Vooremaa as an open-air museum of ice age<\/li>\n<\/ul>\n<h3><span lang=\"EN-GB\" style=\"font-size: 17.0pt; line-height: 115%;\">III floor - Does the future depend on us?<\/span><\/h3>\n<p><img loading=\"lazy\" decoding=\"async\" width=\"300\" height=\"199\" class=\"size-medium wp-image-1446 alignleft\" src=\"https:\/\/jaaaeg.ee\/wp-content\/uploads\/2018\/09\/Picture3-300x199.png\" alt=\"\" srcset=\"https:\/\/jaaaeg.ee\/wp-content\/uploads\/2018\/09\/Picture3-300x199.png 300w, https:\/\/jaaaeg.ee\/wp-content\/uploads\/2018\/09\/Picture3-120x79.png 120w, https:\/\/jaaaeg.ee\/wp-content\/uploads\/2018\/09\/Picture3.png 468w\" sizes=\"auto, (max-width: 300px) 100vw, 300px\" \/><\/p>\n<ul>\n<li>Meteorological observations and the climate<\/li>\n<li>Will there be a new ice age?<\/li>\n<li>Role of the human being in climate changes<\/li>\n<li>Ecological footprint<\/li>\n<li><strong>on the third floor you will meet the life-sized polar bear Franz<\/strong>, who is the taxidermy of the polar bear living at the Tallinn Zoo.<\/li>\n<\/ul>\n<\/div>\n<\/div>\n<\/div>\n<\/div>\n<\/div>\n<\/div>\n<\/div>\n<p><!--vcv no format--><\/p><\/div><\/div><\/div><\/div><\/div><\/div><\/div><\/div>\n","protected":false},"excerpt":{"rendered":"Ice Age Centre is an exciting theme park meant for the whole family! We offer the joy of discovery for visitors of all ages! We are a unique visiting centre in the Baltic States \u2013 you will see life-sized prehistoric animals and experience how the world and Estonian nature has developed through the ages. Is&#8230; <a class=\"view-article\" href=\"https:\/\/jaaaeg.ee\/en\/jaaaja-keskusest\/\">Read more<\/a>","protected":false},"author":1,"featured_media":1447,"parent":0,"menu_order":372,"comment_status":"closed","ping_status":"closed","template":"template-sidebar.php","meta":{"_acf_changed":false,"ngg_post_thumbnail":0,"footnotes":""},"class_list":["post-1441","page","type-page","status-publish","has-post-thumbnail","hentry"],"acf":[],"yoast_head":"<!-- This site is optimized with the Yoast SEO plugin v27.4 - https:\/\/yoast.com\/product\/yoast-seo-wordpress\/ -->\n<title>About Ice Age Centre - J\u00e4\u00e4aja Keskus<\/title>\n<meta name=\"description\" content=\"J\u00e4\u00e4aja Keskus on Tartumaal asuv kogu pere m\u00f5eldud p\u00f5nev elamuskeskus, kust leiavad avastamisr\u00f5\u00f5mus igas vanuses k\u00fclastajad.\" \/>\n<meta name=\"robots\" content=\"index, follow, max-snippet:-1, max-image-preview:large, max-video-preview:-1\" \/>\n<link rel=\"canonical\" href=\"https:\/\/jaaaeg.ee\/en\/jaaaja-keskusest\/\" \/>\n<meta property=\"og:locale\" content=\"en_US\" \/>\n<meta property=\"og:type\" content=\"article\" \/>\n<meta property=\"og:title\" content=\"About Ice Age Centre - J\u00e4\u00e4aja Keskus\" \/>\n<meta property=\"og:description\" content=\"J\u00e4\u00e4aja Keskus on Tartumaal asuv kogu pere m\u00f5eldud p\u00f5nev elamuskeskus, kust leiavad avastamisr\u00f5\u00f5mus igas vanuses k\u00fclastajad.\" \/>\n<meta property=\"og:url\" content=\"https:\/\/jaaaeg.ee\/en\/jaaaja-keskusest\/\" \/>\n<meta property=\"og:site_name\" content=\"J\u00e4\u00e4aja Keskus\" \/>\n<meta property=\"article:publisher\" content=\"https:\/\/www.facebook.com\/JaaajaKeskus\/\" \/>\n<meta property=\"article:modified_time\" content=\"2023-06-09T14:13:12+00:00\" \/>\n<meta property=\"og:image\" content=\"https:\/\/jaaaeg.ee\/wp-content\/uploads\/2018\/07\/aapl-scaled.jpg\" \/>\n\t<meta property=\"og:image:width\" content=\"2560\" \/>\n\t<meta property=\"og:image:height\" content=\"1707\" \/>\n\t<meta property=\"og:image:type\" content=\"image\/jpeg\" \/>\n<meta name=\"twitter:card\" content=\"summary_large_image\" \/>\n<meta name=\"twitter:label1\" content=\"Est. reading time\" \/>\n\t<meta name=\"twitter:data1\" content=\"2 minutes\" \/>\n<script type=\"application\/ld+json\" class=\"yoast-schema-graph\">{\"@context\":\"https:\\\/\\\/schema.org\",\"@graph\":[{\"@type\":\"WebPage\",\"@id\":\"https:\\\/\\\/jaaaeg.ee\\\/en\\\/jaaaja-keskusest\\\/\",\"url\":\"https:\\\/\\\/jaaaeg.ee\\\/en\\\/jaaaja-keskusest\\\/\",\"name\":\"About Ice Age Centre - J\u00e4\u00e4aja Keskus\",\"isPartOf\":{\"@id\":\"https:\\\/\\\/jaaaeg.ee\\\/ru\\\/#website\"},\"primaryImageOfPage\":{\"@id\":\"https:\\\/\\\/jaaaeg.ee\\\/en\\\/jaaaja-keskusest\\\/#primaryimage\"},\"image\":{\"@id\":\"https:\\\/\\\/jaaaeg.ee\\\/en\\\/jaaaja-keskusest\\\/#primaryimage\"},\"thumbnailUrl\":\"https:\\\/\\\/jaaaeg.ee\\\/wp-content\\\/uploads\\\/2018\\\/07\\\/aapl-scaled.jpg\",\"datePublished\":\"2018-10-02T08:33:12+00:00\",\"dateModified\":\"2023-06-09T14:13:12+00:00\",\"description\":\"J\u00e4\u00e4aja Keskus on Tartumaal asuv kogu pere m\u00f5eldud p\u00f5nev elamuskeskus, kust leiavad avastamisr\u00f5\u00f5mus igas vanuses k\u00fclastajad.\",\"breadcrumb\":{\"@id\":\"https:\\\/\\\/jaaaeg.ee\\\/en\\\/jaaaja-keskusest\\\/#breadcrumb\"},\"inLanguage\":\"en-US\",\"potentialAction\":[{\"@type\":\"ReadAction\",\"target\":[\"https:\\\/\\\/jaaaeg.ee\\\/en\\\/jaaaja-keskusest\\\/\"]}]},{\"@type\":\"ImageObject\",\"inLanguage\":\"en-US\",\"@id\":\"https:\\\/\\\/jaaaeg.ee\\\/en\\\/jaaaja-keskusest\\\/#primaryimage\",\"url\":\"https:\\\/\\\/jaaaeg.ee\\\/wp-content\\\/uploads\\\/2018\\\/07\\\/aapl-scaled.jpg\",\"contentUrl\":\"https:\\\/\\\/jaaaeg.ee\\\/wp-content\\\/uploads\\\/2018\\\/07\\\/aapl-scaled.jpg\",\"width\":2560,\"height\":1707,\"caption\":\"aapl scaled\"},{\"@type\":\"BreadcrumbList\",\"@id\":\"https:\\\/\\\/jaaaeg.ee\\\/en\\\/jaaaja-keskusest\\\/#breadcrumb\",\"itemListElement\":[{\"@type\":\"ListItem\",\"position\":1,\"name\":\"Home\",\"item\":\"https:\\\/\\\/jaaaeg.ee\\\/en\\\/\"},{\"@type\":\"ListItem\",\"position\":2,\"name\":\"About Ice Age Centre\"}]},{\"@type\":\"WebSite\",\"@id\":\"https:\\\/\\\/jaaaeg.ee\\\/ru\\\/#website\",\"url\":\"https:\\\/\\\/jaaaeg.ee\\\/ru\\\/\",\"name\":\"J\u00e4\u00e4aja Keskus\",\"description\":\"avastamisr\u00f5\u00f5m igas vanuses k\u00fclastajatele\",\"potentialAction\":[{\"@type\":\"SearchAction\",\"target\":{\"@type\":\"EntryPoint\",\"urlTemplate\":\"https:\\\/\\\/jaaaeg.ee\\\/ru\\\/?s={search_term_string}\"},\"query-input\":{\"@type\":\"PropertyValueSpecification\",\"valueRequired\":true,\"valueName\":\"search_term_string\"}}],\"inLanguage\":\"en-US\"}]}<\/script>\n<!-- \/ Yoast SEO plugin. -->","yoast_head_json":{"title":"About Ice Age Centre - J\u00e4\u00e4aja Keskus","description":"J\u00e4\u00e4aja Keskus on Tartumaal asuv kogu pere m\u00f5eldud p\u00f5nev elamuskeskus, kust leiavad avastamisr\u00f5\u00f5mus igas vanuses k\u00fclastajad.","robots":{"index":"index","follow":"follow","max-snippet":"max-snippet:-1","max-image-preview":"max-image-preview:large","max-video-preview":"max-video-preview:-1"},"canonical":"https:\/\/jaaaeg.ee\/en\/jaaaja-keskusest\/","og_locale":"en_US","og_type":"article","og_title":"About Ice Age Centre - J\u00e4\u00e4aja Keskus","og_description":"J\u00e4\u00e4aja Keskus on Tartumaal asuv kogu pere m\u00f5eldud p\u00f5nev elamuskeskus, kust leiavad avastamisr\u00f5\u00f5mus igas vanuses k\u00fclastajad.","og_url":"https:\/\/jaaaeg.ee\/en\/jaaaja-keskusest\/","og_site_name":"J\u00e4\u00e4aja Keskus","article_publisher":"https:\/\/www.facebook.com\/JaaajaKeskus\/","article_modified_time":"2023-06-09T14:13:12+00:00","og_image":[{"width":2560,"height":1707,"url":"https:\/\/jaaaeg.ee\/wp-content\/uploads\/2018\/07\/aapl-scaled.jpg","type":"image\/jpeg"}],"twitter_card":"summary_large_image","twitter_misc":{"Est. reading time":"2 minutes"},"schema":{"@context":"https:\/\/schema.org","@graph":[{"@type":"WebPage","@id":"https:\/\/jaaaeg.ee\/en\/jaaaja-keskusest\/","url":"https:\/\/jaaaeg.ee\/en\/jaaaja-keskusest\/","name":"About Ice Age Centre - J\u00e4\u00e4aja Keskus","isPartOf":{"@id":"https:\/\/jaaaeg.ee\/ru\/#website"},"primaryImageOfPage":{"@id":"https:\/\/jaaaeg.ee\/en\/jaaaja-keskusest\/#primaryimage"},"image":{"@id":"https:\/\/jaaaeg.ee\/en\/jaaaja-keskusest\/#primaryimage"},"thumbnailUrl":"https:\/\/jaaaeg.ee\/wp-content\/uploads\/2018\/07\/aapl-scaled.jpg","datePublished":"2018-10-02T08:33:12+00:00","dateModified":"2023-06-09T14:13:12+00:00","description":"J\u00e4\u00e4aja Keskus on Tartumaal asuv kogu pere m\u00f5eldud p\u00f5nev elamuskeskus, kust leiavad avastamisr\u00f5\u00f5mus igas vanuses k\u00fclastajad.","breadcrumb":{"@id":"https:\/\/jaaaeg.ee\/en\/jaaaja-keskusest\/#breadcrumb"},"inLanguage":"en-US","potentialAction":[{"@type":"ReadAction","target":["https:\/\/jaaaeg.ee\/en\/jaaaja-keskusest\/"]}]},{"@type":"ImageObject","inLanguage":"en-US","@id":"https:\/\/jaaaeg.ee\/en\/jaaaja-keskusest\/#primaryimage","url":"https:\/\/jaaaeg.ee\/wp-content\/uploads\/2018\/07\/aapl-scaled.jpg","contentUrl":"https:\/\/jaaaeg.ee\/wp-content\/uploads\/2018\/07\/aapl-scaled.jpg","width":2560,"height":1707,"caption":"aapl scaled"},{"@type":"BreadcrumbList","@id":"https:\/\/jaaaeg.ee\/en\/jaaaja-keskusest\/#breadcrumb","itemListElement":[{"@type":"ListItem","position":1,"name":"Home","item":"https:\/\/jaaaeg.ee\/en\/"},{"@type":"ListItem","position":2,"name":"About Ice Age Centre"}]},{"@type":"WebSite","@id":"https:\/\/jaaaeg.ee\/ru\/#website","url":"https:\/\/jaaaeg.ee\/ru\/","name":"J\u00e4\u00e4aja Keskus","description":"avastamisr\u00f5\u00f5m igas vanuses k\u00fclastajatele","potentialAction":[{"@type":"SearchAction","target":{"@type":"EntryPoint","urlTemplate":"https:\/\/jaaaeg.ee\/ru\/?s={search_term_string}"},"query-input":{"@type":"PropertyValueSpecification","valueRequired":true,"valueName":"search_term_string"}}],"inLanguage":"en-US"}]}},"_links":{"self":[{"href":"https:\/\/jaaaeg.ee\/en\/wp-json\/wp\/v2\/pages\/1441","targetHints":{"allow":["GET"]}}],"collection":[{"href":"https:\/\/jaaaeg.ee\/en\/wp-json\/wp\/v2\/pages"}],"about":[{"href":"https:\/\/jaaaeg.ee\/en\/wp-json\/wp\/v2\/types\/page"}],"author":[{"embeddable":true,"href":"https:\/\/jaaaeg.ee\/en\/wp-json\/wp\/v2\/users\/1"}],"replies":[{"embeddable":true,"href":"https:\/\/jaaaeg.ee\/en\/wp-json\/wp\/v2\/comments?post=1441"}],"version-history":[{"count":8,"href":"https:\/\/jaaaeg.ee\/en\/wp-json\/wp\/v2\/pages\/1441\/revisions"}],"predecessor-version":[{"id":22628,"href":"https:\/\/jaaaeg.ee\/en\/wp-json\/wp\/v2\/pages\/1441\/revisions\/22628"}],"wp:featuredmedia":[{"embeddable":true,"href":"https:\/\/jaaaeg.ee\/en\/wp-json\/wp\/v2\/media\/1447"}],"wp:attachment":[{"href":"https:\/\/jaaaeg.ee\/en\/wp-json\/wp\/v2\/media?parent=1441"}],"curies":[{"name":"wp","href":"https:\/\/api.w.org\/{rel}","templated":true}]}}